{"id":1366,"date":"2021-12-17T10:56:16","date_gmt":"2021-12-17T10:56:16","guid":{"rendered":"https:\/\/new.thehealthyworker.co\/preguntas-frecuentes\/"},"modified":"2024-12-06T20:57:39","modified_gmt":"2024-12-06T20:57:39","slug":"preguntas-frecuentes","status":"publish","type":"page","link":"https:\/\/new.thehealthyworker.co\/es\/preguntas-frecuentes\/","title":{"rendered":"Preguntas frecuentes"},"content":{"rendered":"<h2>Preguntas frecuentes<\/h2>\n<div>\n<p>A continuaci\u00f3n, hemos compilado una lista de las preguntas m\u00e1s frecuentes sobre nuestros servicios cl\u00ednicos y otros servicios. \u00bfNo encuentra la respuesta que necesita? No hay problema. Comun\u00edquese con nosotros con sus preguntas para recibir una respuesta r\u00e1pida.<\/p>\n<\/div>\n<ul>\n<li>\n<h3>\u00bfC\u00f3mo se inscriben los empleadores en los servicios?<\/h3>\n<div>\n<p>Cont\u00e1ctenos para informarnos sus necesidades espec\u00edficas y cualquier otra informaci\u00f3n que necesite, y haremos todo lo posible para satisfacerlas y ayudarlo a establecer sus servicios de salud y lesiones para empleados.<\/p>\n<\/div>\n<\/li>\n<li>\n<h3>\u00bfTienen citas para tratamientos de lesiones sin cita previa?<\/h3>\n<div>\n<p>The Healthy Worker acepta pacientes sin cita previa durante toda la semana laboral. Para reclamos por lesiones nuevas, si a\u00fan no ha visto a otro proveedor (sala de emergencias, atenci\u00f3n de urgencia u otra cl\u00ednica de medicina ocupacional), ac\u00e9rquese antes de las 3:00 p. m. de lunes a viernes. Le recomendamos que llame con anticipaci\u00f3n y programe una cita para ahorrar tiempo de espera.<\/p>\n<\/div>\n<\/li>\n<li>\n<h3>Me lastim\u00e9 en el trabajo. \u00bfQu\u00e9 debo hacer?<\/h3>\n<div>\n<p>Cont\u00e1ctenos para programar una cita. \u00bfNecesita una cita el mismo d\u00eda? Aceptamos visitas sin cita previa antes de las 3:00 p. m. de lunes a viernes. Si tiene una emergencia m\u00e9dica, llame al 911 o vaya a la sala de emergencias m\u00e1s cercana.<\/p>\n<\/div>\n<\/li>\n<li>\n<h3>\u00bfQu\u00e9 tan pronto recibir\u00e9 los resultados del examen de drogas?<\/h3>\n<div>\n<ul>\n<li style=\"font-weight: 400;\" aria-level=\"1\"><span style=\"font-weight: 400;\">Resultados negativos: 24 a 48 horas<\/span><\/li>\n<li style=\"font-weight: 400;\" aria-level=\"1\"><span style=\"font-weight: 400;\">Resultados no negativos: normalmente, entre 3 y 5 d\u00edas h\u00e1biles<\/span><\/li>\n<\/ul>\n<\/div>\n<\/li>\n<li>\n<h3>\u00bfOfrecen pruebas de detecci\u00f3n de drogas supervisadas?<\/h3>\n<div>\n<p>S\u00ed, hemos observado los an\u00e1lisis de drogas de acuerdo con las normas de an\u00e1lisis de drogas aprobadas por el Departamento de Transporte de los EE. UU. (DOT). Estas normas permiten la recolecci\u00f3n de muestras observadas cuando se examina a los empleados para realizar an\u00e1lisis de drogas de seguimiento o para solicitar su reincorporaci\u00f3n al trabajo. Los an\u00e1lisis de drogas observados garantizan que el empleado proporcione su propia muestra. Comun\u00edquese con nosotros directamente para averiguar c\u00f3mo manejamos la naturaleza sensible de los an\u00e1lisis de drogas observados.<\/p>\n<\/div>\n<\/li>\n<li>\n<h3>\u00bfSe necesitan citas para los ex\u00e1menes de drogas?<\/h3>\n<div>\n<p>Si bien recomendamos hacer una cita para evitar largos tiempos de espera, aceptamos clientes que se presenten sin cita previa para el examen de detecci\u00f3n de drogas.<\/p>\n<\/div>\n<\/li>\n<li>\n<h3>\u00bfQu\u00e9 necesito para programar un examen f\u00edsico DOT?<\/h3>\n<div>\n<p>Traiga copias de cualquier informe relacionado con problemas m\u00e9dicos actuales, incluidos:<\/p>\n<ul>\n<li style=\"font-weight: 400;\" aria-level=\"1\">Apnea del sue\u00f1o: a\u00f1o completo de informes de CPAP<\/li>\n<li style=\"font-weight: 400;\" aria-level=\"1\">Diabetes: A1C (niveles de hemoglobina) tomados dentro de los 90 d\u00edas posteriores al examen f\u00edsico<\/li>\n<li style=\"font-weight: 400;\" aria-level=\"1\">Problemas card\u00edacos: autorizaci\u00f3n de un cardi\u00f3logo, \u00faltimos resultados de las pruebas<\/li>\n<li style=\"font-weight: 400;\" aria-level=\"1\">Problemas de visi\u00f3n: notas de visitas recientes y autorizaci\u00f3n de su oftalm\u00f3logo<\/li>\n<li style=\"font-weight: 400;\" aria-level=\"1\">Proporcione el nombre y la direcci\u00f3n del proveedor m\u00e9dico actual y una lista de todos los medicamentos actuales<\/li>\n<li style=\"font-weight: 400;\" aria-level=\"1\"><a href=\"https:\/\/www.fmcsa.dot.gov\/regulations\/medical\/vision-evaluation-report-form-mcsa-5871\">Formulario de informe de evaluaci\u00f3n de la vista<\/a><\/li>\n<li style=\"font-weight: 400;\" aria-level=\"1\"><a href=\"https:\/\/www.fmcsa.dot.gov\/regulations\/medical\/insulin-treated-diabetes-mellitus-assessment-form-mcsa-5870\">Formulario de evaluaci\u00f3n de diabetes tratada con insulina<\/a><\/li>\n<\/ul>\n<ul><\/ul>\n<\/div>\n<\/li>\n<li>\n<h3>\u00bfRealizan ex\u00e1menes f\u00edsicos privados?<\/h3>\n<div>\n<p>S\u00ed. Sin embargo, nuestro personal necesitar\u00e1 tiempo para revisar la documentaci\u00f3n antes de programar un examen f\u00edsico privado, por lo que debe comunicarse con nosotros al menos una semana antes de que necesite que se env\u00ede la documentaci\u00f3n. Los ex\u00e1menes f\u00edsicos muy b\u00e1sicos pueden abordarse en un per\u00edodo de tiempo m\u00e1s corto.<\/p>\n<\/div>\n<\/li>\n<li>\n<h3>\u00bfEl Trabajador Saludable ofrece vacunas?<\/h3>\n<div>\n<p>Las vacunas que ofrecemos incluyen:<\/p>\n<ul>\n<li style=\"font-weight: 400;\" aria-level=\"1\"><span style=\"font-weight: 400;\">Hepatitis A<\/span><\/li>\n<li style=\"font-weight: 400;\" aria-level=\"1\"><span style=\"font-weight: 400;\">Hepatitis B<\/span><\/li>\n<li style=\"font-weight: 400;\" aria-level=\"1\"><span style=\"font-weight: 400;\">TDAP (t\u00e9tanos, difteria y tos ferina)<\/span><\/li>\n<\/ul>\n<\/div>\n<\/li>\n<li>\n<h3>\u00bfQu\u00e9 t\u00edtulos de laboratorio ofrecen?<\/h3>\n<div>\n<p>Para los clientes que deseen mostrar evidencia de anticuerpos (para confirmar y evitar vacunas innecesarias), ofrecemos extracciones de sangre para:<\/p>\n<ul>\n<li style=\"font-weight: 400;\" aria-level=\"1\"><span style=\"font-weight: 400;\">Hepatitis A<\/span><\/li>\n<li style=\"font-weight: 400;\" aria-level=\"1\"><span style=\"font-weight: 400;\">Hepatitis B<\/span><\/li>\n<li style=\"font-weight: 400;\" aria-level=\"1\">Varicela<\/li>\n<li style=\"font-weight: 400;\" aria-level=\"1\"><span style=\"font-weight: 400;\">MMR (sarampi\u00f3n, paperas y rub\u00e9ola)<\/span><\/li>\n<\/ul>\n<\/div>\n<\/li>\n<li>\n<h3>\u00bfRealizan pruebas cut\u00e1neas de TB\/PPD?<\/h3>\n<div>\n<p>S\u00ed, realizamos pruebas cut\u00e1neas de TB\/PPD para detecci\u00f3n de tuberculosis los lunes, martes, mi\u00e9rcoles y viernes de 7 a. m. a 4 p. m. NO realizamos esta prueba los jueves, ya que la visita de seguimiento tendr\u00eda que ser el fin de semana.<\/p>\n<\/div>\n<\/li>\n<\/ul>\n<p><!--more--><br \/>\n<!-- {\"type\":\"layout\",\"children\":[{\"type\":\"section\",\"props\":{\"class\":\"ws-medical-banner\",\"image\":\"wp-content\\\/uploads\\\/2022\\\/04\\\/FAQ-Banner-Updated-01.png\",\"image_position\":\"center-center\",\"image_size\":\"cover\",\"media_overlay\":\"rgba(25, 25, 25, 0.5)\",\"padding\":\"large\",\"style\":\"default\",\"title_breakpoint\":\"xl\",\"title_position\":\"top-left\",\"title_rotation\":\"left\",\"vertical_align\":\"\",\"width\":\"large\"},\"children\":[{\"type\":\"row\",\"children\":[{\"type\":\"column\",\"props\":{\"image_position\":\"center-center\",\"position_sticky_breakpoint\":\"m\"},\"children\":[{\"type\":\"headline\",\"props\":{\"content\":\"Preguntas frecuentes\",\"text_align\":\"center\",\"title_element\":\"h2\"}},{\"type\":\"text\",\"props\":{\"block_align\":\"center\",\"column_breakpoint\":\"m\",\"content\":\"\n\n<p>A continuaci\\u00f3n, hemos compilado una lista de las preguntas m\\u00e1s frecuentes sobre nuestros servicios cl\\u00ednicos y otros servicios. \\u00bfNo encuentra la respuesta que necesita? No hay problema. Comun\\u00edquese con nosotros con sus preguntas para recibir una respuesta r\\u00e1pida.<\\\/p>\",\"margin\":\"default\",\"maxwidth\":\"xlarge\",\"text_align\":\"center\"}}]}]}],\"modified\":\"2021-12-20T18:37:47.600Z\",\"name\":\"top-banner\"},{\"type\":\"section\",\"props\":{\"class\":\"ws-home-top-banner-button\",\"image_position\":\"center-center\",\"padding\":\"none\",\"status\":\"disabled\",\"style\":\"default\",\"title_breakpoint\":\"xl\",\"title_position\":\"top-left\",\"title_rotation\":\"left\",\"vertical_align\":\"\",\"width\":\"large\"},\"children\":[{\"type\":\"row\",\"children\":[{\"type\":\"column\",\"props\":{\"image_position\":\"center-center\",\"position_sticky_breakpoint\":\"m\"},\"children\":[{\"type\":\"button\",\"props\":{\"class\":\"ws-home-top-banner-button-item\",\"grid_column_gap\":\"small\",\"grid_row_gap\":\"small\",\"margin\":\"default\"},\"children\":[{\"type\":\"button_item\",\"props\":{\"button_style\":\"primary\",\"content\":\"Schedule An Appointment\",\"icon_align\":\"left\",\"link\":\"#\",\"link_title\":\"Schedule An Appointment\"}}]}]}]}],\"modified\":\"2021-12-28T13:05:18.819Z\",\"name\":\"banner-button\"},{\"type\":\"section\",\"props\":{\"image_position\":\"center-center\",\"style\":\"default\",\"title_breakpoint\":\"xl\",\"title_position\":\"top-left\",\"title_rotation\":\"left\",\"vertical_align\":\"\",\"width\":\"large\"},\"children\":[{\"type\":\"row\",\"children\":[{\"type\":\"column\",\"props\":{\"image_position\":\"center-center\",\"position_sticky_breakpoint\":\"m\"},\"children\":[{\"type\":\"accordion\",\"props\":{\"class\":\"ws-faq-accordion\",\"collapsible\":true,\"content_column_breakpoint\":\"m\",\"image_align\":\"top\",\"image_grid_breakpoint\":\"m\",\"image_grid_width\":\"1-2\",\"image_svg_color\":\"emphasis\",\"link_style\":\"default\",\"link_text\":\"Read more\",\"show_image\":true,\"show_link\":true},\"children\":[{\"type\":\"accordion_item\",\"props\":{\"content\":\"\n\n<p>Cont\\u00e1ctenos para informarnos sus necesidades espec\\u00edficas y cualquier otra informaci\\u00f3n que necesite, y haremos todo lo posible para satisfacerlas y ayudarlo a establecer sus servicios de salud y lesiones para empleados.<\\\/p>\",\"title\":\"\\u00bfC\\u00f3mo se inscriben los empleadores en los servicios?\"}},{\"type\":\"accordion_item\",\"props\":{\"content\":\"\n\n<p>The Healthy Worker acepta pacientes sin cita previa durante toda la semana laboral. Para reclamos por lesiones nuevas, si a\\u00fan no ha visto a otro proveedor (sala de emergencias, atenci\\u00f3n de urgencia u otra cl\\u00ednica de medicina ocupacional), ac\\u00e9rquese antes de las 3:00 p. m. de lunes a viernes. Le recomendamos que llame con anticipaci\\u00f3n y programe una cita para ahorrar tiempo de espera.<\\\/p>\",\"title\":\"\\u00bfTienen citas para tratamientos de lesiones sin cita previa?\"}},{\"type\":\"accordion_item\",\"props\":{\"content\":\"\n\n<p>Cont\\u00e1ctenos para programar una cita. \\u00bfNecesita una cita el mismo d\\u00eda? Aceptamos visitas sin cita previa antes de las 3:00 p. m. de lunes a viernes. Si tiene una emergencia m\\u00e9dica, llame al 911 o vaya a la sala de emergencias m\\u00e1s cercana.<\\\/p>\",\"title\":\"Me lastim\\u00e9 en el trabajo. \\u00bfQu\\u00e9 debo hacer?\"}},{\"type\":\"accordion_item\",\"props\":{\"content\":\"\n\n<ul>\\n\n\n<li style=\\\"font-weight: 400;\\\" aria-level=\\\"1\\\"><span style=\\\"font-weight: 400;\\\">Resultados negativos: 24 a 48 horas<\\\/span><\\\/li>\\n\n\n<li style=\\\"font-weight: 400;\\\" aria-level=\\\"1\\\"><span style=\\\"font-weight: 400;\\\">Resultados no negativos: normalmente, entre 3 y 5 d\\u00edas h\\u00e1biles<\\\/span><\\\/li>\\n<\\\/ul>\",\"title\":\"\\u00bfQu\\u00e9 tan pronto recibir\\u00e9 los resultados del examen de drogas?\"}},{\"type\":\"accordion_item\",\"props\":{\"content\":\"\n\n<p>S\\u00ed, hemos observado los an\\u00e1lisis de drogas de acuerdo con las normas de an\\u00e1lisis de drogas aprobadas por el Departamento de Transporte de los EE. UU. (DOT). Estas normas permiten la recolecci\\u00f3n de muestras observadas cuando se examina a los empleados para realizar an\\u00e1lisis de drogas de seguimiento o para solicitar su reincorporaci\\u00f3n al trabajo. Los an\\u00e1lisis de drogas observados garantizan que el empleado proporcione su propia muestra. Comun\\u00edquese con nosotros directamente para averiguar c\\u00f3mo manejamos la naturaleza sensible de los an\\u00e1lisis de drogas observados.<\\\/p>\",\"title\":\"\\u00bfOfrecen pruebas de detecci\\u00f3n de drogas supervisadas?\"}},{\"type\":\"accordion_item\",\"props\":{\"content\":\"\n\n<p>Si bien recomendamos hacer una cita para evitar largos tiempos de espera, aceptamos clientes que se presenten sin cita previa para el examen de detecci\\u00f3n de drogas.<\\\/p>\",\"title\":\"\\u00bfSe necesitan citas para los ex\\u00e1menes de drogas?\"}},{\"type\":\"accordion_item\",\"props\":{\"content\":\"\n\n<p>Traiga copias de cualquier informe relacionado con problemas m\\u00e9dicos actuales, incluidos:<\\\/p>\\n\n\n<ul>\\n\n\n<li style=\\\"font-weight: 400;\\\" aria-level=\\\"1\\\">Apnea del sue\\u00f1o: a\\u00f1o completo de informes de CPAP<\\\/li>\\n\n\n<li style=\\\"font-weight: 400;\\\" aria-level=\\\"1\\\">Diabetes: A1C (niveles de hemoglobina) tomados dentro de los 90 d\\u00edas posteriores al examen f\\u00edsico<\\\/li>\\n\n\n<li style=\\\"font-weight: 400;\\\" aria-level=\\\"1\\\">Problemas card\\u00edacos: autorizaci\\u00f3n de un cardi\\u00f3logo, \\u00faltimos resultados de las pruebas<\\\/li>\\n\n\n<li style=\\\"font-weight: 400;\\\" aria-level=\\\"1\\\">Problemas de visi\\u00f3n: notas de visitas recientes y autorizaci\\u00f3n de su oftalm\\u00f3logo<\\\/li>\\n\n\n<li style=\\\"font-weight: 400;\\\" aria-level=\\\"1\\\">Proporcione el nombre y la direcci\\u00f3n del proveedor m\\u00e9dico actual y una lista de todos los medicamentos actuales<\\\/li>\\n\n\n<li style=\\\"font-weight: 400;\\\" aria-level=\\\"1\\\"><a href=\\\"https:\\\/\\\/www.fmcsa.dot.gov\\\/regulations\\\/medical\\\/vision-evaluation-report-form-mcsa-5871\\\">Formulario de informe de evaluaci\\u00f3n de la vista<\\\/a><\\\/li>\\n\n\n<li style=\\\"font-weight: 400;\\\" aria-level=\\\"1\\\"><a href=\\\"https:\\\/\\\/www.fmcsa.dot.gov\\\/regulations\\\/medical\\\/insulin-treated-diabetes-mellitus-assessment-form-mcsa-5870\\\">Formulario de evaluaci\\u00f3n de diabetes tratada con insulina<\\\/a><\\\/li>\\n<\\\/ul>\\n\n\n<ul><\\\/ul>\",\"title\":\"\\u00bfQu\\u00e9 necesito para programar un examen f\\u00edsico DOT?\"}},{\"type\":\"accordion_item\",\"props\":{\"content\":\"\n\n<p>S\\u00ed. Sin embargo, nuestro personal necesitar\\u00e1 tiempo para revisar la documentaci\\u00f3n antes de programar un examen f\\u00edsico privado, por lo que debe comunicarse con nosotros al menos una semana antes de que necesite que se env\\u00ede la documentaci\\u00f3n. Los ex\\u00e1menes f\\u00edsicos muy b\\u00e1sicos pueden abordarse en un per\\u00edodo de tiempo m\\u00e1s corto.<\\\/p>\",\"title\":\"\\u00bfRealizan ex\\u00e1menes f\\u00edsicos privados?\"}},{\"type\":\"accordion_item\",\"props\":{\"content\":\"\n\n<p>Las vacunas que ofrecemos incluyen:<\\\/p>\\n\n\n<ul>\\n\n\n<li style=\\\"font-weight: 400;\\\" aria-level=\\\"1\\\"><span style=\\\"font-weight: 400;\\\">Hepatitis A<\\\/span><\\\/li>\\n\n\n<li style=\\\"font-weight: 400;\\\" aria-level=\\\"1\\\"><span style=\\\"font-weight: 400;\\\">Hepatitis B<\\\/span><\\\/li>\\n\n\n<li style=\\\"font-weight: 400;\\\" aria-level=\\\"1\\\"><span style=\\\"font-weight: 400;\\\">TDAP (t\\u00e9tanos, difteria y tos ferina)<\\\/span><\\\/li>\\n<\\\/ul>\",\"title\":\"\\u00bfEl Trabajador Saludable ofrece vacunas?\"}},{\"type\":\"accordion_item\",\"props\":{\"content\":\"\n\n<p>Para los clientes que deseen mostrar evidencia de anticuerpos (para confirmar y evitar vacunas innecesarias), ofrecemos extracciones de sangre para:<\\\/p>\\n\n\n<ul>\\n\n\n<li style=\\\"font-weight: 400;\\\" aria-level=\\\"1\\\"><span style=\\\"font-weight: 400;\\\">Hepatitis A<\\\/span><\\\/li>\\n\n\n<li style=\\\"font-weight: 400;\\\" aria-level=\\\"1\\\"><span style=\\\"font-weight: 400;\\\">Hepatitis B<\\\/span><\\\/li>\\n\n\n<li style=\\\"font-weight: 400;\\\" aria-level=\\\"1\\\">Varicela<\\\/li>\\n\n\n<li style=\\\"font-weight: 400;\\\" aria-level=\\\"1\\\"><span style=\\\"font-weight: 400;\\\">MMR (sarampi\\u00f3n, paperas y rub\\u00e9ola)<\\\/span><\\\/li>\\n<\\\/ul>\",\"title\":\"\\u00bfQu\\u00e9 t\\u00edtulos de laboratorio ofrecen?\"}},{\"type\":\"accordion_item\",\"props\":{\"content\":\"\n\n<p>S\\u00ed, realizamos pruebas cut\\u00e1neas de TB\\\/PPD para detecci\\u00f3n de tuberculosis los lunes, martes, mi\\u00e9rcoles y viernes de 7 a. m. a 4 p. m. NO realizamos esta prueba los jueves, ya que la visita de seguimiento tendr\\u00eda que ser el fin de semana.<\\\/p>\",\"title\":\"\\u00bfRealizan pruebas cut\\u00e1neas de TB\\\/PPD?\"}}]}]}]}]},{\"type\":\"section\",\"props\":{\"class\":\"ws-faq-loadmore\",\"image_position\":\"center-center\",\"padding\":\"xsmall\",\"status\":\"disabled\",\"style\":\"primary\",\"title_breakpoint\":\"xl\",\"title_position\":\"top-left\",\"title_rotation\":\"left\",\"vertical_align\":\"\",\"width\":\"default\"},\"children\":[{\"type\":\"row\",\"children\":[{\"type\":\"column\",\"props\":{\"image_position\":\"center-center\",\"position_sticky_breakpoint\":\"m\"},\"children\":[{\"type\":\"headline\",\"props\":{\"content\":\"<a href=\\\"#\\\">load more<\\\/a>\",\"text_align\":\"center\",\"title_element\":\"h5\",\"title_style\":\"text-lead\"}}]}]}]}],\"version\":\"4.4.16\"} --><\/p>\n","protected":false},"excerpt":{"rendered":"<p>Preguntas frecuentes A continuaci\u00f3n, hemos compilado una lista de las preguntas m\u00e1s frecuentes sobre nuestros servicios cl\u00ednicos y otros servicios. \u00bfNo encuentra la respuesta que necesita? No hay problema. Comun\u00edquese con nosotros con sus preguntas para recibir una respuesta r\u00e1pida. \u00bfC\u00f3mo se inscriben los empleadores en los servicios? Cont\u00e1ctenos para informarnos sus necesidades espec\u00edficas y [&hellip;]<\/p>\n","protected":false},"author":1,"featured_media":0,"parent":0,"menu_order":0,"comment_status":"closed","ping_status":"closed","template":"","meta":{"footnotes":""},"class_list":["post-1366","page","type-page","status-publish","hentry"],"yoast_head":"<!-- This site is optimized with the Yoast SEO plugin v27.4 - https:\/\/yoast.com\/product\/yoast-seo-wordpress\/ -->\n<title>Preguntas frecuentes | El trabajador sano | 509-895-7340<\/title>\n<meta name=\"description\" content=\"M\u00e1s informaci\u00f3n sobre El Trabajador Sano, nuestro trabajo cl\u00ednico y otros servicios. Ponte en contacto hoy mismo si tienes m\u00e1s preguntas.\" \/>\n<meta name=\"robots\" content=\"index, follow, max-snippet:-1, max-image-preview:large, max-video-preview:-1\" \/>\n<link rel=\"canonical\" href=\"https:\/\/new.thehealthyworker.co\/es\/preguntas-frecuentes\/\" \/>\n<meta property=\"og:locale\" content=\"es_ES\" \/>\n<meta property=\"og:type\" content=\"article\" \/>\n<meta property=\"og:title\" content=\"Preguntas frecuentes | El trabajador sano | 509-895-7340\" \/>\n<meta property=\"og:description\" content=\"M\u00e1s informaci\u00f3n sobre El Trabajador Sano, nuestro trabajo cl\u00ednico y otros servicios. Ponte en contacto hoy mismo si tienes m\u00e1s preguntas.\" \/>\n<meta property=\"og:url\" content=\"https:\/\/new.thehealthyworker.co\/es\/preguntas-frecuentes\/\" \/>\n<meta property=\"og:site_name\" content=\"WSI Action Hosting - new.thehealthyworker.co\" \/>\n<meta property=\"article:modified_time\" content=\"2024-12-06T20:57:39+00:00\" \/>\n<meta name=\"twitter:card\" content=\"summary_large_image\" \/>\n<meta name=\"twitter:label1\" content=\"Tiempo de lectura\" \/>\n\t<meta name=\"twitter:data1\" content=\"3 minutos\" \/>\n<script type=\"application\/ld+json\" class=\"yoast-schema-graph\">{\"@context\":\"https:\\\/\\\/schema.org\",\"@graph\":[{\"@type\":\"WebPage\",\"@id\":\"https:\\\/\\\/new.thehealthyworker.co\\\/es\\\/preguntas-frecuentes\\\/\",\"url\":\"https:\\\/\\\/new.thehealthyworker.co\\\/es\\\/preguntas-frecuentes\\\/\",\"name\":\"Preguntas frecuentes | El trabajador sano | 509-895-7340\",\"isPartOf\":{\"@id\":\"https:\\\/\\\/new.thehealthyworker.co\\\/es\\\/#website\"},\"datePublished\":\"2021-12-17T10:56:16+00:00\",\"dateModified\":\"2024-12-06T20:57:39+00:00\",\"description\":\"M\u00e1s informaci\u00f3n sobre El Trabajador Sano, nuestro trabajo cl\u00ednico y otros servicios. Ponte en contacto hoy mismo si tienes m\u00e1s preguntas.\",\"breadcrumb\":{\"@id\":\"https:\\\/\\\/new.thehealthyworker.co\\\/es\\\/preguntas-frecuentes\\\/#breadcrumb\"},\"inLanguage\":\"es\",\"potentialAction\":[{\"@type\":\"ReadAction\",\"target\":[\"https:\\\/\\\/new.thehealthyworker.co\\\/es\\\/preguntas-frecuentes\\\/\"]}]},{\"@type\":\"BreadcrumbList\",\"@id\":\"https:\\\/\\\/new.thehealthyworker.co\\\/es\\\/preguntas-frecuentes\\\/#breadcrumb\",\"itemListElement\":[{\"@type\":\"ListItem\",\"position\":1,\"name\":\"Home\",\"item\":\"https:\\\/\\\/new.thehealthyworker.co\\\/es\\\/inicio\\\/\"},{\"@type\":\"ListItem\",\"position\":2,\"name\":\"Preguntas frecuentes\"}]},{\"@type\":\"WebSite\",\"@id\":\"https:\\\/\\\/new.thehealthyworker.co\\\/es\\\/#website\",\"url\":\"https:\\\/\\\/new.thehealthyworker.co\\\/es\\\/\",\"name\":\"WSI Action Hosting - new.thehealthyworker.co\",\"description\":\"Google Web Host\",\"potentialAction\":[{\"@type\":\"SearchAction\",\"target\":{\"@type\":\"EntryPoint\",\"urlTemplate\":\"https:\\\/\\\/new.thehealthyworker.co\\\/es\\\/?s={search_term_string}\"},\"query-input\":{\"@type\":\"PropertyValueSpecification\",\"valueRequired\":true,\"valueName\":\"search_term_string\"}}],\"inLanguage\":\"es\"}]}<\/script>\n<!-- \/ Yoast SEO plugin. -->","yoast_head_json":{"title":"Preguntas frecuentes | El trabajador sano | 509-895-7340","description":"M\u00e1s informaci\u00f3n sobre El Trabajador Sano, nuestro trabajo cl\u00ednico y otros servicios. Ponte en contacto hoy mismo si tienes m\u00e1s preguntas.","robots":{"index":"index","follow":"follow","max-snippet":"max-snippet:-1","max-image-preview":"max-image-preview:large","max-video-preview":"max-video-preview:-1"},"canonical":"https:\/\/new.thehealthyworker.co\/es\/preguntas-frecuentes\/","og_locale":"es_ES","og_type":"article","og_title":"Preguntas frecuentes | El trabajador sano | 509-895-7340","og_description":"M\u00e1s informaci\u00f3n sobre El Trabajador Sano, nuestro trabajo cl\u00ednico y otros servicios. Ponte en contacto hoy mismo si tienes m\u00e1s preguntas.","og_url":"https:\/\/new.thehealthyworker.co\/es\/preguntas-frecuentes\/","og_site_name":"WSI Action Hosting - new.thehealthyworker.co","article_modified_time":"2024-12-06T20:57:39+00:00","twitter_card":"summary_large_image","twitter_misc":{"Tiempo de lectura":"3 minutos"},"schema":{"@context":"https:\/\/schema.org","@graph":[{"@type":"WebPage","@id":"https:\/\/new.thehealthyworker.co\/es\/preguntas-frecuentes\/","url":"https:\/\/new.thehealthyworker.co\/es\/preguntas-frecuentes\/","name":"Preguntas frecuentes | El trabajador sano | 509-895-7340","isPartOf":{"@id":"https:\/\/new.thehealthyworker.co\/es\/#website"},"datePublished":"2021-12-17T10:56:16+00:00","dateModified":"2024-12-06T20:57:39+00:00","description":"M\u00e1s informaci\u00f3n sobre El Trabajador Sano, nuestro trabajo cl\u00ednico y otros servicios. Ponte en contacto hoy mismo si tienes m\u00e1s preguntas.","breadcrumb":{"@id":"https:\/\/new.thehealthyworker.co\/es\/preguntas-frecuentes\/#breadcrumb"},"inLanguage":"es","potentialAction":[{"@type":"ReadAction","target":["https:\/\/new.thehealthyworker.co\/es\/preguntas-frecuentes\/"]}]},{"@type":"BreadcrumbList","@id":"https:\/\/new.thehealthyworker.co\/es\/preguntas-frecuentes\/#breadcrumb","itemListElement":[{"@type":"ListItem","position":1,"name":"Home","item":"https:\/\/new.thehealthyworker.co\/es\/inicio\/"},{"@type":"ListItem","position":2,"name":"Preguntas frecuentes"}]},{"@type":"WebSite","@id":"https:\/\/new.thehealthyworker.co\/es\/#website","url":"https:\/\/new.thehealthyworker.co\/es\/","name":"WSI Action Hosting - new.thehealthyworker.co","description":"Google Web Host","potentialAction":[{"@type":"SearchAction","target":{"@type":"EntryPoint","urlTemplate":"https:\/\/new.thehealthyworker.co\/es\/?s={search_term_string}"},"query-input":{"@type":"PropertyValueSpecification","valueRequired":true,"valueName":"search_term_string"}}],"inLanguage":"es"}]}},"_links":{"self":[{"href":"https:\/\/new.thehealthyworker.co\/es\/wp-json\/wp\/v2\/pages\/1366","targetHints":{"allow":["GET"]}}],"collection":[{"href":"https:\/\/new.thehealthyworker.co\/es\/wp-json\/wp\/v2\/pages"}],"about":[{"href":"https:\/\/new.thehealthyworker.co\/es\/wp-json\/wp\/v2\/types\/page"}],"author":[{"embeddable":true,"href":"https:\/\/new.thehealthyworker.co\/es\/wp-json\/wp\/v2\/users\/1"}],"replies":[{"embeddable":true,"href":"https:\/\/new.thehealthyworker.co\/es\/wp-json\/wp\/v2\/comments?post=1366"}],"version-history":[{"count":1,"href":"https:\/\/new.thehealthyworker.co\/es\/wp-json\/wp\/v2\/pages\/1366\/revisions"}],"predecessor-version":[{"id":1424,"href":"https:\/\/new.thehealthyworker.co\/es\/wp-json\/wp\/v2\/pages\/1366\/revisions\/1424"}],"wp:attachment":[{"href":"https:\/\/new.thehealthyworker.co\/es\/wp-json\/wp\/v2\/media?parent=1366"}],"curies":[{"name":"wp","href":"https:\/\/api.w.org\/{rel}","templated":true}]}}