{"id":1364,"date":"2021-05-21T05:41:19","date_gmt":"2021-05-21T05:41:19","guid":{"rendered":"https:\/\/new.thehealthyworker.co\/inicio\/"},"modified":"2024-12-06T19:56:38","modified_gmt":"2024-12-06T19:56:38","slug":"inicio","status":"publish","type":"page","link":"https:\/\/new.thehealthyworker.co\/es\/","title":{"rendered":"Inicio"},"content":{"rendered":"<h1>El Trabajador Saludable<\/h1>\n<div>\n<h6>Atendemos a clientes corporativos e individuales en el valle de Yakima<\/h6>\n<\/div>\n<p>\n    <a href=\"tel:5098957340\">Llama Ahora<\/a>\n<\/p>\n<ul>\n<li>\n<h6>Atenci\u00f3n de lesiones laborales<\/h6>\n<div>\n<p>Ofrecemos tratamiento para todas las lesiones y enfermedades relacionadas con el trabajo. Esto incluye el tratamiento inicial sin cita previa y la atenci\u00f3n de seguimiento en la sala de emergencias.<\/p>\n<\/div>\n<p><a href=\"https:\/\/new.thehealthyworker.co\/es\/atencion-a-las-lesiones\/\">Leer m\u00e1s<\/a><\/p>\n<\/li>\n<li>\n<h6>Examen m\u00e9dico<\/h6>\n<div>\n<p>Ofrecemos una variedad de servicios de ex\u00e1menes m\u00e9dicos. Esto incluye ex\u00e1menes DOT para conductores comerciales y ex\u00e1menes f\u00edsicos para empleadores. \u00bfQuiere saber si sus trabajadores est\u00e1n listos para reanudar los rigores de sus trabajos? Podemos ayudar. Nuestro personal m\u00e9dico tambi\u00e9n brinda revisi\u00f3n de la certificaci\u00f3n de protecci\u00f3n respiratoria.<\/p>\n<\/div>\n<p><a href=\"https:\/\/new.thehealthyworker.co\/es\/reconocimientos-medicos\/\">Leer m\u00e1s<\/a><\/p>\n<\/li>\n<li>\n<h6>Servicios Cl\u00ednicos<\/h6>\n<div>\n<p>Desde pruebas de audici\u00f3n hasta extracciones y monitoreo de sangre para detectar colinesterasa, The Healthy Worker ofrece numerosos servicios cl\u00ednicos. Estos incluyen radiograf\u00edas, an\u00e1lisis de laboratorio, vacunas, audiogramas y m\u00e1s. <a href=\"https:\/\/new.thehealthyworker.co\/es\/servicios-clinicos\/\">Vea una lista completa de nuestros servicios<\/a> cl\u00ednicos para empleadores y residentes de Yakima.<\/p>\n<\/div>\n<p><a href=\"https:\/\/new.thehealthyworker.co\/es\/servicios-clinicos\/\">Leer m\u00e1s<\/a><\/p>\n<\/li>\n<li>\n<h6>Evaluaci\u00f3n y Capacitaci\u00f3n<\/h6>\n<div>\n<p>Tambi\u00e9n ofrecemos evaluaci\u00f3n y capacitaci\u00f3n sobre una amplia variedad de temas. Desde protecci\u00f3n respiratoria hasta asesoramiento sobre MSDS y capacitaci\u00f3n para supervisores del DOT. \u00bfNecesita evaluaciones ergon\u00f3micas en el lugar de trabajo o evaluaciones de salud y bienestar? <a href=\"https:\/\/new.thehealthyworker.co\/es\/servicios-dedicados\/\">Consulte nuestra oferta de servicios completos.<\/a><\/p>\n<\/div>\n<p><a href=\"https:\/\/new.thehealthyworker.co\/es\/servicios-dedicados\/\">Leer m\u00e1s<\/a><\/p>\n<\/li>\n<li>\n<h6>Pruebas de drogas y alcohol<\/h6>\n<div>\n<p>Existen muchas razones por las que puede querer realizar pruebas de detecci\u00f3n de drogas y alcohol a sus empleados. Ya sea para prevenir problemas futuros o para cumplir con la pol\u00edtica de tolerancia cero de su empresa, ofrecemos servicios de detecci\u00f3n profesionales y compasivos.<\/p>\n<\/div>\n<p><a href=\"https:\/\/new.thehealthyworker.co\/es\/pruebas-de-drogas-y-alcohol\/\">Leer m\u00e1s<\/a><\/p>\n<\/li>\n<\/ul>\n<h3>\u00bfPor qu\u00e9 elegirnos?<\/h3>\n<div>\n<p>Bienvenido a The Healthy Worker, la principal cl\u00ednica de medicina ocupacional de Yakima. Brindamos servicios cl\u00ednicos a empresas e individuos en todo el valle de Yakima.<\/p>\n<p>Nuestra fundadora, Betty Ann Cohen, M.D., M.P.H., comenz\u00f3 The Healthy Worker como una plataforma para brindar los mejores servicios de su clase a nuestros clientes. Complet\u00f3 su programa acad\u00e9mico de Maestr\u00eda en Salud P\u00fablica y Residencia en Medicina Ocupacional y Ambiental en la Facultad de Salud P\u00fablica de la Universidad de Harvard. La Dra. Cohen ha ejercido en el valle de Yakima desde 2004 y aporta credenciales \u00fanicas como m\u00e9dica ocupacional certificada por la junta y capacitada en residencia. Tiene una amplia experiencia en las siguientes especialidades: Medicina interna, Medicina de emergencia y Medicina ocupacional.<\/p>\n<\/div>\n<p>\n    <a href=\"https:\/\/new.thehealthyworker.co\/es\/servicios-dedicados\/\">Explorar ahora<\/a>\n<\/p>\n<p><img decoding=\"async\" src=\"\/wp-content\/uploads\/2021\/12\/logo.png\" alt=\"\"><br \/>\n<img decoding=\"async\" src=\"\/wp-content\/uploads\/2022\/04\/WhyChooseUs-HomePage-Image-01.png\" alt=\"\"><br \/>\n<img decoding=\"async\" src=\"\/wp-content\/uploads\/2022\/07\/meet-providers-home-page-1-01.png\" alt=\"\"><\/p>\n<h3>Conozca a nuestros proveedores<\/h3>\n<div>\n<p>Dr. Betty Ann Cohen, fundadora de The Healthy Worker, ha recibido formaci\u00f3n especializada en Medicina Ambiental Ocupacional y Medicina Interna.<\/p>\n<p>Dr. Anthony Norman ha recibido formaci\u00f3n especializada en Medicina y Cirug\u00eda Ambiental Ocupacional.<\/p>\n<\/div>\n<p>\n    <a href=\"https:\/\/new.thehealthyworker.co\/es\/proveedores-medicos\/\">M\u00e1s sobre nuestros proveedores<\/a>\n<\/p>\n<div>\n<p><iframe width=\"100%\" height=\"355\" style=\"border: 0;\" src=\"https:\/\/www.google.com\/maps\/embed?pb=!1m18!1m12!1m3!1d1924954.2097560868!2d-122.17421614000287!3d47.46728890739288!2m3!1f0!2f0!3f0!3m2!1i1024!2i768!4f13.1!3m3!1m2!1s0x5485e5ffe7c3b0f9%3A0x944278686c5ff3ba!2sWashington%2C%20USA!5e0!3m2!1sen!2sua!4v1639740973614!5m2!1sen!2sua\" allowfullscreen=\"allowfullscreen\" loading=\"lazy\"><\/iframe><\/p>\n<\/div>\n<p><!--more--><br \/>\n<!-- {\"type\":\"layout\",\"children\":[{\"type\":\"section\",\"props\":{\"class\":\"ws-home-top-banner\",\"image\":\"wp-content\\\/uploads\\\/2023\\\/10\\\/newhealthyworker-heroimage.png\",\"image_position\":\"center-center\",\"image_size\":\"cover\",\"media_background\":\"rgba(25, 25, 25, 0)\",\"media_overlay\":\"rgba(25, 25, 25, 0.5)\",\"padding\":\"xlarge\",\"style\":\"default\",\"title_breakpoint\":\"xl\",\"title_position\":\"top-left\",\"title_rotation\":\"left\",\"vertical_align\":\"\",\"width\":\"xlarge\"},\"children\":[{\"type\":\"row\",\"children\":[{\"type\":\"column\",\"props\":{\"image_position\":\"center-center\",\"position_sticky_breakpoint\":\"m\"},\"children\":[{\"type\":\"headline\",\"props\":{\"content\":\"El Trabajador Saludable\",\"text_align\":\"center\",\"title_element\":\"h1\"}},{\"type\":\"text\",\"props\":{\"block_align\":\"center\",\"column_breakpoint\":\"m\",\"content\":\"\n\n<h6>Atendemos a clientes corporativos e individuales en el valle de Yakima<\\\/h6>\",\"margin\":\"default\",\"maxwidth\":\"2xlarge\",\"text_align\":\"center\"}},{\"type\":\"button\",\"props\":{\"class\":\"ws-home-top-banner-content-button\",\"grid_column_gap\":\"small\",\"grid_row_gap\":\"small\",\"margin\":\"default\",\"text_align\":\"center\"},\"children\":[{\"type\":\"button_item\",\"props\":{\"button_style\":\"danger\",\"content\":\"Llama Ahora\",\"icon_align\":\"left\",\"link\":\"tel:5098957340\"}}]}]}]}]},{\"type\":\"section\",\"props\":{\"class\":\"ws-home-top-banner-button\",\"image_position\":\"center-center\",\"padding\":\"none\",\"status\":\"disabled\",\"style\":\"default\",\"title_breakpoint\":\"xl\",\"title_position\":\"top-left\",\"title_rotation\":\"left\",\"vertical_align\":\"\",\"width\":\"large\"},\"children\":[{\"type\":\"row\",\"children\":[{\"type\":\"column\",\"props\":{\"image_position\":\"center-center\",\"position_sticky_breakpoint\":\"m\"},\"children\":[{\"type\":\"button\",\"props\":{\"class\":\"ws-home-top-banner-button-item\",\"grid_column_gap\":\"small\",\"grid_row_gap\":\"small\",\"margin\":\"default\"},\"children\":[{\"type\":\"button_item\",\"props\":{\"button_style\":\"primary\",\"content\":\"Schedule An Appointment\",\"icon_align\":\"left\",\"link\":\"#\",\"link_title\":\"Schedule Our Appointment\"}}]}]}]}]},{\"type\":\"section\",\"props\":{\"image_position\":\"center-center\",\"padding\":\"large\",\"style\":\"default\",\"title_breakpoint\":\"xl\",\"title_position\":\"top-left\",\"title_rotation\":\"left\",\"vertical_align\":\"\",\"width\":\"large\"},\"children\":[{\"type\":\"row\",\"children\":[{\"type\":\"column\",\"props\":{\"image_position\":\"center-center\",\"position_sticky_breakpoint\":\"m\"},\"children\":[{\"type\":\"grid\",\"props\":{\"class\":\"ws-home-grid\",\"content_column_breakpoint\":\"m\",\"content_margin\":\"small\",\"content_style\":\"heading-large\",\"filter_align\":\"left\",\"filter_all\":true,\"filter_grid_breakpoint\":\"m\",\"filter_grid_width\":\"auto\",\"filter_position\":\"top\",\"filter_style\":\"tab\",\"grid_default\":\"2\",\"grid_large\":\"3\",\"grid_medium\":\"4\",\"icon_width\":80,\"image_align\":\"top\",\"image_grid_breakpoint\":\"m\",\"image_grid_width\":\"1-2\",\"image_svg_color\":\"emphasis\",\"item_animation\":true,\"link_fullwidth\":true,\"link_style\":\"default\",\"link_text\":\"Read more\",\"margin\":\"default\",\"meta_align\":\"below-title\",\"meta_element\":\"div\",\"meta_style\":\"text-meta\",\"panel_padding\":\"small\",\"parallax_easing\":\"1\",\"show_content\":true,\"show_image\":true,\"show_link\":true,\"show_meta\":true,\"show_title\":true,\"title_align\":\"top\",\"title_element\":\"h6\",\"title_grid_breakpoint\":\"m\",\"title_grid_width\":\"1-2\",\"title_hover_style\":\"reset\",\"title_margin\":\"remove\"},\"children\":[{\"type\":\"grid_item\",\"props\":{\"content\":\"\n\n<p>Ofrecemos tratamiento para todas las lesiones y enfermedades relacionadas con el trabajo. Esto incluye el tratamiento inicial sin cita previa y la atenci\\u00f3n de seguimiento en la sala de emergencias.<\\\/p>\",\"link\":\"https:\\\/\\\/new.thehealthyworker.co\\\/es\\\/atencion-a-las-lesiones\\\/\",\"link_text\":\"Leer m\\u00e1s\",\"panel_style\":\"card-default\",\"title\":\"Atenci\\u00f3n de lesiones laborales\"}},{\"type\":\"grid_item\",\"props\":{\"content\":\"\n\n<p>Ofrecemos una variedad de servicios de ex\\u00e1menes m\\u00e9dicos. Esto incluye ex\\u00e1menes DOT para conductores comerciales y ex\\u00e1menes f\\u00edsicos para empleadores. \\u00bfQuiere saber si sus trabajadores est\\u00e1n listos para reanudar los rigores de sus trabajos? Podemos ayudar. Nuestro personal m\\u00e9dico tambi\\u00e9n brinda revisi\\u00f3n de la certificaci\\u00f3n de protecci\\u00f3n respiratoria.<\\\/p>\",\"link\":\"https:\\\/\\\/new.thehealthyworker.co\\\/es\\\/reconocimientos-medicos\\\/\",\"link_text\":\"Leer m\\u00e1s\",\"panel_style\":\"card-default\",\"title\":\"Examen m\\u00e9dico\"}},{\"type\":\"grid_item\",\"props\":{\"content\":\"\n\n<p>Desde pruebas de audici\\u00f3n hasta extracciones y monitoreo de sangre para detectar colinesterasa, The Healthy Worker ofrece numerosos servicios cl\\u00ednicos. Estos incluyen radiograf\\u00edas, an\\u00e1lisis de laboratorio, vacunas, audiogramas y m\\u00e1s. <a href=\\\"https:\\\/\\\/new.thehealthyworker.co\\\/es\\\/servicios-clinicos\\\/\\\">Vea una lista completa de nuestros servicios<\\\/a> cl\\u00ednicos para empleadores y residentes de Yakima.<\\\/p>\",\"link\":\"https:\\\/\\\/new.thehealthyworker.co\\\/es\\\/servicios-clinicos\\\/\",\"link_text\":\"Leer m\\u00e1s\",\"panel_style\":\"card-default\",\"title\":\"Servicios Cl\\u00ednicos\"}},{\"type\":\"grid_item\",\"props\":{\"content\":\"\n\n<p>Tambi\\u00e9n ofrecemos evaluaci\\u00f3n y capacitaci\\u00f3n sobre una amplia variedad de temas. Desde protecci\\u00f3n respiratoria hasta asesoramiento sobre MSDS y capacitaci\\u00f3n para supervisores del DOT. \\u00bfNecesita evaluaciones ergon\\u00f3micas en el lugar de trabajo o evaluaciones de salud y bienestar? <a href=\\\"https:\\\/\\\/new.thehealthyworker.co\\\/es\\\/servicios-dedicados\\\/\\\">Consulte nuestra oferta de servicios completos.<\\\/a><\\\/p>\",\"link\":\"https:\\\/\\\/new.thehealthyworker.co\\\/es\\\/servicios-dedicados\\\/\",\"link_text\":\"Leer m\\u00e1s\",\"panel_style\":\"card-default\",\"title\":\"Evaluaci\\u00f3n y Capacitaci\\u00f3n\"}},{\"type\":\"grid_item\",\"props\":{\"content\":\"\n\n<p>Existen muchas razones por las que puede querer realizar pruebas de detecci\\u00f3n de drogas y alcohol a sus empleados. Ya sea para prevenir problemas futuros o para cumplir con la pol\\u00edtica de tolerancia cero de su empresa, ofrecemos servicios de detecci\\u00f3n profesionales y compasivos.<\\\/p>\",\"link\":\"https:\\\/\\\/new.thehealthyworker.co\\\/es\\\/pruebas-de-drogas-y-alcohol\\\/\",\"link_text\":\"Leer m\\u00e1s\",\"panel_style\":\"card-default\",\"title\":\"Pruebas de drogas y alcohol\"}}]}]}]}]},{\"type\":\"section\",\"props\":{\"image_position\":\"center-center\",\"padding_remove_bottom\":false,\"padding_remove_top\":false,\"style\":\"default\",\"title_breakpoint\":\"xl\",\"title_position\":\"top-left\",\"title_rotation\":\"left\",\"vertical_align\":\"\",\"width\":\"large\"},\"children\":[{\"type\":\"row\",\"props\":{\"layout\":\"1-2,1-2\"},\"children\":[{\"type\":\"column\",\"props\":{\"class\":\"ws-home-column-left\",\"image_position\":\"center-center\",\"position_sticky_breakpoint\":\"m\",\"width_medium\":\"1-2\"},\"children\":[{\"type\":\"headline\",\"props\":{\"class\":\"ws-home-title-normal\",\"content\":\"\\u00bfPor qu\\u00e9 elegirnos?\",\"title_color\":\"muted\",\"title_element\":\"h3\"}},{\"type\":\"text\",\"props\":{\"column_breakpoint\":\"m\",\"content\":\"\n\n<p>Bienvenido a The Healthy Worker, la principal cl\\u00ednica de medicina ocupacional de Yakima. Brindamos servicios cl\\u00ednicos a empresas e individuos en todo el valle de Yakima.<\\\/p>\\n\n\n<p>Nuestra fundadora, Betty Ann Cohen, M.D., M.P.H., comenz\\u00f3 The Healthy Worker como una plataforma para brindar los mejores servicios de su clase a nuestros clientes. Complet\\u00f3 su programa acad\\u00e9mico de Maestr\\u00eda en Salud P\\u00fablica y Residencia en Medicina Ocupacional y Ambiental en la Facultad de Salud P\\u00fablica de la Universidad de Harvard. La Dra. Cohen ha ejercido en el valle de Yakima desde 2004 y aporta credenciales \\u00fanicas como m\\u00e9dica ocupacional certificada por la junta y capacitada en residencia. Tiene una amplia experiencia en las siguientes especialidades: Medicina interna, Medicina de emergencia y Medicina ocupacional.<\\\/p>\",\"margin\":\"default\",\"text_color\":\"emphasis\"}},{\"type\":\"button\",\"props\":{\"grid_column_gap\":\"small\",\"grid_row_gap\":\"small\",\"margin\":\"default\"},\"children\":[{\"type\":\"button_item\",\"props\":{\"button_style\":\"primary\",\"content\":\"Explorar ahora\",\"icon_align\":\"left\",\"link\":\"https:\\\/\\\/new.thehealthyworker.co\\\/es\\\/servicios-dedicados\\\/\"}}]}]},{\"type\":\"column\",\"props\":{\"class\":\"ws-home-choose-image\",\"image_position\":\"center-center\",\"position_sticky\":\"column\",\"position_sticky_breakpoint\":\"m\",\"width_medium\":\"1-2\"},\"children\":[{\"type\":\"image\",\"props\":{\"image\":\"wp-content\\\/uploads\\\/2021\\\/12\\\/logo.png\",\"image_svg_color\":\"emphasis\",\"margin\":\"default\"}},{\"type\":\"image\",\"props\":{\"image\":\"wp-content\\\/uploads\\\/2022\\\/04\\\/WhyChooseUs-HomePage-Image-01.png\",\"image_height\":\"470\",\"image_svg_color\":\"emphasis\",\"image_width\":\"392\",\"margin\":\"remove-vertical\"}}]}]}]},{\"type\":\"section\",\"props\":{\"image_position\":\"center-center\",\"padding\":\"xlarge\",\"style\":\"default\",\"title_breakpoint\":\"xl\",\"title_position\":\"top-left\",\"title_rotation\":\"left\",\"vertical_align\":\"\",\"width\":\"large\"},\"children\":[{\"type\":\"row\",\"props\":{\"class\":\"ws-care-block-flex\",\"layout\":\"1-2,1-2\"},\"children\":[{\"type\":\"column\",\"props\":{\"class\":\"ws-home-care-image\",\"image_position\":\"center-center\",\"position_sticky_breakpoint\":\"m\",\"width_medium\":\"1-2\"},\"children\":[{\"type\":\"image\",\"props\":{\"image\":\"wp-content\\\/uploads\\\/2022\\\/07\\\/meet-providers-home-page-1-01.png\",\"image_height\":\"390\",\"image_svg_color\":\"emphasis\",\"image_width\":\"590\",\"margin\":\"default\"}}]},{\"type\":\"column\",\"props\":{\"class\":\"ws-home-column-right\",\"image_position\":\"center-center\",\"position_sticky_breakpoint\":\"m\",\"width_medium\":\"1-2\"},\"children\":[{\"type\":\"headline\",\"props\":{\"class\":\"ws-home-title-normal\",\"content\":\"Conozca a nuestros proveedores\",\"title_color\":\"muted\",\"title_element\":\"h3\"}},{\"type\":\"text\",\"props\":{\"column_breakpoint\":\"m\",\"content\":\"\n\n<p>Dr. Betty Ann Cohen, fundadora de The Healthy Worker, ha recibido formaci\\u00f3n especializada en Medicina Ambiental Ocupacional y Medicina Interna.<\\\/p>\\n\n\n<p>Dr. Anthony Norman ha recibido formaci\\u00f3n especializada en Medicina y Cirug\\u00eda Ambiental Ocupacional.<\\\/p>\",\"margin\":\"default\",\"text_color\":\"emphasis\"}},{\"type\":\"button\",\"props\":{\"grid_column_gap\":\"small\",\"grid_row_gap\":\"small\",\"margin\":\"default\"},\"children\":[{\"type\":\"button_item\",\"props\":{\"button_style\":\"secondary\",\"content\":\"M\\u00e1s sobre nuestros proveedores\",\"icon_align\":\"left\",\"link\":\"https:\\\/\\\/new.thehealthyworker.co\\\/es\\\/proveedores-medicos\\\/\"}}]}]}]}]},{\"type\":\"section\",\"props\":{\"image_position\":\"center-center\",\"padding\":\"small\",\"padding_remove_bottom\":true,\"style\":\"default\",\"title_breakpoint\":\"xl\",\"title_position\":\"top-left\",\"title_rotation\":\"left\",\"vertical_align\":\"\",\"width\":\"\"},\"children\":[{\"type\":\"row\",\"children\":[{\"type\":\"column\",\"props\":{\"image_position\":\"center-center\",\"position_sticky_breakpoint\":\"m\"},\"children\":[{\"type\":\"text\",\"props\":{\"column_breakpoint\":\"m\",\"content\":\"\n\n<p><iframe width=\\\"100%\\\" height=\\\"355\\\" style=\\\"border: 0;\\\" src=\\\"https:\\\/\\\/www.google.com\\\/maps\\\/embed?pb=!1m18!1m12!1m3!1d1924954.2097560868!2d-122.17421614000287!3d47.46728890739288!2m3!1f0!2f0!3f0!3m2!1i1024!2i768!4f13.1!3m3!1m2!1s0x5485e5ffe7c3b0f9%3A0x944278686c5ff3ba!2sWashington%2C%20USA!5e0!3m2!1sen!2sua!4v1639740973614!5m2!1sen!2sua\\\" allowfullscreen=\\\"allowfullscreen\\\" loading=\\\"lazy\\\"><\\\/iframe><\\\/p>\",\"margin\":\"default\"}}]}]}]}],\"version\":\"4.4.16\"} --><\/p>\n","protected":false},"excerpt":{"rendered":"<p>El Trabajador Saludable Atendemos a clientes corporativos e individuales en el valle de Yakima Llama Ahora Atenci\u00f3n de lesiones laborales Ofrecemos tratamiento para todas las lesiones y enfermedades relacionadas con el trabajo. Esto incluye el tratamiento inicial sin cita previa y la atenci\u00f3n de seguimiento en la sala de emergencias. Leer m\u00e1s Examen m\u00e9dico Ofrecemos [&hellip;]<\/p>\n","protected":false},"author":1,"featured_media":0,"parent":0,"menu_order":0,"comment_status":"closed","ping_status":"closed","template":"","meta":{"footnotes":""},"class_list":["post-1364","page","type-page","status-publish","hentry"],"yoast_head":"<!-- This site is optimized with the Yoast SEO plugin v27.3 - https:\/\/yoast.com\/product\/yoast-seo-wordpress\/ -->\n<title>El Trabajador Sano | Cl\u00ednica de Medicina del Trabajo | Yakima y Toppenish WA | 509-895-7340<\/title>\n<meta name=\"description\" content=\"Bienvenido a The Healthy Worker, la principal Cl\u00ednica de Medicina del Trabajo de Yakima. Ofrecemos servicios cl\u00ednicos a empresas y particulares de todo el valle de Yakima. Ponte en contacto hoy mismo para saber c\u00f3mo podemos ayudarte.\" \/>\n<meta name=\"robots\" content=\"index, follow, max-snippet:-1, max-image-preview:large, max-video-preview:-1\" \/>\n<link rel=\"canonical\" href=\"https:\/\/new.thehealthyworker.co\/es\/\" \/>\n<meta property=\"og:locale\" content=\"es_ES\" \/>\n<meta property=\"og:type\" content=\"article\" \/>\n<meta property=\"og:title\" content=\"El Trabajador Sano | Cl\u00ednica de Medicina del Trabajo | Yakima y Toppenish WA | 509-895-7340\" \/>\n<meta property=\"og:description\" content=\"Bienvenido a The Healthy Worker, la principal Cl\u00ednica de Medicina del Trabajo de Yakima. Ofrecemos servicios cl\u00ednicos a empresas y particulares de todo el valle de Yakima. Ponte en contacto hoy mismo para saber c\u00f3mo podemos ayudarte.\" \/>\n<meta property=\"og:url\" content=\"https:\/\/new.thehealthyworker.co\/es\/\" \/>\n<meta property=\"og:site_name\" content=\"WSI Action Hosting - new.thehealthyworker.co\" \/>\n<meta property=\"article:modified_time\" content=\"2024-12-06T19:56:38+00:00\" \/>\n<meta name=\"twitter:card\" content=\"summary_large_image\" \/>\n<meta name=\"twitter:label1\" content=\"Tiempo de lectura\" \/>\n\t<meta name=\"twitter:data1\" content=\"2 minutos\" \/>\n<script type=\"application\/ld+json\" class=\"yoast-schema-graph\">{\"@context\":\"https:\\\/\\\/schema.org\",\"@graph\":[{\"@type\":\"WebPage\",\"@id\":\"https:\\\/\\\/new.thehealthyworker.co\\\/es\\\/\",\"url\":\"https:\\\/\\\/new.thehealthyworker.co\\\/es\\\/\",\"name\":\"El Trabajador Sano | Cl\u00ednica de Medicina del Trabajo | Yakima y Toppenish WA | 509-895-7340\",\"isPartOf\":{\"@id\":\"https:\\\/\\\/new.thehealthyworker.co\\\/es\\\/#website\"},\"datePublished\":\"2021-05-21T05:41:19+00:00\",\"dateModified\":\"2024-12-06T19:56:38+00:00\",\"description\":\"Bienvenido a The Healthy Worker, la principal Cl\u00ednica de Medicina del Trabajo de Yakima. Ofrecemos servicios cl\u00ednicos a empresas y particulares de todo el valle de Yakima. Ponte en contacto hoy mismo para saber c\u00f3mo podemos ayudarte.\",\"breadcrumb\":{\"@id\":\"https:\\\/\\\/new.thehealthyworker.co\\\/es\\\/#breadcrumb\"},\"inLanguage\":\"es\",\"potentialAction\":[{\"@type\":\"ReadAction\",\"target\":[\"https:\\\/\\\/new.thehealthyworker.co\\\/es\\\/\"]}]},{\"@type\":\"BreadcrumbList\",\"@id\":\"https:\\\/\\\/new.thehealthyworker.co\\\/es\\\/#breadcrumb\",\"itemListElement\":[{\"@type\":\"ListItem\",\"position\":1,\"name\":\"Home\",\"item\":\"https:\\\/\\\/new.thehealthyworker.co\\\/es\\\/inicio\\\/\"},{\"@type\":\"ListItem\",\"position\":2,\"name\":\"Inicio\"}]},{\"@type\":\"WebSite\",\"@id\":\"https:\\\/\\\/new.thehealthyworker.co\\\/es\\\/#website\",\"url\":\"https:\\\/\\\/new.thehealthyworker.co\\\/es\\\/\",\"name\":\"WSI Action Hosting - new.thehealthyworker.co\",\"description\":\"Google Web Host\",\"potentialAction\":[{\"@type\":\"SearchAction\",\"target\":{\"@type\":\"EntryPoint\",\"urlTemplate\":\"https:\\\/\\\/new.thehealthyworker.co\\\/es\\\/?s={search_term_string}\"},\"query-input\":{\"@type\":\"PropertyValueSpecification\",\"valueRequired\":true,\"valueName\":\"search_term_string\"}}],\"inLanguage\":\"es\"}]}<\/script>\n<!-- \/ Yoast SEO plugin. -->","yoast_head_json":{"title":"El Trabajador Sano | Cl\u00ednica de Medicina del Trabajo | Yakima y Toppenish WA | 509-895-7340","description":"Bienvenido a The Healthy Worker, la principal Cl\u00ednica de Medicina del Trabajo de Yakima. Ofrecemos servicios cl\u00ednicos a empresas y particulares de todo el valle de Yakima. Ponte en contacto hoy mismo para saber c\u00f3mo podemos ayudarte.","robots":{"index":"index","follow":"follow","max-snippet":"max-snippet:-1","max-image-preview":"max-image-preview:large","max-video-preview":"max-video-preview:-1"},"canonical":"https:\/\/new.thehealthyworker.co\/es\/","og_locale":"es_ES","og_type":"article","og_title":"El Trabajador Sano | Cl\u00ednica de Medicina del Trabajo | Yakima y Toppenish WA | 509-895-7340","og_description":"Bienvenido a The Healthy Worker, la principal Cl\u00ednica de Medicina del Trabajo de Yakima. Ofrecemos servicios cl\u00ednicos a empresas y particulares de todo el valle de Yakima. Ponte en contacto hoy mismo para saber c\u00f3mo podemos ayudarte.","og_url":"https:\/\/new.thehealthyworker.co\/es\/","og_site_name":"WSI Action Hosting - new.thehealthyworker.co","article_modified_time":"2024-12-06T19:56:38+00:00","twitter_card":"summary_large_image","twitter_misc":{"Tiempo de lectura":"2 minutos"},"schema":{"@context":"https:\/\/schema.org","@graph":[{"@type":"WebPage","@id":"https:\/\/new.thehealthyworker.co\/es\/","url":"https:\/\/new.thehealthyworker.co\/es\/","name":"El Trabajador Sano | Cl\u00ednica de Medicina del Trabajo | Yakima y Toppenish WA | 509-895-7340","isPartOf":{"@id":"https:\/\/new.thehealthyworker.co\/es\/#website"},"datePublished":"2021-05-21T05:41:19+00:00","dateModified":"2024-12-06T19:56:38+00:00","description":"Bienvenido a The Healthy Worker, la principal Cl\u00ednica de Medicina del Trabajo de Yakima. Ofrecemos servicios cl\u00ednicos a empresas y particulares de todo el valle de Yakima. Ponte en contacto hoy mismo para saber c\u00f3mo podemos ayudarte.","breadcrumb":{"@id":"https:\/\/new.thehealthyworker.co\/es\/#breadcrumb"},"inLanguage":"es","potentialAction":[{"@type":"ReadAction","target":["https:\/\/new.thehealthyworker.co\/es\/"]}]},{"@type":"BreadcrumbList","@id":"https:\/\/new.thehealthyworker.co\/es\/#breadcrumb","itemListElement":[{"@type":"ListItem","position":1,"name":"Home","item":"https:\/\/new.thehealthyworker.co\/es\/inicio\/"},{"@type":"ListItem","position":2,"name":"Inicio"}]},{"@type":"WebSite","@id":"https:\/\/new.thehealthyworker.co\/es\/#website","url":"https:\/\/new.thehealthyworker.co\/es\/","name":"WSI Action Hosting - new.thehealthyworker.co","description":"Google Web Host","potentialAction":[{"@type":"SearchAction","target":{"@type":"EntryPoint","urlTemplate":"https:\/\/new.thehealthyworker.co\/es\/?s={search_term_string}"},"query-input":{"@type":"PropertyValueSpecification","valueRequired":true,"valueName":"search_term_string"}}],"inLanguage":"es"}]}},"_links":{"self":[{"href":"https:\/\/new.thehealthyworker.co\/es\/wp-json\/wp\/v2\/pages\/1364","targetHints":{"allow":["GET"]}}],"collection":[{"href":"https:\/\/new.thehealthyworker.co\/es\/wp-json\/wp\/v2\/pages"}],"about":[{"href":"https:\/\/new.thehealthyworker.co\/es\/wp-json\/wp\/v2\/types\/page"}],"author":[{"embeddable":true,"href":"https:\/\/new.thehealthyworker.co\/es\/wp-json\/wp\/v2\/users\/1"}],"replies":[{"embeddable":true,"href":"https:\/\/new.thehealthyworker.co\/es\/wp-json\/wp\/v2\/comments?post=1364"}],"version-history":[{"count":2,"href":"https:\/\/new.thehealthyworker.co\/es\/wp-json\/wp\/v2\/pages\/1364\/revisions"}],"predecessor-version":[{"id":1413,"href":"https:\/\/new.thehealthyworker.co\/es\/wp-json\/wp\/v2\/pages\/1364\/revisions\/1413"}],"wp:attachment":[{"href":"https:\/\/new.thehealthyworker.co\/es\/wp-json\/wp\/v2\/media?parent=1364"}],"curies":[{"name":"wp","href":"https:\/\/api.w.org\/{rel}","templated":true}]}}