{"id":1360,"date":"2022-01-27T17:39:56","date_gmt":"2022-01-27T17:39:56","guid":{"rendered":"https:\/\/new.thehealthyworker.co\/servicios-clinicos\/"},"modified":"2024-12-06T20:29:06","modified_gmt":"2024-12-06T20:29:06","slug":"servicios-clinicos","status":"publish","type":"page","link":"https:\/\/new.thehealthyworker.co\/es\/servicios-clinicos\/","title":{"rendered":"Servicios cl\u00ednicos"},"content":{"rendered":"<h2>\n<p class=\"p1\">Servicios Cl\u00ednicos<\/p>\n<\/h2>\n<div>\n<p>The Healthy Worker ofrece una variedad de servicios cl\u00ednicos en la cl\u00ednica o por derivaci\u00f3n, desde pruebas de audici\u00f3n b\u00e1sicas hasta an\u00e1lisis de sangre y radiograf\u00edas. Estos est\u00e1n disponibles para todas las etapas del proceso de empleo, desde la evaluaci\u00f3n previa al empleo hasta las pruebas de vigilancia de exposici\u00f3n continua. Despu\u00e9s de una lesi\u00f3n relacionada con el trabajo, algunas de estas pruebas pueden ayudar a evaluar la lesi\u00f3n y garantizar que el proceso de curaci\u00f3n est\u00e9 progresando como se espera.<\/p>\n<p>Un examen de audiometr\u00eda, por ejemplo, implica evaluar los sonidos en funci\u00f3n de la intensidad y el tono. En ciertos trabajos, los empleados pueden necesitar escuchar con claridad por razones de seguridad y salud y\/o corren un mayor riesgo de p\u00e9rdida auditiva debido al entorno laboral. Estas pruebas nos ayudan a identificar posibles da\u00f1os a la audici\u00f3n del empleado e iniciar los pasos de seguimiento adecuados.<\/p>\n<p>Los an\u00e1lisis de sangre de colinesterasa s\u00e9rica miden los niveles de acetilcolinesterasa y pseudocolinesterasa, que pueden cambiar si el individuo tiene una exposici\u00f3n significativa o continua a ciertos pesticidas, generalmente en un entorno agr\u00edcola comercial. Los empleadores que utilizan estos pesticidas deben establecer niveles de referencia anuales para todos los empleados en riesgo de exposici\u00f3n para ayudar a guiar el tratamiento m\u00e9dico en caso de intoxicaci\u00f3n m\u00e1s adelante en el a\u00f1o.<\/p>\n<p>Las pruebas de ajuste de la mascarilla garantizan que los empleados utilicen mascarillas adecuadas que se ajusten correctamente y les permitan realizar sus tareas de forma segura y c\u00f3moda.<\/p>\n<p>Desde la recolecci\u00f3n de sangre hasta muestras alternativas para pruebas de laboratorio, nuestro personal est\u00e1 disponible para satisfacer la mayor\u00eda de sus necesidades de pruebas cl\u00ednicas. Ya sea para evaluar la salud f\u00edsica de un empleado o candidato a un puesto de trabajo o para realizar un seguimiento de su recuperaci\u00f3n, estamos listos para ayudar.<\/p>\n<p>El personal de Healthy Worker tambi\u00e9n proporciona vacunas contra la hepatitis A y la hepatitis B, tanto la serie inicial de inyecciones como un refuerzo, si es necesario.<\/p>\n<\/div>\n<p>\n    <a href=\"https:\/\/new.thehealthyworker.co\/es\/contacta-con-nosotros\/\">Reservar cita<\/a>\n<\/p>\n<h3>\n<p class=\"p1\">Nuestras pruebas cl\u00ednicas para fines relacionados con el empleo incluyen lo siguiente:<\/p>\n<\/h3>\n<div>\n<ul class=\"ul1\">\n<li class=\"li1\"><span class=\"s1\"><\/span><span class=\"Apple-converted-space\">Audiometr\u00eda\/audici\u00f3n <\/span><\/li>\n<li class=\"li1\"><span class=\"s1\"><\/span>Monitoreo de la exposici\u00f3n y de la l\u00ednea base de colinesterasa<\/li>\n<li class=\"li1\"><span class=\"s1\"><\/span>Ajuste de mascarilla y administraci\u00f3n del programa respiratorio<\/li>\n<li class=\"li1\"><span class=\"s1\"><\/span>Examen de detecci\u00f3n de tuberculosis con prueba cut\u00e1nea (PPD) o TB QuantiFERON Gold<\/li>\n<li class=\"li1\"><span class=\"s1\"><\/span>Pruebas de funci\u00f3n pulmonar (espirometr\u00eda)<\/li>\n<li class=\"li1\"><span class=\"s1\"><\/span>Pruebas de funci\u00f3n pulmonar (espirometr\u00eda)<\/li>\n<li class=\"li1\"><span class=\"s1\"><\/span>Vacunas que incluyen Tdap, hepatitis A y hepatitis B<\/li>\n<li class=\"li1\"><span class=\"s1\"><\/span>Pruebas de laboratorio cl\u00ednico de rutina<\/li>\n<\/ul>\n<p class=\"p3\">*Algunos servicios se ofrecen mediante derivaci\u00f3n a instalaciones cercanas<\/p>\n<\/div>\n<p>\n    <a href=\"https:\/\/new.thehealthyworker.co\/es\/contacta-con-nosotros\/\">Reservar cita<\/a>\n<\/p>\n<p><!--more--><br \/>\n<!-- {\"name\":\"Dedicated Services\",\"type\":\"layout\",\"children\":[{\"type\":\"section\",\"props\":{\"class\":\"ws-medical-banner\",\"image\":\"wp-content\\\/uploads\\\/2022\\\/04\\\/Clinical-Services-Banner-01.png\",\"image_position\":\"center-center\",\"image_size\":\"cover\",\"media_overlay\":\"rgba(25, 25, 25, 0.5)\",\"padding\":\"large\",\"style\":\"default\",\"title_breakpoint\":\"xl\",\"title_position\":\"top-left\",\"title_rotation\":\"left\",\"vertical_align\":\"\",\"width\":\"large\"},\"children\":[{\"type\":\"row\",\"children\":[{\"type\":\"column\",\"props\":{\"image_position\":\"center-center\",\"position_sticky_breakpoint\":\"m\"},\"children\":[{\"type\":\"headline\",\"props\":{\"content\":\"\n\n<p class=\\\"p1\\\">Servicios Cl\\u00ednicos<\\\/p>\",\"text_align\":\"center\",\"title_element\":\"h2\"}}]}]}],\"modified\":\"2021-12-20T18:37:47.600Z\",\"name\":\"top-banner\"},{\"type\":\"section\",\"props\":{\"class\":\"ws-home-top-banner-button\",\"image_position\":\"center-center\",\"padding\":\"none\",\"status\":\"disabled\",\"style\":\"default\",\"title_breakpoint\":\"xl\",\"title_position\":\"top-left\",\"title_rotation\":\"left\",\"vertical_align\":\"\",\"width\":\"large\"},\"children\":[{\"type\":\"row\",\"children\":[{\"type\":\"column\",\"props\":{\"image_position\":\"center-center\",\"position_sticky_breakpoint\":\"m\"},\"children\":[{\"type\":\"button\",\"props\":{\"class\":\"ws-home-top-banner-button-item\",\"grid_column_gap\":\"small\",\"grid_row_gap\":\"small\",\"margin\":\"default\"},\"children\":[{\"type\":\"button_item\",\"props\":{\"button_style\":\"primary\",\"content\":\"Schedule Our Appointment\",\"icon_align\":\"left\",\"link\":\"#\",\"link_title\":\"Schedule Our Appointment\"}}]}]}]}],\"modified\":\"2021-12-28T13:05:18.819Z\",\"name\":\"banner-button\"},{\"type\":\"section\",\"props\":{\"image_position\":\"center-center\",\"style\":\"default\",\"title_breakpoint\":\"xl\",\"title_position\":\"top-left\",\"title_rotation\":\"left\",\"vertical_align\":\"\",\"width\":\"large\"},\"children\":[{\"type\":\"row\",\"props\":{\"layout\":\"1-2,1-2\"},\"children\":[{\"type\":\"column\",\"props\":{\"class\":\"ws-services-block-left\",\"image_position\":\"center-center\",\"position_sticky_breakpoint\":\"m\",\"width_medium\":\"1-2\"},\"children\":[{\"type\":\"text\",\"props\":{\"column_breakpoint\":\"m\",\"content\":\"\n\n<p>The Healthy Worker ofrece una variedad de servicios cl\\u00ednicos en la cl\\u00ednica o por derivaci\\u00f3n, desde pruebas de audici\\u00f3n b\\u00e1sicas hasta an\\u00e1lisis de sangre y radiograf\\u00edas. Estos est\\u00e1n disponibles para todas las etapas del proceso de empleo, desde la evaluaci\\u00f3n previa al empleo hasta las pruebas de vigilancia de exposici\\u00f3n continua. Despu\\u00e9s de una lesi\\u00f3n relacionada con el trabajo, algunas de estas pruebas pueden ayudar a evaluar la lesi\\u00f3n y garantizar que el proceso de curaci\\u00f3n est\\u00e9 progresando como se espera.<\\\/p>\\n\n\n<p>Un examen de audiometr\\u00eda, por ejemplo, implica evaluar los sonidos en funci\\u00f3n de la intensidad y el tono. En ciertos trabajos, los empleados pueden necesitar escuchar con claridad por razones de seguridad y salud y\\\/o corren un mayor riesgo de p\\u00e9rdida auditiva debido al entorno laboral. Estas pruebas nos ayudan a identificar posibles da\\u00f1os a la audici\\u00f3n del empleado e iniciar los pasos de seguimiento adecuados.<\\\/p>\\n\n\n<p>Los an\\u00e1lisis de sangre de colinesterasa s\\u00e9rica miden los niveles de acetilcolinesterasa y pseudocolinesterasa, que pueden cambiar si el individuo tiene una exposici\\u00f3n significativa o continua a ciertos pesticidas, generalmente en un entorno agr\\u00edcola comercial. Los empleadores que utilizan estos pesticidas deben establecer niveles de referencia anuales para todos los empleados en riesgo de exposici\\u00f3n para ayudar a guiar el tratamiento m\\u00e9dico en caso de intoxicaci\\u00f3n m\\u00e1s adelante en el a\\u00f1o.<\\\/p>\\n\n\n<p>Las pruebas de ajuste de la mascarilla garantizan que los empleados utilicen mascarillas adecuadas que se ajusten correctamente y les permitan realizar sus tareas de forma segura y c\\u00f3moda.<\\\/p>\\n\n\n<p>Desde la recolecci\\u00f3n de sangre hasta muestras alternativas para pruebas de laboratorio, nuestro personal est\\u00e1 disponible para satisfacer la mayor\\u00eda de sus necesidades de pruebas cl\\u00ednicas. Ya sea para evaluar la salud f\\u00edsica de un empleado o candidato a un puesto de trabajo o para realizar un seguimiento de su recuperaci\\u00f3n, estamos listos para ayudar.<\\\/p>\\n\n\n<p>El personal de Healthy Worker tambi\\u00e9n proporciona vacunas contra la hepatitis A y la hepatitis B, tanto la serie inicial de inyecciones como un refuerzo, si es necesario.<\\\/p>\",\"margin\":\"default\",\"text_color\":\"emphasis\"}},{\"type\":\"button\",\"props\":{\"grid_column_gap\":\"small\",\"grid_row_gap\":\"small\",\"margin\":\"default\"},\"children\":[{\"type\":\"button_item\",\"props\":{\"button_style\":\"primary\",\"content\":\"Reservar cita\",\"icon_align\":\"left\",\"link\":\"https:\\\/\\\/new.thehealthyworker.co\\\/es\\\/contacta-con-nosotros\\\/\",\"link_title\":\"Book Appointment\"}}]}]},{\"type\":\"column\",\"props\":{\"class\":\"ws-services-block-right\",\"image_position\":\"center-center\",\"position_sticky_breakpoint\":\"m\",\"width_medium\":\"1-2\"},\"children\":[{\"type\":\"headline\",\"props\":{\"content\":\"\n\n<p class=\\\"p1\\\">Nuestras pruebas cl\\u00ednicas para fines relacionados con el empleo incluyen lo siguiente:<\\\/p>\",\"title_color\":\"muted\",\"title_element\":\"h3\",\"title_font_family\":\"secondary\"}},{\"type\":\"text\",\"props\":{\"column_breakpoint\":\"m\",\"content\":\"\n\n<p><\\\/p>\\n\n\n<ul class=\\\"ul1\\\">\\n\n\n<li class=\\\"li1\\\"><span class=\\\"s1\\\"><\\\/span><span class=\\\"Apple-converted-space\\\">Audiometr\\u00eda\\\/audici\\u00f3n <\\\/span><\\\/li>\\n\n\n<li class=\\\"li1\\\"><span class=\\\"s1\\\"><\\\/span>Monitoreo de la exposici\\u00f3n y de la l\\u00ednea base de colinesterasa<\\\/li>\\n\n\n<li class=\\\"li1\\\"><span class=\\\"s1\\\"><\\\/span>Ajuste de mascarilla y administraci\\u00f3n del programa respiratorio<\\\/li>\\n\n\n<li class=\\\"li1\\\"><span class=\\\"s1\\\"><\\\/span>Examen de detecci\\u00f3n de tuberculosis con prueba cut\\u00e1nea (PPD) o TB QuantiFERON Gold<\\\/li>\\n\n\n<li class=\\\"li1\\\"><span class=\\\"s1\\\"><\\\/span>Pruebas de funci\\u00f3n pulmonar (espirometr\\u00eda)<\\\/li>\\n\n\n<li class=\\\"li1\\\"><span class=\\\"s1\\\"><\\\/span>Pruebas de funci\\u00f3n pulmonar (espirometr\\u00eda)<\\\/li>\\n\n\n<li class=\\\"li1\\\"><span class=\\\"s1\\\"><\\\/span>Vacunas que incluyen Tdap, hepatitis A y hepatitis B<\\\/li>\\n\n\n<li class=\\\"li1\\\"><span class=\\\"s1\\\"><\\\/span>Pruebas de laboratorio cl\\u00ednico de rutina<\\\/li>\\n<\\\/ul>\\n\n\n<p class=\\\"p3\\\">*Algunos servicios se ofrecen mediante derivaci\\u00f3n a instalaciones cercanas<\\\/p>\",\"margin\":\"default\",\"text_color\":\"emphasis\"}},{\"type\":\"button\",\"props\":{\"grid_column_gap\":\"small\",\"grid_row_gap\":\"small\",\"margin\":\"default\"},\"children\":[{\"type\":\"button_item\",\"props\":{\"button_style\":\"primary\",\"content\":\"Reservar cita\",\"icon_align\":\"left\",\"link\":\"https:\\\/\\\/new.thehealthyworker.co\\\/es\\\/contacta-con-nosotros\\\/\",\"link_title\":\"Book Appointment\"}}]}]}]}]}],\"version\":\"4.4.16\"} --><\/p>\n","protected":false},"excerpt":{"rendered":"<p>Servicios Cl\u00ednicos The Healthy Worker ofrece una variedad de servicios cl\u00ednicos en la cl\u00ednica o por derivaci\u00f3n, desde pruebas de audici\u00f3n b\u00e1sicas hasta an\u00e1lisis de sangre y radiograf\u00edas. Estos est\u00e1n disponibles para todas las etapas del proceso de empleo, desde la evaluaci\u00f3n previa al empleo hasta las pruebas de vigilancia de exposici\u00f3n continua. Despu\u00e9s de [&hellip;]<\/p>\n","protected":false},"author":2,"featured_media":0,"parent":0,"menu_order":0,"comment_status":"closed","ping_status":"closed","template":"","meta":{"footnotes":""},"class_list":["post-1360","page","type-page","status-publish","hentry"],"yoast_head":"<!-- This site is optimized with the Yoast SEO plugin v27.3 - https:\/\/yoast.com\/product\/yoast-seo-wordpress\/ -->\n<title>Servicios Cl\u00ednicos | El Trabajador Sano | 509-895-7340<\/title>\n<meta name=\"description\" content=\"El Trabajador Sano ofrece una serie de servicios cl\u00ednicos en la cl\u00ednica o por derivaci\u00f3n, desde pruebas b\u00e1sicas de audici\u00f3n hasta an\u00e1lisis de sangre y radiograf\u00edas. Ponte en contacto para concertar una cita hoy mismo.\" \/>\n<meta name=\"robots\" content=\"index, follow, max-snippet:-1, max-image-preview:large, max-video-preview:-1\" \/>\n<link rel=\"canonical\" href=\"https:\/\/new.thehealthyworker.co\/es\/servicios-clinicos\/\" \/>\n<meta property=\"og:locale\" content=\"es_ES\" \/>\n<meta property=\"og:type\" content=\"article\" \/>\n<meta property=\"og:title\" content=\"Servicios Cl\u00ednicos | El Trabajador Sano | 509-895-7340\" \/>\n<meta property=\"og:description\" content=\"El Trabajador Sano ofrece una serie de servicios cl\u00ednicos en la cl\u00ednica o por derivaci\u00f3n, desde pruebas b\u00e1sicas de audici\u00f3n hasta an\u00e1lisis de sangre y radiograf\u00edas. Ponte en contacto para concertar una cita hoy mismo.\" \/>\n<meta property=\"og:url\" content=\"https:\/\/new.thehealthyworker.co\/es\/servicios-clinicos\/\" \/>\n<meta property=\"og:site_name\" content=\"WSI Action Hosting - new.thehealthyworker.co\" \/>\n<meta property=\"article:modified_time\" content=\"2024-12-06T20:29:06+00:00\" \/>\n<meta name=\"twitter:card\" content=\"summary_large_image\" \/>\n<meta name=\"twitter:label1\" content=\"Tiempo de lectura\" \/>\n\t<meta name=\"twitter:data1\" content=\"2 minutos\" \/>\n<script type=\"application\/ld+json\" class=\"yoast-schema-graph\">{\"@context\":\"https:\\\/\\\/schema.org\",\"@graph\":[{\"@type\":\"WebPage\",\"@id\":\"https:\\\/\\\/new.thehealthyworker.co\\\/es\\\/servicios-clinicos\\\/\",\"url\":\"https:\\\/\\\/new.thehealthyworker.co\\\/es\\\/servicios-clinicos\\\/\",\"name\":\"Servicios Cl\u00ednicos | El Trabajador Sano | 509-895-7340\",\"isPartOf\":{\"@id\":\"https:\\\/\\\/new.thehealthyworker.co\\\/es\\\/#website\"},\"datePublished\":\"2022-01-27T17:39:56+00:00\",\"dateModified\":\"2024-12-06T20:29:06+00:00\",\"description\":\"El Trabajador Sano ofrece una serie de servicios cl\u00ednicos en la cl\u00ednica o por derivaci\u00f3n, desde pruebas b\u00e1sicas de audici\u00f3n hasta an\u00e1lisis de sangre y radiograf\u00edas. Ponte en contacto para concertar una cita hoy mismo.\",\"breadcrumb\":{\"@id\":\"https:\\\/\\\/new.thehealthyworker.co\\\/es\\\/servicios-clinicos\\\/#breadcrumb\"},\"inLanguage\":\"es\",\"potentialAction\":[{\"@type\":\"ReadAction\",\"target\":[\"https:\\\/\\\/new.thehealthyworker.co\\\/es\\\/servicios-clinicos\\\/\"]}]},{\"@type\":\"BreadcrumbList\",\"@id\":\"https:\\\/\\\/new.thehealthyworker.co\\\/es\\\/servicios-clinicos\\\/#breadcrumb\",\"itemListElement\":[{\"@type\":\"ListItem\",\"position\":1,\"name\":\"Home\",\"item\":\"https:\\\/\\\/new.thehealthyworker.co\\\/es\\\/inicio\\\/\"},{\"@type\":\"ListItem\",\"position\":2,\"name\":\"Servicios cl\u00ednicos\"}]},{\"@type\":\"WebSite\",\"@id\":\"https:\\\/\\\/new.thehealthyworker.co\\\/es\\\/#website\",\"url\":\"https:\\\/\\\/new.thehealthyworker.co\\\/es\\\/\",\"name\":\"WSI Action Hosting - new.thehealthyworker.co\",\"description\":\"Google Web Host\",\"potentialAction\":[{\"@type\":\"SearchAction\",\"target\":{\"@type\":\"EntryPoint\",\"urlTemplate\":\"https:\\\/\\\/new.thehealthyworker.co\\\/es\\\/?s={search_term_string}\"},\"query-input\":{\"@type\":\"PropertyValueSpecification\",\"valueRequired\":true,\"valueName\":\"search_term_string\"}}],\"inLanguage\":\"es\"}]}<\/script>\n<!-- \/ Yoast SEO plugin. -->","yoast_head_json":{"title":"Servicios Cl\u00ednicos | El Trabajador Sano | 509-895-7340","description":"El Trabajador Sano ofrece una serie de servicios cl\u00ednicos en la cl\u00ednica o por derivaci\u00f3n, desde pruebas b\u00e1sicas de audici\u00f3n hasta an\u00e1lisis de sangre y radiograf\u00edas. Ponte en contacto para concertar una cita hoy mismo.","robots":{"index":"index","follow":"follow","max-snippet":"max-snippet:-1","max-image-preview":"max-image-preview:large","max-video-preview":"max-video-preview:-1"},"canonical":"https:\/\/new.thehealthyworker.co\/es\/servicios-clinicos\/","og_locale":"es_ES","og_type":"article","og_title":"Servicios Cl\u00ednicos | El Trabajador Sano | 509-895-7340","og_description":"El Trabajador Sano ofrece una serie de servicios cl\u00ednicos en la cl\u00ednica o por derivaci\u00f3n, desde pruebas b\u00e1sicas de audici\u00f3n hasta an\u00e1lisis de sangre y radiograf\u00edas. Ponte en contacto para concertar una cita hoy mismo.","og_url":"https:\/\/new.thehealthyworker.co\/es\/servicios-clinicos\/","og_site_name":"WSI Action Hosting - new.thehealthyworker.co","article_modified_time":"2024-12-06T20:29:06+00:00","twitter_card":"summary_large_image","twitter_misc":{"Tiempo de lectura":"2 minutos"},"schema":{"@context":"https:\/\/schema.org","@graph":[{"@type":"WebPage","@id":"https:\/\/new.thehealthyworker.co\/es\/servicios-clinicos\/","url":"https:\/\/new.thehealthyworker.co\/es\/servicios-clinicos\/","name":"Servicios Cl\u00ednicos | El Trabajador Sano | 509-895-7340","isPartOf":{"@id":"https:\/\/new.thehealthyworker.co\/es\/#website"},"datePublished":"2022-01-27T17:39:56+00:00","dateModified":"2024-12-06T20:29:06+00:00","description":"El Trabajador Sano ofrece una serie de servicios cl\u00ednicos en la cl\u00ednica o por derivaci\u00f3n, desde pruebas b\u00e1sicas de audici\u00f3n hasta an\u00e1lisis de sangre y radiograf\u00edas. Ponte en contacto para concertar una cita hoy mismo.","breadcrumb":{"@id":"https:\/\/new.thehealthyworker.co\/es\/servicios-clinicos\/#breadcrumb"},"inLanguage":"es","potentialAction":[{"@type":"ReadAction","target":["https:\/\/new.thehealthyworker.co\/es\/servicios-clinicos\/"]}]},{"@type":"BreadcrumbList","@id":"https:\/\/new.thehealthyworker.co\/es\/servicios-clinicos\/#breadcrumb","itemListElement":[{"@type":"ListItem","position":1,"name":"Home","item":"https:\/\/new.thehealthyworker.co\/es\/inicio\/"},{"@type":"ListItem","position":2,"name":"Servicios cl\u00ednicos"}]},{"@type":"WebSite","@id":"https:\/\/new.thehealthyworker.co\/es\/#website","url":"https:\/\/new.thehealthyworker.co\/es\/","name":"WSI Action Hosting - new.thehealthyworker.co","description":"Google Web Host","potentialAction":[{"@type":"SearchAction","target":{"@type":"EntryPoint","urlTemplate":"https:\/\/new.thehealthyworker.co\/es\/?s={search_term_string}"},"query-input":{"@type":"PropertyValueSpecification","valueRequired":true,"valueName":"search_term_string"}}],"inLanguage":"es"}]}},"_links":{"self":[{"href":"https:\/\/new.thehealthyworker.co\/es\/wp-json\/wp\/v2\/pages\/1360","targetHints":{"allow":["GET"]}}],"collection":[{"href":"https:\/\/new.thehealthyworker.co\/es\/wp-json\/wp\/v2\/pages"}],"about":[{"href":"https:\/\/new.thehealthyworker.co\/es\/wp-json\/wp\/v2\/types\/page"}],"author":[{"embeddable":true,"href":"https:\/\/new.thehealthyworker.co\/es\/wp-json\/wp\/v2\/users\/2"}],"replies":[{"embeddable":true,"href":"https:\/\/new.thehealthyworker.co\/es\/wp-json\/wp\/v2\/comments?post=1360"}],"version-history":[{"count":2,"href":"https:\/\/new.thehealthyworker.co\/es\/wp-json\/wp\/v2\/pages\/1360\/revisions"}],"predecessor-version":[{"id":1418,"href":"https:\/\/new.thehealthyworker.co\/es\/wp-json\/wp\/v2\/pages\/1360\/revisions\/1418"}],"wp:attachment":[{"href":"https:\/\/new.thehealthyworker.co\/es\/wp-json\/wp\/v2\/media?parent=1360"}],"curies":[{"name":"wp","href":"https:\/\/api.w.org\/{rel}","templated":true}]}}