{"id":1359,"date":"2021-12-17T10:53:31","date_gmt":"2021-12-17T10:53:31","guid":{"rendered":"https:\/\/new.thehealthyworker.co\/recursos\/"},"modified":"2024-12-23T18:49:30","modified_gmt":"2024-12-23T18:49:30","slug":"recursos","status":"publish","type":"page","link":"https:\/\/new.thehealthyworker.co\/es\/recursos\/","title":{"rendered":"Recursos"},"content":{"rendered":"<h2>Recursos<\/h2>\n<ul>\n<li>\n<div>\n<p class=\"p1\">The Healthy Worker est\u00e1 comprometido con la educaci\u00f3n y la asistencia a los pacientes. A continuaci\u00f3n, encontrar\u00e1 enlaces \u00fatiles a sitios web relacionados con su salud.<\/p>\n<\/div>\n<\/li>\n<li>\n<h5>Compensaci\u00f3n de trabajadores<\/h5>\n<div>\n<p class=\"p1\">Es importante conocer sus derechos como empleador o empleado. El estado de Washington ha creado una aplicaci\u00f3n de b\u00fasqueda \u00fatil que puede utilizar para buscar temas tan diversos como la seguridad en el lugar de trabajo y las licencias para oficios.<\/p>\n<div class=\"ws-resources-box\"><span class=\"ws-resources-text\">Pagina principal<\/span><span class=\"ws-resources-arrow\"><\/span><a class=\"ws-resources-button\" href=\"https:\/\/www.lni.wa.gov\/\">Labor &amp; Industries (L&amp;I), Washington State<\/a><\/div>\n<div class=\"ws-resources-box\"><span class=\"ws-resources-text\">English<\/span><span class=\"ws-resources-arrow\"><\/span><a class=\"ws-resources-button\" href=\"https:\/\/lni.wa.gov\/agency\/languages\/english\">How Can We Help You Today? (wa.gov)<\/a><\/div>\n<div class=\"ws-resources-box\"><span class=\"ws-resources-text\">Espa\u00f1ol<\/span><span class=\"ws-resources-arrow\"><\/span><a class=\"ws-resources-button\" href=\"https:\/\/lni.wa.gov\/agency\/languages\/spanish\">\u00bfC\u00f3mo podemos ayudarle? (wa.gov)<\/a><\/div>\n<\/div>\n<\/li>\n<li>\n<h5>Enlaces para empleadores<\/h5>\n<div>\n<p class=\"p1\">\n<div class=\"ws-resources-box\"><span class=\"ws-resources-text\">P\u00e1gina principal para empleadores<\/span><span class=\"ws-resources-arrow\"><\/span><a class=\"ws-resources-button\" href=\"https:\/\/lni.wa.gov\/for-business\">Para empresas (wa.gov)<\/a><\/div>\n<div class=\"ws-resources-box\"><span class=\"ws-resources-text\">P\u00e1gina de proceso de reclamos<\/span><span class=\"ws-resources-arrow\"><\/span><a class=\"ws-resources-button\" href=\"https:\/\/lni.wa.gov\/claims\/for-employers\/injured-worker-what-you-need-to-know\/\">\u00bfTrabajador lesionado? Lo que necesita saber (wa.gov)<\/a><\/div>\n<div class=\"ws-resources-box\"><span class=\"ws-resources-text\"> Incentivos<\/span><span class=\"ws-resources-arrow\"><\/span><a class=\"ws-resources-button\" href=\"https:\/\/lni.wa.gov\/claims\/for-employers\/employer-incentives\/\">Incentivos para empleadores (wa.gov)<\/a><\/div>\n<div class=\"ws-resources-box\"><span class=\"ws-resources-text\">Plan de permanencia en el trabajo<\/span><span class=\"ws-resources-arrow\"><\/span><a class=\"ws-resources-button\" href=\"https:\/\/lni.wa.gov\/claims\/for-employers\/employer-incentives\/stay-at-work\">Programa de permanencia en el trabajo (wa.gov)<\/a><\/div>\n<div class=\"ws-resources-box\"><span class=\"ws-resources-text\">Regreso al trabajo<\/span><span class=\"ws-resources-arrow\"><\/span><a class=\"ws-resources-button\" href=\"https:\/\/lni.wa.gov\/claims\/for-employers\/help-your-employee-return-to-work\">Ayude a su empleado a regresar al trabajo (wa.gov) <\/a><\/div>\n<div class=\"ws-resources-box\"><span class=\"ws-resources-text\">Kit de herramientas para el regreso al trabajo <\/span><span class=\"ws-resources-arrow\"><\/span><a class=\"ws-resources-button\" href=\"https:\/\/lni.wa.gov\/forms-publications\/F243-282-000.pdf\">Formularios y publicaciones B\u00fasqueda (wa.gov); F243-282-000 Kit de herramientas para el regreso al trabajo (wa.gov) <\/a><\/div>\n<\/div>\n<\/li>\n<li>\n<h5>Enlaces de empleados<\/h5>\n<div>\n<p class=\"p1\">\n<div class=\"ws-resources-box\"><span class=\"ws-resources-text\">P\u00e1gina principal para empleados<\/span><span class=\"ws-resources-arrow\"><\/span><a class=\"ws-resources-button\" href=\"https:\/\/lni.wa.gov\/for-workers\">Para trabajadores (wa.gov)<\/a><\/div>\n<div class=\"ws-resources-box\"><span class=\"ws-resources-text\">P\u00e1gina principal de derechos:<\/span><span class=\"ws-resources-arrow\"><\/span><a class=\"ws-resources-button\" href=\"https:\/\/lni.wa.gov\/workers-rights\/\">Derechos de los trabajadores (wa.gov)<\/a><\/div>\n<div class=\"ws-resources-box\"><span class=\"ws-resources-text\">P\u00e1gina principal de inicio de lesiones<\/span><span class=\"ws-resources-arrow\"><\/span><a class=\"ws-resources-button\" href=\"https:\/\/lni.wa.gov\/claims\/for-workers\/injured-what-you-need-to-know\/\">\u00bfLesionado? Lo que necesita saber (wa.gov) <\/a><\/div>\n<div class=\"ws-resources-box\"><span class=\"ws-resources-text\">Taller\/Capacitaci\u00f3n<\/span><span class=\"ws-resources-arrow\"><\/span><a class=\"ws-resources-button\" href=\"https:\/\/lni.wa.gov\/workshops-training\/index\">Talleres y centro de capacitaci\u00f3n (wa.gov)<\/a><\/div>\n<div class=\"ws-resources-box\"><span class=\"ws-resources-text\">Ingl\u00e9s Ayuda para trabajadores lesionados de empleadores autoasegurados<\/span><span class=\"ws-resources-arrow\"><\/span><a class=\"ws-resources-button\" href=\"https:\/\/ombuds.selfinsured.wa.gov\/\">Oficina del Defensor del Pueblo (wa.gov)<\/a><\/div>\n<div class=\"ws-resources-box\"><span class=\"ws-resources-text\">Espa\u00f1ol Ayuda para trabajadores lesionados de empleadores autoasegurados<\/span><span class=\"ws-resources-arrow\"><\/span><a class=\"ws-resources-button\" href=\"https:\/\/lni.wa.gov\/agency\/languages\/spanish\">Oficina del Defensor del Pueblo (wa.gov)<\/a><\/div>\n<\/div>\n<\/li>\n<li>\n<h5>Informaci\u00f3n de contacto de L&#038;I<\/h5>\n<div>\n<p class=\"p1\">Ubicaci\u00f3n de la oficina local de L&amp;I<br \/>1205 Ahtanum Ridge Dr. Suite 3<br \/>Union Gap, WA 98903<\/p>\n<p class=\"p1\"><span class=\"s1\"><a href=\"https:\/\/lni.wa.gov\/agency\/contact\/#office-locations\">Ubicaciones de oficinas<\/a><\/span><\/p>\n<p class=\"p2\"><span class=\"s2\">Tel\u00e9fono: <a href=\"tel:5094543700\"><span class=\"s3\">509-454-3700<\/span><\/a><\/span><\/p>\n<p class=\"p4\">TTY*:\u00a0<a href=\"tel:+11-800-833-6388\"><span class=\"s3\">1-800-833-6388<\/span><\/a> (Para personas con discapacidad auditiva)<\/p>\n<\/div>\n<\/li>\n<li>\n<h5>Condiciones de salud<\/h5>\n<div>\n<p class=\"p1\">\n<div class=\"ws-resources-box\"><\/div>\n<div class=\"ws-resources-box\"><span class=\"ws-resources-text\"> Diabetes<\/span><span class=\"ws-resources-arrow\"><\/span><a class=\"ws-resources-button\" href=\"http:\/\/www.diabetes.org\">www.diabetes.org<\/a><\/div>\n<div class=\"ws-resources-box\"><span class=\"ws-resources-text\">Asma<\/span><span class=\"ws-resources-arrow\"><\/span><a class=\"ws-resources-button\" href=\"http:\/\/www.lungusa.org\">www.lungusa.org<\/a><\/div>\n<div class=\"ws-resources-box\"><span class=\"ws-resources-text\">Hipertensi\u00f3n<\/span><span class=\"ws-resources-arrow\"><\/span><a class=\"ws-resources-button\" href=\"http:\/\/www.americanheart.org\">www.americanheart.org <\/a><\/div>\n<div class=\"ws-resources-box\"><span class=\"ws-resources-text\">Atenci\u00f3n al paciente e informaci\u00f3n sanitaria<\/span><span class=\"ws-resources-arrow\"><\/span><a class=\"ws-resources-button\" href=\"http:\/\/www.mayoclinic.org\">www.mayoclinic.org <\/a><\/div>\n<div class=\"ws-resources-box\"><span class=\"ws-resources-text\">Ejercicios en Espa\u00f1ol<\/span><span class=\"ws-resources-arrow\"><\/span><a class=\"ws-resources-button\" href=\"https:\/\/www.healthinfotranslations.org\/language\/spanish\/524152\/topic\/exercise_and_rehabilitation\/53747\">Ejercicio y Rehabilitaci\u00f3n en Espa\u00f1ol<\/a><\/div>\n<\/div>\n<\/li>\n<\/ul>\n<p><!--more--><br \/>\n<!-- {\"type\":\"layout\",\"children\":[{\"type\":\"section\",\"props\":{\"class\":\"ws-medical-banner\",\"image\":\"wp-content\\\/uploads\\\/2022\\\/04\\\/Resources-Banner-01.png\",\"image_position\":\"center-center\",\"image_size\":\"cover\",\"media_overlay\":\"rgba(25, 25, 25, 0.5)\",\"padding\":\"large\",\"style\":\"default\",\"title_breakpoint\":\"xl\",\"title_position\":\"top-left\",\"title_rotation\":\"left\",\"vertical_align\":\"\",\"width\":\"large\"},\"children\":[{\"type\":\"row\",\"children\":[{\"type\":\"column\",\"props\":{\"image_position\":\"center-center\",\"position_sticky_breakpoint\":\"m\"},\"children\":[{\"type\":\"headline\",\"props\":{\"content\":\"Recursos\",\"text_align\":\"center\",\"title_element\":\"h2\"}}]}]}],\"modified\":\"2021-12-20T18:37:47.600Z\",\"name\":\"top-banner\"},{\"type\":\"section\",\"props\":{\"image_position\":\"center-center\",\"style\":\"default\",\"title_breakpoint\":\"xl\",\"title_position\":\"top-left\",\"title_rotation\":\"left\",\"vertical_align\":\"\",\"width\":\"large\"},\"children\":[{\"type\":\"row\",\"children\":[{\"type\":\"column\",\"props\":{\"image_position\":\"center-center\",\"position_sticky_breakpoint\":\"m\"},\"children\":[{\"type\":\"grid\",\"props\":{\"class\":\"ws-resourse-block\",\"content_column_breakpoint\":\"m\",\"content_margin\":\"small\",\"content_style\":\"heading-xlarge\",\"filter_align\":\"left\",\"filter_all\":true,\"filter_grid_breakpoint\":\"m\",\"filter_grid_width\":\"auto\",\"filter_position\":\"top\",\"filter_style\":\"tab\",\"grid_default\":\"1\",\"grid_medium\":\"1\",\"icon_width\":80,\"image_align\":\"top\",\"image_grid_breakpoint\":\"m\",\"image_grid_width\":\"1-2\",\"image_svg_color\":\"emphasis\",\"item_animation\":true,\"lightbox\":false,\"link_margin\":\"small\",\"link_style\":\"link-muted\",\"link_text\":\"Read more\",\"margin\":\"default\",\"margin_remove_bottom\":false,\"meta_align\":\"below-title\",\"meta_element\":\"div\",\"meta_style\":\"text-meta\",\"panel_padding\":\"default\",\"panel_style\":\"tile-muted\",\"parallax_easing\":\"1\",\"show_content\":true,\"show_image\":true,\"show_link\":true,\"show_meta\":true,\"show_title\":true,\"title_align\":\"top\",\"title_color\":\"secondary\",\"title_element\":\"h5\",\"title_font_family\":\"primary\",\"title_grid_breakpoint\":\"m\",\"title_grid_width\":\"1-2\",\"title_hover_style\":\"reset\",\"title_margin\":\"small\",\"title_style\":\"h5\"},\"children\":[{\"type\":\"grid_item\",\"props\":{\"content\":\"\n\n<p class=\\\"p1\\\">The Healthy Worker est\\u00e1 comprometido con la educaci\\u00f3n y la asistencia a los pacientes. A continuaci\\u00f3n, encontrar\\u00e1 enlaces \\u00fatiles a sitios web relacionados con su salud.<\\\/p>\",\"icon\":\"\",\"title\":\"\"}},{\"type\":\"grid_item\",\"props\":{\"content\":\"\n\n<p class=\\\"p1\\\">Es importante conocer sus derechos como empleador o empleado. El estado de Washington ha creado una aplicaci\\u00f3n de b\\u00fasqueda \\u00fatil que puede utilizar para buscar temas tan diversos como la seguridad en el lugar de trabajo y las licencias para oficios.<\\\/p>\\n\n\n<div class=\\\"ws-resources-box\\\"><span class=\\\"ws-resources-text\\\">Pagina principal<\\\/span><span class=\\\"ws-resources-arrow\\\"><\\\/span><a class=\\\"ws-resources-button\\\" href=\\\"https:\\\/\\\/www.lni.wa.gov\\\/\\\">Labor &amp; Industries (L&amp;I), Washington State<\\\/a><\\\/div>\\n\n\n<div class=\\\"ws-resources-box\\\"><span class=\\\"ws-resources-text\\\">English<\\\/span><span class=\\\"ws-resources-arrow\\\"><\\\/span><a class=\\\"ws-resources-button\\\" href=\\\"https:\\\/\\\/lni.wa.gov\\\/agency\\\/languages\\\/english\\\">How Can We Help You Today? (wa.gov)<\\\/a><\\\/div>\\n\n\n<div class=\\\"ws-resources-box\\\"><span class=\\\"ws-resources-text\\\">Espa\\u00f1ol<\\\/span><span class=\\\"ws-resources-arrow\\\"><\\\/span><a class=\\\"ws-resources-button\\\" href=\\\"https:\\\/\\\/lni.wa.gov\\\/agency\\\/languages\\\/spanish\\\">\\u00bfC\\u00f3mo podemos ayudarle? (wa.gov)<\\\/a><\\\/div>\",\"icon\":\"\",\"title\":\"Compensaci\\u00f3n de trabajadores\"}},{\"type\":\"grid_item\",\"props\":{\"content\":\"\n\n<p class=\\\"p1\\\"><\\\/p>\\n\n\n<div class=\\\"ws-resources-box\\\"><span class=\\\"ws-resources-text\\\">P\\u00e1gina principal para empleadores<\\\/span><span class=\\\"ws-resources-arrow\\\"><\\\/span><a class=\\\"ws-resources-button\\\" href=\\\"https:\\\/\\\/lni.wa.gov\\\/for-business\\\">Para empresas (wa.gov)<\\\/a><\\\/div>\\n\n\n<div class=\\\"ws-resources-box\\\"><span class=\\\"ws-resources-text\\\">P\\u00e1gina de proceso de reclamos<\\\/span><span class=\\\"ws-resources-arrow\\\"><\\\/span><a class=\\\"ws-resources-button\\\" href=\\\"https:\\\/\\\/lni.wa.gov\\\/claims\\\/for-employers\\\/injured-worker-what-you-need-to-know\\\/\\\">\\u00bfTrabajador lesionado? Lo que necesita saber (wa.gov)<\\\/a><\\\/div>\\n\n\n<div class=\\\"ws-resources-box\\\"><span class=\\\"ws-resources-text\\\"> Incentivos<\\\/span><span class=\\\"ws-resources-arrow\\\"><\\\/span><a class=\\\"ws-resources-button\\\" href=\\\"https:\\\/\\\/lni.wa.gov\\\/claims\\\/for-employers\\\/employer-incentives\\\/\\\">Incentivos para empleadores (wa.gov)<\\\/a><\\\/div>\\n\n\n<div class=\\\"ws-resources-box\\\"><span class=\\\"ws-resources-text\\\">Plan de permanencia en el trabajo<\\\/span><span class=\\\"ws-resources-arrow\\\"><\\\/span><a class=\\\"ws-resources-button\\\" href=\\\"https:\\\/\\\/lni.wa.gov\\\/claims\\\/for-employers\\\/employer-incentives\\\/stay-at-work\\\">Programa de permanencia en el trabajo (wa.gov)<\\\/a><\\\/div>\\n\n\n<div class=\\\"ws-resources-box\\\"><span class=\\\"ws-resources-text\\\">Regreso al trabajo<\\\/span><span class=\\\"ws-resources-arrow\\\"><\\\/span><a class=\\\"ws-resources-button\\\" href=\\\"https:\\\/\\\/lni.wa.gov\\\/claims\\\/for-employers\\\/help-your-employee-return-to-work\\\">Ayude a su empleado a regresar al trabajo (wa.gov) <\\\/a><\\\/div>\\n\n\n<div class=\\\"ws-resources-box\\\"><span class=\\\"ws-resources-text\\\">Kit de herramientas para el regreso al trabajo <\\\/span><span class=\\\"ws-resources-arrow\\\"><\\\/span><a class=\\\"ws-resources-button\\\" href=\\\"https:\\\/\\\/lni.wa.gov\\\/forms-publications\\\/F243-282-000.pdf\\\">Formularios y publicaciones B\\u00fasqueda (wa.gov); F243-282-000 Kit de herramientas para el regreso al trabajo (wa.gov) <\\\/a><\\\/div>\",\"icon\":\"\",\"title\":\"Enlaces para empleadores\"}},{\"type\":\"grid_item\",\"props\":{\"content\":\"\n\n<p class=\\\"p1\\\"><\\\/p>\\n\n\n<div class=\\\"ws-resources-box\\\"><span class=\\\"ws-resources-text\\\">P\\u00e1gina principal para empleados<\\\/span><span class=\\\"ws-resources-arrow\\\"><\\\/span><a class=\\\"ws-resources-button\\\" href=\\\"https:\\\/\\\/lni.wa.gov\\\/for-workers\\\">Para trabajadores (wa.gov)<\\\/a><\\\/div>\\n\n\n<div class=\\\"ws-resources-box\\\"><span class=\\\"ws-resources-text\\\">P\\u00e1gina principal de derechos:<\\\/span><span class=\\\"ws-resources-arrow\\\"><\\\/span><a class=\\\"ws-resources-button\\\" href=\\\"https:\\\/\\\/lni.wa.gov\\\/workers-rights\\\/\\\">Derechos de los trabajadores (wa.gov)<\\\/a><\\\/div>\\n\n\n<div class=\\\"ws-resources-box\\\"><span class=\\\"ws-resources-text\\\">P\\u00e1gina principal de inicio de lesiones<\\\/span><span class=\\\"ws-resources-arrow\\\"><\\\/span><a class=\\\"ws-resources-button\\\" href=\\\"https:\\\/\\\/lni.wa.gov\\\/claims\\\/for-workers\\\/injured-what-you-need-to-know\\\/\\\">\\u00bfLesionado? Lo que necesita saber (wa.gov) <\\\/a><\\\/div>\\n\n\n<div class=\\\"ws-resources-box\\\"><span class=\\\"ws-resources-text\\\">Taller\\\/Capacitaci\\u00f3n<\\\/span><span class=\\\"ws-resources-arrow\\\"><\\\/span><a class=\\\"ws-resources-button\\\" href=\\\"https:\\\/\\\/lni.wa.gov\\\/workshops-training\\\/index\\\">Talleres y centro de capacitaci\\u00f3n (wa.gov)<\\\/a><\\\/div>\\n\n\n<div class=\\\"ws-resources-box\\\"><span class=\\\"ws-resources-text\\\">Ingl\\u00e9s Ayuda para trabajadores lesionados de empleadores autoasegurados<\\\/span><span class=\\\"ws-resources-arrow\\\"><\\\/span><a class=\\\"ws-resources-button\\\" href=\\\"https:\\\/\\\/ombuds.selfinsured.wa.gov\\\/\\\">Oficina del Defensor del Pueblo (wa.gov)<\\\/a><\\\/div>\\n\n\n<div class=\\\"ws-resources-box\\\"><span class=\\\"ws-resources-text\\\">Espa\\u00f1ol Ayuda para trabajadores lesionados de empleadores autoasegurados<\\\/span><span class=\\\"ws-resources-arrow\\\"><\\\/span><a class=\\\"ws-resources-button\\\" href=\\\"https:\\\/\\\/lni.wa.gov\\\/agency\\\/languages\\\/spanish\\\">Oficina del Defensor del Pueblo (wa.gov)<\\\/a><\\\/div>\",\"icon\":\"\",\"title\":\"Enlaces de empleados\"}},{\"type\":\"grid_item\",\"props\":{\"content\":\"\n\n<p class=\\\"p1\\\">Ubicaci\\u00f3n de la oficina local de L&amp;I<br \\\/>1205 Ahtanum Ridge Dr. Suite 3<br \\\/>Union Gap, WA 98903<\\\/p>\\n\n\n<p class=\\\"p1\\\"><span class=\\\"s1\\\"><a href=\\\"https:\\\/\\\/lni.wa.gov\\\/agency\\\/contact\\\/#office-locations\\\">Ubicaciones de oficinas<\\\/a><\\\/span><\\\/p>\\n\n\n<p class=\\\"p2\\\"><span class=\\\"s2\\\">Tel\\u00e9fono: <a href=\\\"tel:5094543700\\\"><span class=\\\"s3\\\">509-454-3700<\\\/span><\\\/a><\\\/span><\\\/p>\\n\n\n<p class=\\\"p4\\\">TTY*:\\u00a0<a href=\\\"tel:+11-800-833-6388\\\"><span class=\\\"s3\\\">1-800-833-6388<\\\/span><\\\/a> (Para personas con discapacidad auditiva)<\\\/p>\",\"icon\":\"\",\"title\":\"Informaci\\u00f3n de contacto de L&I\"}},{\"type\":\"grid_item\",\"props\":{\"content\":\"\n\n<p class=\\\"p1\\\"><\\\/p>\\n\n\n<div class=\\\"ws-resources-box\\\"><\\\/div>\\n\n\n<div class=\\\"ws-resources-box\\\"><span class=\\\"ws-resources-text\\\"> Diabetes<\\\/span><span class=\\\"ws-resources-arrow\\\"><\\\/span><a class=\\\"ws-resources-button\\\" href=\\\"http:\\\/\\\/www.diabetes.org\\\">www.diabetes.org<\\\/a><\\\/div>\\n\n\n<div class=\\\"ws-resources-box\\\"><span class=\\\"ws-resources-text\\\">Asma<\\\/span><span class=\\\"ws-resources-arrow\\\"><\\\/span><a class=\\\"ws-resources-button\\\" href=\\\"http:\\\/\\\/www.lungusa.org\\\">www.lungusa.org<\\\/a><\\\/div>\\n\n\n<div class=\\\"ws-resources-box\\\"><span class=\\\"ws-resources-text\\\">Hipertensi\\u00f3n<\\\/span><span class=\\\"ws-resources-arrow\\\"><\\\/span><a class=\\\"ws-resources-button\\\" href=\\\"http:\\\/\\\/www.americanheart.org\\\">www.americanheart.org <\\\/a><\\\/div>\\n\n\n<div class=\\\"ws-resources-box\\\"><span class=\\\"ws-resources-text\\\">Atenci\\u00f3n al paciente e informaci\\u00f3n sanitaria<\\\/span><span class=\\\"ws-resources-arrow\\\"><\\\/span><a class=\\\"ws-resources-button\\\" href=\\\"http:\\\/\\\/www.mayoclinic.org\\\">www.mayoclinic.org <\\\/a><\\\/div>\\n\n\n<div class=\\\"ws-resources-box\\\"><span class=\\\"ws-resources-text\\\">Ejercicios en Espa\\u00f1ol<\\\/span><span class=\\\"ws-resources-arrow\\\"><\\\/span><a class=\\\"ws-resources-button\\\" href=\\\"https:\\\/\\\/www.healthinfotranslations.org\\\/language\\\/spanish\\\/524152\\\/topic\\\/exercise_and_rehabilitation\\\/53747\\\">Ejercicio y Rehabilitaci\\u00f3n en Espa\\u00f1ol<\\\/a><\\\/div>\",\"icon\":\"\",\"title\":\"Condiciones de salud\"}}]}]}]}]}],\"version\":\"4.4.18\"} --><\/p>\n","protected":false},"excerpt":{"rendered":"<p>Recursos The Healthy Worker est\u00e1 comprometido con la educaci\u00f3n y la asistencia a los pacientes. A continuaci\u00f3n, encontrar\u00e1 enlaces \u00fatiles a sitios web relacionados con su salud. Compensaci\u00f3n de trabajadores Es importante conocer sus derechos como empleador o empleado. El estado de Washington ha creado una aplicaci\u00f3n de b\u00fasqueda \u00fatil que puede utilizar para buscar [&hellip;]<\/p>\n","protected":false},"author":1,"featured_media":0,"parent":0,"menu_order":0,"comment_status":"closed","ping_status":"closed","template":"","meta":{"footnotes":""},"class_list":["post-1359","page","type-page","status-publish","hentry"],"yoast_head":"<!-- This site is optimized with the Yoast SEO plugin v27.3 - https:\/\/yoast.com\/product\/yoast-seo-wordpress\/ -->\n<title>El Trabajador Sano | Recursos | Yakima y Toppenish WA<\/title>\n<meta name=\"description\" content=\"El Trabajador Sano est\u00e1 comprometido con la educaci\u00f3n y la asistencia al paciente. A continuaci\u00f3n encontrar\u00e1s enlaces \u00fatiles a sitios web relacionados con tu salud. Ponte en contacto hoy mismo para saber c\u00f3mo podemos ayudarte.\" \/>\n<meta name=\"robots\" content=\"index, follow, max-snippet:-1, max-image-preview:large, max-video-preview:-1\" \/>\n<link rel=\"canonical\" href=\"https:\/\/new.thehealthyworker.co\/es\/recursos\/\" \/>\n<meta property=\"og:locale\" content=\"es_ES\" \/>\n<meta property=\"og:type\" content=\"article\" \/>\n<meta property=\"og:title\" content=\"El Trabajador Sano | Recursos | Yakima y Toppenish WA\" \/>\n<meta property=\"og:description\" content=\"El Trabajador Sano est\u00e1 comprometido con la educaci\u00f3n y la asistencia al paciente. A continuaci\u00f3n encontrar\u00e1s enlaces \u00fatiles a sitios web relacionados con tu salud. Ponte en contacto hoy mismo para saber c\u00f3mo podemos ayudarte.\" \/>\n<meta property=\"og:url\" content=\"https:\/\/new.thehealthyworker.co\/es\/recursos\/\" \/>\n<meta property=\"og:site_name\" content=\"WSI Action Hosting - new.thehealthyworker.co\" \/>\n<meta property=\"article:modified_time\" content=\"2024-12-23T18:49:30+00:00\" \/>\n<meta name=\"twitter:card\" content=\"summary_large_image\" \/>\n<meta name=\"twitter:label1\" content=\"Tiempo de lectura\" \/>\n\t<meta name=\"twitter:data1\" content=\"2 minutos\" \/>\n<script type=\"application\/ld+json\" class=\"yoast-schema-graph\">{\"@context\":\"https:\\\/\\\/schema.org\",\"@graph\":[{\"@type\":\"WebPage\",\"@id\":\"https:\\\/\\\/new.thehealthyworker.co\\\/es\\\/recursos\\\/\",\"url\":\"https:\\\/\\\/new.thehealthyworker.co\\\/es\\\/recursos\\\/\",\"name\":\"El Trabajador Sano | Recursos | Yakima y Toppenish WA\",\"isPartOf\":{\"@id\":\"https:\\\/\\\/new.thehealthyworker.co\\\/es\\\/#website\"},\"datePublished\":\"2021-12-17T10:53:31+00:00\",\"dateModified\":\"2024-12-23T18:49:30+00:00\",\"description\":\"El Trabajador Sano est\u00e1 comprometido con la educaci\u00f3n y la asistencia al paciente. A continuaci\u00f3n encontrar\u00e1s enlaces \u00fatiles a sitios web relacionados con tu salud. Ponte en contacto hoy mismo para saber c\u00f3mo podemos ayudarte.\",\"breadcrumb\":{\"@id\":\"https:\\\/\\\/new.thehealthyworker.co\\\/es\\\/recursos\\\/#breadcrumb\"},\"inLanguage\":\"es\",\"potentialAction\":[{\"@type\":\"ReadAction\",\"target\":[\"https:\\\/\\\/new.thehealthyworker.co\\\/es\\\/recursos\\\/\"]}]},{\"@type\":\"BreadcrumbList\",\"@id\":\"https:\\\/\\\/new.thehealthyworker.co\\\/es\\\/recursos\\\/#breadcrumb\",\"itemListElement\":[{\"@type\":\"ListItem\",\"position\":1,\"name\":\"Home\",\"item\":\"https:\\\/\\\/new.thehealthyworker.co\\\/es\\\/inicio\\\/\"},{\"@type\":\"ListItem\",\"position\":2,\"name\":\"Recursos\"}]},{\"@type\":\"WebSite\",\"@id\":\"https:\\\/\\\/new.thehealthyworker.co\\\/es\\\/#website\",\"url\":\"https:\\\/\\\/new.thehealthyworker.co\\\/es\\\/\",\"name\":\"WSI Action Hosting - new.thehealthyworker.co\",\"description\":\"Google Web Host\",\"potentialAction\":[{\"@type\":\"SearchAction\",\"target\":{\"@type\":\"EntryPoint\",\"urlTemplate\":\"https:\\\/\\\/new.thehealthyworker.co\\\/es\\\/?s={search_term_string}\"},\"query-input\":{\"@type\":\"PropertyValueSpecification\",\"valueRequired\":true,\"valueName\":\"search_term_string\"}}],\"inLanguage\":\"es\"}]}<\/script>\n<!-- \/ Yoast SEO plugin. -->","yoast_head_json":{"title":"El Trabajador Sano | Recursos | Yakima y Toppenish WA","description":"El Trabajador Sano est\u00e1 comprometido con la educaci\u00f3n y la asistencia al paciente. A continuaci\u00f3n encontrar\u00e1s enlaces \u00fatiles a sitios web relacionados con tu salud. Ponte en contacto hoy mismo para saber c\u00f3mo podemos ayudarte.","robots":{"index":"index","follow":"follow","max-snippet":"max-snippet:-1","max-image-preview":"max-image-preview:large","max-video-preview":"max-video-preview:-1"},"canonical":"https:\/\/new.thehealthyworker.co\/es\/recursos\/","og_locale":"es_ES","og_type":"article","og_title":"El Trabajador Sano | Recursos | Yakima y Toppenish WA","og_description":"El Trabajador Sano est\u00e1 comprometido con la educaci\u00f3n y la asistencia al paciente. A continuaci\u00f3n encontrar\u00e1s enlaces \u00fatiles a sitios web relacionados con tu salud. Ponte en contacto hoy mismo para saber c\u00f3mo podemos ayudarte.","og_url":"https:\/\/new.thehealthyworker.co\/es\/recursos\/","og_site_name":"WSI Action Hosting - new.thehealthyworker.co","article_modified_time":"2024-12-23T18:49:30+00:00","twitter_card":"summary_large_image","twitter_misc":{"Tiempo de lectura":"2 minutos"},"schema":{"@context":"https:\/\/schema.org","@graph":[{"@type":"WebPage","@id":"https:\/\/new.thehealthyworker.co\/es\/recursos\/","url":"https:\/\/new.thehealthyworker.co\/es\/recursos\/","name":"El Trabajador Sano | Recursos | Yakima y Toppenish WA","isPartOf":{"@id":"https:\/\/new.thehealthyworker.co\/es\/#website"},"datePublished":"2021-12-17T10:53:31+00:00","dateModified":"2024-12-23T18:49:30+00:00","description":"El Trabajador Sano est\u00e1 comprometido con la educaci\u00f3n y la asistencia al paciente. A continuaci\u00f3n encontrar\u00e1s enlaces \u00fatiles a sitios web relacionados con tu salud. Ponte en contacto hoy mismo para saber c\u00f3mo podemos ayudarte.","breadcrumb":{"@id":"https:\/\/new.thehealthyworker.co\/es\/recursos\/#breadcrumb"},"inLanguage":"es","potentialAction":[{"@type":"ReadAction","target":["https:\/\/new.thehealthyworker.co\/es\/recursos\/"]}]},{"@type":"BreadcrumbList","@id":"https:\/\/new.thehealthyworker.co\/es\/recursos\/#breadcrumb","itemListElement":[{"@type":"ListItem","position":1,"name":"Home","item":"https:\/\/new.thehealthyworker.co\/es\/inicio\/"},{"@type":"ListItem","position":2,"name":"Recursos"}]},{"@type":"WebSite","@id":"https:\/\/new.thehealthyworker.co\/es\/#website","url":"https:\/\/new.thehealthyworker.co\/es\/","name":"WSI Action Hosting - new.thehealthyworker.co","description":"Google Web Host","potentialAction":[{"@type":"SearchAction","target":{"@type":"EntryPoint","urlTemplate":"https:\/\/new.thehealthyworker.co\/es\/?s={search_term_string}"},"query-input":{"@type":"PropertyValueSpecification","valueRequired":true,"valueName":"search_term_string"}}],"inLanguage":"es"}]}},"_links":{"self":[{"href":"https:\/\/new.thehealthyworker.co\/es\/wp-json\/wp\/v2\/pages\/1359","targetHints":{"allow":["GET"]}}],"collection":[{"href":"https:\/\/new.thehealthyworker.co\/es\/wp-json\/wp\/v2\/pages"}],"about":[{"href":"https:\/\/new.thehealthyworker.co\/es\/wp-json\/wp\/v2\/types\/page"}],"author":[{"embeddable":true,"href":"https:\/\/new.thehealthyworker.co\/es\/wp-json\/wp\/v2\/users\/1"}],"replies":[{"embeddable":true,"href":"https:\/\/new.thehealthyworker.co\/es\/wp-json\/wp\/v2\/comments?post=1359"}],"version-history":[{"count":3,"href":"https:\/\/new.thehealthyworker.co\/es\/wp-json\/wp\/v2\/pages\/1359\/revisions"}],"predecessor-version":[{"id":1449,"href":"https:\/\/new.thehealthyworker.co\/es\/wp-json\/wp\/v2\/pages\/1359\/revisions\/1449"}],"wp:attachment":[{"href":"https:\/\/new.thehealthyworker.co\/es\/wp-json\/wp\/v2\/media?parent=1359"}],"curies":[{"name":"wp","href":"https:\/\/api.w.org\/{rel}","templated":true}]}}