{"id":1358,"date":"2021-12-17T10:53:50","date_gmt":"2021-12-17T10:53:50","guid":{"rendered":"https:\/\/new.thehealthyworker.co\/paciente\/"},"modified":"2024-12-10T22:35:32","modified_gmt":"2024-12-10T22:35:32","slug":"paciente","status":"publish","type":"page","link":"https:\/\/new.thehealthyworker.co\/es\/paciente\/","title":{"rendered":"Paciente"},"content":{"rendered":"<h2>Formularios para pacientes<\/h2>\n<div>\n<p>Esta es su fuente \u00fanica para TODOS los formularios de pacientes. Ya sea que sea un paciente nuevo que completa el formulario por primera vez o un paciente que regresa con nueva informaci\u00f3n de contacto, aqu\u00ed encontrar\u00e1 los formularios adecuados. \u00bfNo est\u00e1 seguro de lo que necesita? \u00a1Llame con anticipaci\u00f3n para que nuestro amable personal pueda ayudarlo a ahorrar tiempo y asistir a su cita preparado!<\/p>\n<\/div>\n<div>\n<h5>Paquete de registro de lesiones<\/h5>\n<p>Descargue y complete el formulario<\/p>\n<p><a href=\"\/wp-content\/uploads\/2024\/12\/InjuryRegistrationPacket_Revised3.pdf\">Descargar formulario<\/a><\/p>\n<\/div>\n<div>\n<h5>Paquete f\u00edsico b\u00e1sico<\/h5>\n<p>Descargue y complete el formulario<\/p>\n<p><a href=\"\/wp-content\/uploads\/2024\/10\/Patient-Information-Sheet-002.docx\">Descargar formulario<\/a><\/p>\n<\/div>\n<div>\n<h5>Formularios de examen del DOT<\/h5>\n<p>Descargue y complete el formulario<\/p>\n<div>\n<p>Si tiene condiciones m\u00e9dicas que requieren una exenci\u00f3n (insulina\/visi\u00f3n), haga clic en el enlace, impr\u00edmalo y solicite a su proveedor que lo complete y lo lleve consigo a su cita programada.<\/p>\n<p><a href=\"https:\/\/www.fmcsa.dot.gov\/regulations\/medical\/vision-evaluation-report-form-mcsa-5871\">Formulario de evaluaci\u00f3n visual<\/a><\/p>\n<p><a href=\"https:\/\/www.fmcsa.dot.gov\/regulations\/medical\/insulin-treated-diabetes-mellitus-assessment-form-mcsa-5870\">Formulario de diabetes tratada con insulina<\/a><\/p>\n<p><a href=\"https:\/\/www.fmcsa.dot.gov\/regulations\/medical\/non-insulin-treated-diabetes-mellitus-assessment-form-mcsa-5872-optional\">Formulario de diabetes no tratada con insulina<\/a><\/p>\n<p><a href=\"https:\/\/www.fmcsa.dot.gov\/regulations\/medical\/39141-cmv-driver-medication-form-mcsa-5895-optional\">Formulario de medicaci\u00f3n para conductores de CMV\\<\/a><\/p>\n<\/div>\n<p><a href=\"\/wp-content\/uploads\/2022\/04\/DOT-Packet-Forms-Revised.pdf\">Descargar formulario<\/a><\/p>\n<\/div>\n<div>\n<h5>Formulario de verificaci\u00f3n de insulina para atenci\u00f3n primaria<\/h5>\n<p>Descargue y complete el formulario<\/p>\n<div>\n<p>Si tiene condiciones m\u00e9dicas que requieren una exenci\u00f3n (insulina\/visi\u00f3n), haga clic en el enlace, impr\u00edmalo y solicite a su proveedor que lo complete y lo lleve consigo a su cita programada.<\/p>\n<p><a href=\"https:\/\/www.fmcsa.dot.gov\/medical\/driver-medical-requirements\/medical-applications-and-forms\">Solicitudes y formularios m\u00e9dicos<\/a><\/p>\n<\/div>\n<p><a href=\"\/wp-content\/uploads\/2022\/05\/Primary-Care-Insulin-Verification-Form.pdf\">Descargar formulario<\/a><\/p>\n<\/div>\n<div>\n<h5>La orden de servicio<\/h5>\n<p>Descargue y complete el formulario<\/p>\n<p><a href=\"\/wp-content\/uploads\/2024\/10\/Service-order-pads-white-3.pdf\">Descargar formulario<\/a><\/p>\n<\/div>\n<div>\n<h5>Cuestionario respiratorio (Ingl\u00e9s)<\/h5>\n<p>Descargue y complete el formulario<\/p>\n<p><a href=\"\/wp-content\/uploads\/2022\/05\/Respiratory-Questionnaire-English-2022.pdf\">Descargar formulario<\/a><\/p>\n<\/div>\n<div>\n<h5>Cuestionario respiratorio (Espa\u00f1ol)<\/h5>\n<p>Descargue y complete el formulario<\/p>\n<p><a href=\"\/wp-content\/uploads\/2022\/05\/Respiratory-Questionnaire-Spanish-2022.pdf\">Descargar formulario<\/a><\/p>\n<\/div>\n<p><!--more--><br \/>\n<!-- {\"type\":\"layout\",\"children\":[{\"type\":\"section\",\"props\":{\"class\":\"ws-medical-banner\",\"image\":\"wp-content\\\/uploads\\\/2022\\\/04\\\/Patient-Forms-Banner-01.png\",\"image_position\":\"center-center\",\"image_size\":\"cover\",\"media_overlay\":\"rgba(25, 25, 25, 0.5)\",\"padding\":\"large\",\"style\":\"default\",\"title_breakpoint\":\"xl\",\"title_position\":\"top-left\",\"title_rotation\":\"left\",\"vertical_align\":\"\",\"width\":\"\"},\"children\":[{\"type\":\"row\",\"children\":[{\"type\":\"column\",\"props\":{\"image_position\":\"center-center\",\"position_sticky_breakpoint\":\"m\"},\"children\":[{\"type\":\"headline\",\"props\":{\"content\":\"Formularios para pacientes\",\"text_align\":\"center\",\"title_element\":\"h2\"}},{\"type\":\"text\",\"props\":{\"block_align\":\"center\",\"column_breakpoint\":\"m\",\"content\":\"\n\n<p>Esta es su fuente \\u00fanica para TODOS los formularios de pacientes. Ya sea que sea un paciente nuevo que completa el formulario por primera vez o un paciente que regresa con nueva informaci\\u00f3n de contacto, aqu\\u00ed encontrar\\u00e1 los formularios adecuados. \\u00bfNo est\\u00e1 seguro de lo que necesita? \\u00a1Llame con anticipaci\\u00f3n para que nuestro amable personal pueda ayudarlo a ahorrar tiempo y asistir a su cita preparado!<\\\/p>\",\"margin\":\"default\",\"maxwidth\":\"xlarge\",\"text_align\":\"center\"}}]}]}],\"modified\":\"2021-12-20T18:37:47.600Z\",\"name\":\"top-banner\"},{\"type\":\"section\",\"props\":{\"image_position\":\"center-center\",\"style\":\"default\",\"title_breakpoint\":\"xl\",\"title_position\":\"top-left\",\"title_rotation\":\"left\",\"vertical_align\":\"\",\"width\":\"default\"},\"children\":[{\"type\":\"row\",\"children\":[{\"type\":\"column\",\"props\":{\"image_position\":\"center-center\",\"position_sticky_breakpoint\":\"m\"},\"children\":[{\"type\":\"panel\",\"props\":{\"content\":\"\",\"content_column_breakpoint\":\"m\",\"content_style\":\"heading-small\",\"icon_width\":80,\"image_align\":\"top\",\"image_grid_breakpoint\":\"m\",\"image_grid_width\":\"1-2\",\"image_svg_color\":\"emphasis\",\"link\":\"wp-content\\\/uploads\\\/2024\\\/12\\\/InjuryRegistrationPacket_Revised3.pdf\",\"link_margin\":\"medium\",\"link_style\":\"secondary\",\"link_text\":\"Descargar formulario\",\"margin\":\"default\",\"meta\":\"Descargue y complete el formulario\",\"meta_align\":\"below-title\",\"meta_element\":\"div\",\"meta_margin\":\"remove\",\"meta_style\":\"heading-medium\",\"title\":\"Paquete de registro de lesiones\",\"title_align\":\"top\",\"title_color\":\"muted\",\"title_element\":\"h5\",\"title_font_family\":\"secondary\",\"title_grid_breakpoint\":\"m\",\"title_grid_width\":\"1-2\",\"title_hover_style\":\"reset\"}}]}]}]},{\"type\":\"section\",\"props\":{\"image_position\":\"center-center\",\"padding_remove_top\":true,\"style\":\"default\",\"title_breakpoint\":\"xl\",\"title_position\":\"top-left\",\"title_rotation\":\"left\",\"vertical_align\":\"\",\"width\":\"default\"},\"children\":[{\"type\":\"row\",\"children\":[{\"type\":\"column\",\"props\":{\"image_position\":\"center-center\",\"position_sticky_breakpoint\":\"m\"},\"children\":[{\"type\":\"panel\",\"props\":{\"content\":\"\",\"content_column_breakpoint\":\"m\",\"content_style\":\"heading-small\",\"icon_width\":80,\"image_align\":\"top\",\"image_grid_breakpoint\":\"m\",\"image_grid_width\":\"1-2\",\"image_svg_color\":\"emphasis\",\"link\":\"wp-content\\\/uploads\\\/2024\\\/10\\\/Patient-Information-Sheet-002.docx\",\"link_margin\":\"medium\",\"link_style\":\"secondary\",\"link_text\":\"Descargar formulario\",\"margin\":\"default\",\"meta\":\"Descargue y complete el formulario\",\"meta_align\":\"below-title\",\"meta_element\":\"div\",\"meta_margin\":\"remove\",\"meta_style\":\"heading-medium\",\"title\":\"Paquete f\\u00edsico b\\u00e1sico\",\"title_align\":\"top\",\"title_color\":\"muted\",\"title_element\":\"h5\",\"title_font_family\":\"secondary\",\"title_grid_breakpoint\":\"m\",\"title_grid_width\":\"1-2\",\"title_hover_style\":\"reset\"}}]}]}]},{\"type\":\"section\",\"props\":{\"image_position\":\"center-center\",\"padding_remove_top\":true,\"style\":\"default\",\"title_breakpoint\":\"xl\",\"title_position\":\"top-left\",\"title_rotation\":\"left\",\"vertical_align\":\"\",\"width\":\"default\"},\"children\":[{\"type\":\"row\",\"children\":[{\"type\":\"column\",\"props\":{\"image_position\":\"center-center\",\"position_sticky_breakpoint\":\"m\"},\"children\":[{\"type\":\"panel\",\"props\":{\"content\":\"\n\n<p>Si tiene condiciones m\\u00e9dicas que requieren una exenci\\u00f3n (insulina\\\/visi\\u00f3n), haga clic en el enlace, impr\\u00edmalo y solicite a su proveedor que lo complete y lo lleve consigo a su cita programada.<\\\/p>\\n\n\n<p><a href=\\\"https:\\\/\\\/www.fmcsa.dot.gov\\\/regulations\\\/medical\\\/vision-evaluation-report-form-mcsa-5871\\\">Formulario de evaluaci\\u00f3n visual<\\\/a><\\\/p>\\n\n\n<p><a href=\\\"https:\\\/\\\/www.fmcsa.dot.gov\\\/regulations\\\/medical\\\/insulin-treated-diabetes-mellitus-assessment-form-mcsa-5870\\\">Formulario de diabetes tratada con insulina<\\\/a><\\\/p>\\n\n\n<p><a href=\\\"https:\\\/\\\/www.fmcsa.dot.gov\\\/regulations\\\/medical\\\/non-insulin-treated-diabetes-mellitus-assessment-form-mcsa-5872-optional\\\">Formulario de diabetes no tratada con insulina<\\\/a><\\\/p>\\n\n\n<p><a href=\\\"https:\\\/\\\/www.fmcsa.dot.gov\\\/regulations\\\/medical\\\/39141-cmv-driver-medication-form-mcsa-5895-optional\\\">Formulario de medicaci\\u00f3n para conductores de CMV\\\\<\\\/a><\\\/p>\",\"content_column_breakpoint\":\"m\",\"content_style\":\"heading-small\",\"icon_width\":80,\"image_align\":\"top\",\"image_grid_breakpoint\":\"m\",\"image_grid_width\":\"1-2\",\"image_svg_color\":\"emphasis\",\"link\":\"wp-content\\\/uploads\\\/2022\\\/04\\\/DOT-Packet-Forms-Revised.pdf\",\"link_margin\":\"medium\",\"link_style\":\"secondary\",\"link_text\":\"Descargar formulario\",\"margin\":\"default\",\"meta\":\"Descargue y complete el formulario\",\"meta_align\":\"below-title\",\"meta_element\":\"div\",\"meta_margin\":\"remove\",\"meta_style\":\"heading-medium\",\"title\":\"Formularios de examen del DOT\",\"title_align\":\"top\",\"title_color\":\"muted\",\"title_element\":\"h5\",\"title_font_family\":\"secondary\",\"title_grid_breakpoint\":\"m\",\"title_grid_width\":\"1-2\",\"title_hover_style\":\"reset\"}}]}]}]},{\"type\":\"section\",\"props\":{\"image_position\":\"center-center\",\"padding_remove_top\":true,\"style\":\"default\",\"title_breakpoint\":\"xl\",\"title_position\":\"top-left\",\"title_rotation\":\"left\",\"vertical_align\":\"\",\"width\":\"default\"},\"children\":[{\"type\":\"row\",\"children\":[{\"type\":\"column\",\"props\":{\"image_position\":\"center-center\",\"position_sticky_breakpoint\":\"m\"},\"children\":[{\"type\":\"panel\",\"props\":{\"content\":\"\n\n<p>Si tiene condiciones m\\u00e9dicas que requieren una exenci\\u00f3n (insulina\\\/visi\\u00f3n), haga clic en el enlace, impr\\u00edmalo y solicite a su proveedor que lo complete y lo lleve consigo a su cita programada.<\\\/p>\\n\n\n<p><a href=\\\"https:\\\/\\\/www.fmcsa.dot.gov\\\/medical\\\/driver-medical-requirements\\\/medical-applications-and-forms\\\">Solicitudes y formularios m\\u00e9dicos<\\\/a><\\\/p>\",\"content_column_breakpoint\":\"m\",\"content_style\":\"heading-small\",\"icon_width\":80,\"image_align\":\"top\",\"image_grid_breakpoint\":\"m\",\"image_grid_width\":\"1-2\",\"image_svg_color\":\"emphasis\",\"link\":\"wp-content\\\/uploads\\\/2022\\\/05\\\/Primary-Care-Insulin-Verification-Form.pdf\",\"link_margin\":\"medium\",\"link_style\":\"secondary\",\"link_text\":\"Descargar formulario\",\"margin\":\"default\",\"meta\":\"Descargue y complete el formulario\",\"meta_align\":\"below-title\",\"meta_element\":\"div\",\"meta_margin\":\"remove\",\"meta_style\":\"heading-medium\",\"title\":\"Formulario de verificaci\\u00f3n de insulina para atenci\\u00f3n primaria\",\"title_align\":\"top\",\"title_color\":\"muted\",\"title_element\":\"h5\",\"title_font_family\":\"secondary\",\"title_grid_breakpoint\":\"m\",\"title_grid_width\":\"1-2\",\"title_hover_style\":\"reset\"}}]}]}]},{\"type\":\"section\",\"props\":{\"image_position\":\"center-center\",\"padding_remove_top\":true,\"style\":\"default\",\"title_breakpoint\":\"xl\",\"title_position\":\"top-left\",\"title_rotation\":\"left\",\"vertical_align\":\"\",\"width\":\"default\"},\"children\":[{\"type\":\"row\",\"children\":[{\"type\":\"column\",\"props\":{\"image_position\":\"center-center\",\"position_sticky_breakpoint\":\"m\"},\"children\":[{\"type\":\"panel\",\"props\":{\"content\":\"\",\"content_column_breakpoint\":\"m\",\"content_style\":\"heading-small\",\"icon_width\":80,\"image_align\":\"top\",\"image_grid_breakpoint\":\"m\",\"image_grid_width\":\"1-2\",\"image_svg_color\":\"emphasis\",\"link\":\"wp-content\\\/uploads\\\/2024\\\/10\\\/Service-order-pads-white-3.pdf\",\"link_margin\":\"medium\",\"link_style\":\"secondary\",\"link_text\":\"Descargar formulario\",\"margin\":\"default\",\"meta\":\"Descargue y complete el formulario\",\"meta_align\":\"below-title\",\"meta_element\":\"div\",\"meta_margin\":\"remove\",\"meta_style\":\"heading-medium\",\"title\":\"La orden de servicio\",\"title_align\":\"top\",\"title_color\":\"muted\",\"title_element\":\"h5\",\"title_font_family\":\"secondary\",\"title_grid_breakpoint\":\"m\",\"title_grid_width\":\"1-2\",\"title_hover_style\":\"reset\"}}]}]}]},{\"type\":\"section\",\"props\":{\"image_position\":\"center-center\",\"padding_remove_top\":true,\"style\":\"default\",\"title_breakpoint\":\"xl\",\"title_position\":\"top-left\",\"title_rotation\":\"left\",\"vertical_align\":\"\",\"width\":\"default\"},\"children\":[{\"type\":\"row\",\"children\":[{\"type\":\"column\",\"props\":{\"image_position\":\"center-center\",\"position_sticky_breakpoint\":\"m\"},\"children\":[{\"type\":\"panel\",\"props\":{\"content\":\"\",\"content_column_breakpoint\":\"m\",\"content_style\":\"heading-small\",\"icon_width\":80,\"image_align\":\"top\",\"image_grid_breakpoint\":\"m\",\"image_grid_width\":\"1-2\",\"image_svg_color\":\"emphasis\",\"link\":\"wp-content\\\/uploads\\\/2022\\\/05\\\/Respiratory-Questionnaire-English-2022.pdf\",\"link_margin\":\"medium\",\"link_style\":\"secondary\",\"link_text\":\"Descargar formulario\",\"margin\":\"default\",\"meta\":\"Descargue y complete el formulario\",\"meta_align\":\"below-title\",\"meta_element\":\"div\",\"meta_margin\":\"remove\",\"meta_style\":\"heading-medium\",\"title\":\"Cuestionario respiratorio (Ingl\\u00e9s)\",\"title_align\":\"top\",\"title_color\":\"muted\",\"title_element\":\"h5\",\"title_font_family\":\"secondary\",\"title_grid_breakpoint\":\"m\",\"title_grid_width\":\"1-2\",\"title_hover_style\":\"reset\"}}]}]}]},{\"type\":\"section\",\"props\":{\"image_position\":\"center-center\",\"padding_remove_top\":true,\"style\":\"default\",\"title_breakpoint\":\"xl\",\"title_position\":\"top-left\",\"title_rotation\":\"left\",\"vertical_align\":\"\",\"width\":\"default\"},\"children\":[{\"type\":\"row\",\"children\":[{\"type\":\"column\",\"props\":{\"image_position\":\"center-center\",\"position_sticky_breakpoint\":\"m\"},\"children\":[{\"type\":\"panel\",\"props\":{\"content\":\"\",\"content_column_breakpoint\":\"m\",\"content_style\":\"heading-small\",\"icon_width\":80,\"image_align\":\"top\",\"image_grid_breakpoint\":\"m\",\"image_grid_width\":\"1-2\",\"image_svg_color\":\"emphasis\",\"link\":\"wp-content\\\/uploads\\\/2022\\\/05\\\/Respiratory-Questionnaire-Spanish-2022.pdf\",\"link_margin\":\"medium\",\"link_style\":\"secondary\",\"link_text\":\"Descargar formulario\",\"margin\":\"default\",\"meta\":\"Descargue y complete el formulario\",\"meta_align\":\"below-title\",\"meta_element\":\"div\",\"meta_margin\":\"remove\",\"meta_style\":\"heading-medium\",\"title\":\"Cuestionario respiratorio (Espa\\u00f1ol)\",\"title_align\":\"top\",\"title_color\":\"muted\",\"title_element\":\"h5\",\"title_font_family\":\"secondary\",\"title_grid_breakpoint\":\"m\",\"title_grid_width\":\"1-2\",\"title_hover_style\":\"reset\"}}]}]}]}],\"version\":\"4.4.16\"} --><\/p>\n","protected":false},"excerpt":{"rendered":"<p>Formularios para pacientes Esta es su fuente \u00fanica para TODOS los formularios de pacientes. Ya sea que sea un paciente nuevo que completa el formulario por primera vez o un paciente que regresa con nueva informaci\u00f3n de contacto, aqu\u00ed encontrar\u00e1 los formularios adecuados. \u00bfNo est\u00e1 seguro de lo que necesita? \u00a1Llame con anticipaci\u00f3n para que [&hellip;]<\/p>\n","protected":false},"author":1,"featured_media":0,"parent":0,"menu_order":0,"comment_status":"closed","ping_status":"closed","template":"","meta":{"footnotes":""},"class_list":["post-1358","page","type-page","status-publish","hentry"],"yoast_head":"<!-- This site is optimized with the Yoast SEO plugin v27.3 - https:\/\/yoast.com\/product\/yoast-seo-wordpress\/ -->\n<title>Formularios para pacientes | El trabajador sano | Yakima WA<\/title>\n<meta name=\"description\" content=\"Aqu\u00ed encontrar\u00e1s TODOS los formularios para pacientes. Tanto si eres un paciente nuevo que rellena el papeleo por primera vez como si vuelves con nuevos datos de contacto, aqu\u00ed encontrar\u00e1s los formularios adecuados.\" \/>\n<meta name=\"robots\" content=\"index, follow, max-snippet:-1, max-image-preview:large, max-video-preview:-1\" \/>\n<link rel=\"canonical\" href=\"https:\/\/new.thehealthyworker.co\/es\/paciente\/\" \/>\n<meta property=\"og:locale\" content=\"es_ES\" \/>\n<meta property=\"og:type\" content=\"article\" \/>\n<meta property=\"og:title\" content=\"Formularios para pacientes | El trabajador sano | Yakima WA\" \/>\n<meta property=\"og:description\" content=\"Aqu\u00ed encontrar\u00e1s TODOS los formularios para pacientes. Tanto si eres un paciente nuevo que rellena el papeleo por primera vez como si vuelves con nuevos datos de contacto, aqu\u00ed encontrar\u00e1s los formularios adecuados.\" \/>\n<meta property=\"og:url\" content=\"https:\/\/new.thehealthyworker.co\/es\/paciente\/\" \/>\n<meta property=\"og:site_name\" content=\"WSI Action Hosting - new.thehealthyworker.co\" \/>\n<meta property=\"article:modified_time\" content=\"2024-12-10T22:35:32+00:00\" \/>\n<meta name=\"twitter:card\" content=\"summary_large_image\" \/>\n<meta name=\"twitter:label1\" content=\"Tiempo de lectura\" \/>\n\t<meta name=\"twitter:data1\" content=\"1 minuto\" \/>\n<script type=\"application\/ld+json\" class=\"yoast-schema-graph\">{\"@context\":\"https:\\\/\\\/schema.org\",\"@graph\":[{\"@type\":\"WebPage\",\"@id\":\"https:\\\/\\\/new.thehealthyworker.co\\\/es\\\/paciente\\\/\",\"url\":\"https:\\\/\\\/new.thehealthyworker.co\\\/es\\\/paciente\\\/\",\"name\":\"Formularios para pacientes | El trabajador sano | Yakima WA\",\"isPartOf\":{\"@id\":\"https:\\\/\\\/new.thehealthyworker.co\\\/es\\\/#website\"},\"datePublished\":\"2021-12-17T10:53:50+00:00\",\"dateModified\":\"2024-12-10T22:35:32+00:00\",\"description\":\"Aqu\u00ed encontrar\u00e1s TODOS los formularios para pacientes. Tanto si eres un paciente nuevo que rellena el papeleo por primera vez como si vuelves con nuevos datos de contacto, aqu\u00ed encontrar\u00e1s los formularios adecuados.\",\"breadcrumb\":{\"@id\":\"https:\\\/\\\/new.thehealthyworker.co\\\/es\\\/paciente\\\/#breadcrumb\"},\"inLanguage\":\"es\",\"potentialAction\":[{\"@type\":\"ReadAction\",\"target\":[\"https:\\\/\\\/new.thehealthyworker.co\\\/es\\\/paciente\\\/\"]}]},{\"@type\":\"BreadcrumbList\",\"@id\":\"https:\\\/\\\/new.thehealthyworker.co\\\/es\\\/paciente\\\/#breadcrumb\",\"itemListElement\":[{\"@type\":\"ListItem\",\"position\":1,\"name\":\"Home\",\"item\":\"https:\\\/\\\/new.thehealthyworker.co\\\/es\\\/inicio\\\/\"},{\"@type\":\"ListItem\",\"position\":2,\"name\":\"Paciente\"}]},{\"@type\":\"WebSite\",\"@id\":\"https:\\\/\\\/new.thehealthyworker.co\\\/es\\\/#website\",\"url\":\"https:\\\/\\\/new.thehealthyworker.co\\\/es\\\/\",\"name\":\"WSI Action Hosting - new.thehealthyworker.co\",\"description\":\"Google Web Host\",\"potentialAction\":[{\"@type\":\"SearchAction\",\"target\":{\"@type\":\"EntryPoint\",\"urlTemplate\":\"https:\\\/\\\/new.thehealthyworker.co\\\/es\\\/?s={search_term_string}\"},\"query-input\":{\"@type\":\"PropertyValueSpecification\",\"valueRequired\":true,\"valueName\":\"search_term_string\"}}],\"inLanguage\":\"es\"}]}<\/script>\n<!-- \/ Yoast SEO plugin. -->","yoast_head_json":{"title":"Formularios para pacientes | El trabajador sano | Yakima WA","description":"Aqu\u00ed encontrar\u00e1s TODOS los formularios para pacientes. Tanto si eres un paciente nuevo que rellena el papeleo por primera vez como si vuelves con nuevos datos de contacto, aqu\u00ed encontrar\u00e1s los formularios adecuados.","robots":{"index":"index","follow":"follow","max-snippet":"max-snippet:-1","max-image-preview":"max-image-preview:large","max-video-preview":"max-video-preview:-1"},"canonical":"https:\/\/new.thehealthyworker.co\/es\/paciente\/","og_locale":"es_ES","og_type":"article","og_title":"Formularios para pacientes | El trabajador sano | Yakima WA","og_description":"Aqu\u00ed encontrar\u00e1s TODOS los formularios para pacientes. Tanto si eres un paciente nuevo que rellena el papeleo por primera vez como si vuelves con nuevos datos de contacto, aqu\u00ed encontrar\u00e1s los formularios adecuados.","og_url":"https:\/\/new.thehealthyworker.co\/es\/paciente\/","og_site_name":"WSI Action Hosting - new.thehealthyworker.co","article_modified_time":"2024-12-10T22:35:32+00:00","twitter_card":"summary_large_image","twitter_misc":{"Tiempo de lectura":"1 minuto"},"schema":{"@context":"https:\/\/schema.org","@graph":[{"@type":"WebPage","@id":"https:\/\/new.thehealthyworker.co\/es\/paciente\/","url":"https:\/\/new.thehealthyworker.co\/es\/paciente\/","name":"Formularios para pacientes | El trabajador sano | Yakima WA","isPartOf":{"@id":"https:\/\/new.thehealthyworker.co\/es\/#website"},"datePublished":"2021-12-17T10:53:50+00:00","dateModified":"2024-12-10T22:35:32+00:00","description":"Aqu\u00ed encontrar\u00e1s TODOS los formularios para pacientes. Tanto si eres un paciente nuevo que rellena el papeleo por primera vez como si vuelves con nuevos datos de contacto, aqu\u00ed encontrar\u00e1s los formularios adecuados.","breadcrumb":{"@id":"https:\/\/new.thehealthyworker.co\/es\/paciente\/#breadcrumb"},"inLanguage":"es","potentialAction":[{"@type":"ReadAction","target":["https:\/\/new.thehealthyworker.co\/es\/paciente\/"]}]},{"@type":"BreadcrumbList","@id":"https:\/\/new.thehealthyworker.co\/es\/paciente\/#breadcrumb","itemListElement":[{"@type":"ListItem","position":1,"name":"Home","item":"https:\/\/new.thehealthyworker.co\/es\/inicio\/"},{"@type":"ListItem","position":2,"name":"Paciente"}]},{"@type":"WebSite","@id":"https:\/\/new.thehealthyworker.co\/es\/#website","url":"https:\/\/new.thehealthyworker.co\/es\/","name":"WSI Action Hosting - new.thehealthyworker.co","description":"Google Web Host","potentialAction":[{"@type":"SearchAction","target":{"@type":"EntryPoint","urlTemplate":"https:\/\/new.thehealthyworker.co\/es\/?s={search_term_string}"},"query-input":{"@type":"PropertyValueSpecification","valueRequired":true,"valueName":"search_term_string"}}],"inLanguage":"es"}]}},"_links":{"self":[{"href":"https:\/\/new.thehealthyworker.co\/es\/wp-json\/wp\/v2\/pages\/1358","targetHints":{"allow":["GET"]}}],"collection":[{"href":"https:\/\/new.thehealthyworker.co\/es\/wp-json\/wp\/v2\/pages"}],"about":[{"href":"https:\/\/new.thehealthyworker.co\/es\/wp-json\/wp\/v2\/types\/page"}],"author":[{"embeddable":true,"href":"https:\/\/new.thehealthyworker.co\/es\/wp-json\/wp\/v2\/users\/1"}],"replies":[{"embeddable":true,"href":"https:\/\/new.thehealthyworker.co\/es\/wp-json\/wp\/v2\/comments?post=1358"}],"version-history":[{"count":3,"href":"https:\/\/new.thehealthyworker.co\/es\/wp-json\/wp\/v2\/pages\/1358\/revisions"}],"predecessor-version":[{"id":1442,"href":"https:\/\/new.thehealthyworker.co\/es\/wp-json\/wp\/v2\/pages\/1358\/revisions\/1442"}],"wp:attachment":[{"href":"https:\/\/new.thehealthyworker.co\/es\/wp-json\/wp\/v2\/media?parent=1358"}],"curies":[{"name":"wp","href":"https:\/\/api.w.org\/{rel}","templated":true}]}}