{"id":1354,"date":"2021-12-17T11:12:08","date_gmt":"2021-12-17T11:12:08","guid":{"rendered":"https:\/\/new.thehealthyworker.co\/servicios-dedicados\/"},"modified":"2024-12-06T20:23:01","modified_gmt":"2024-12-06T20:23:01","slug":"servicios-dedicados","status":"publish","type":"page","link":"https:\/\/new.thehealthyworker.co\/es\/servicios-dedicados\/","title":{"rendered":"Servicios dedicados"},"content":{"rendered":"<h2>\n<p class=\"p1\">Servicios que ofrece The Healthy Worker<\/p>\n<\/h2>\n<div>\n<p class=\"p1\">The Healthy Worker es una cl\u00ednica de medicina ocupacional y ambiental que brinda atenci\u00f3n integral para enfermedades, exposiciones y lesiones relacionadas con el trabajo. Cuando usted o uno de sus empleados sufre una lesi\u00f3n o enfermedad relacionada con el trabajo, es importante tomar las medidas adecuadas, comenzando por obtener la atenci\u00f3n m\u00e9dica adecuada. Muchos empleadores exigen que los trabajadores reciban atenci\u00f3n en una cl\u00ednica de medicina ocupacional para brindar orientaci\u00f3n adecuada sobre las restricciones laborales durante el per\u00edodo de recuperaci\u00f3n del trabajador. Por lo tanto, es importante comprender lo que hacemos.<\/p>\n<\/div>\n<h3>\n<p class=\"p1\">\u00bfPor qu\u00e9 deber\u00eda utilizar un centro de medicina del trabajo?<\/p>\n<\/h3>\n<div>\n<p>Cuando sufre una lesi\u00f3n o enfermedad relacionada con el trabajo, es importante recibir la atenci\u00f3n adecuada. Al mismo tiempo, su empresa puede querer asegurarse de que su atenci\u00f3n cumpla con las pol\u00edticas estatales, federales y propias. Las cl\u00ednicas de medicina ocupacional se especializan en gestionar la documentaci\u00f3n necesaria para documentar el incidente para fines legales y de seguros, as\u00ed como el plan de tratamiento en curso durante la recuperaci\u00f3n y el cierre de la reclamaci\u00f3n.<\/p>\n<p>Las cl\u00ednicas de medicina ocupacional se destacan en la presentaci\u00f3n de reclamaciones de compensaci\u00f3n laboral y en el manejo de otros ex\u00e1menes m\u00e9dicos espec\u00edficamente relacionados con el trabajo.<\/p>\n<\/div>\n<p>\n    <a href=\"https:\/\/new.thehealthyworker.co\/es\/contacta-con-nosotros\/\">Reservar cita<\/a>\n<\/p>\n<h3>\n<p class=\"p1\">Servicios de la Cl\u00ednica de Medicina del Trabajo<\/p>\n<\/h3>\n<div>\n<p>The Healthy Worker brinda servicios m\u00e9dicos a empleadores y trabajadores en todo el Valle de Yakima. Nuestro consultorio tiene dos ubicaciones, Yakima y Toppenish (solo pruebas de detecci\u00f3n de drogas). Puede enviar a sus trabajadores aqu\u00ed para ex\u00e1menes f\u00edsicos previos al empleo u otros ex\u00e1menes f\u00edsicos requeridos, evaluaciones respiratorias (autorizaci\u00f3n para el uso de mascarillas, ajuste, etc.), ex\u00e1menes DOT, pruebas de detecci\u00f3n de drogas, lesiones laborales y extracciones de sangre para la colinesterasa.<\/p>\n<p>Nuestros proveedores ofrecen servicios m\u00e9dicos a los empleados que se realizan las pruebas m\u00e9dicas requeridas, as\u00ed como a los empleadores que solicitan los ex\u00e1menes m\u00e9dicos.<\/p>\n<p>Nuestras \u00e1reas de servicio incluyen Yakima, Toppenish, Wapato, Zillah, Granger, Sunnyside, Prosser, Ellensburg, Grandview y el Valle Inferior de Yakima.<\/p>\n<p>The Healthy Worker brinda los siguientes servicios:<\/p>\n<ul class=\"ul1\">\n<li class=\"li2\"><span class=\"s1\"><\/span><a href=\"https:\/\/new.thehealthyworker.co\/es\/atencion-a-las-lesiones\/\"><span class=\"s2\">Atenci\u00f3n de lesiones<\/span><\/a><\/li>\n<li class=\"li2\"><span class=\"s1\"><\/span><a href=\"https:\/\/new.thehealthyworker.co\/es\/reconocimientos-medicos\/\"><span class=\"s2\">Ex\u00e1menes m\u00e9dicos<\/span><\/a><\/li>\n<li class=\"li2\"><span class=\"s1\"><\/span><a href=\"https:\/\/new.thehealthyworker.co\/es\/servicios-clinicos\/\"><span class=\"s2\">Servicios cl\u00ednicos<\/span><\/a><\/li>\n<li class=\"li3\"><span class=\"s1\"><\/span><a href=\"https:\/\/new.thehealthyworker.co\/es\/pruebas-de-drogas-y-alcohol\/\"><span class=\"s2\">Pruebas de drogas y alcohol<\/span><\/a><\/li>\n<\/ul>\n<\/div>\n<p>\n    <a href=\"https:\/\/new.thehealthyworker.co\/es\/contacta-con-nosotros\/\">Reservar cita<\/a>\n<\/p>\n<p><!--more--><br \/>\n<!-- {\"type\":\"layout\",\"children\":[{\"type\":\"section\",\"props\":{\"class\":\"ws-medical-banner\",\"image\":\"wp-content\\\/uploads\\\/2022\\\/04\\\/Dedicated-Services-Banner-01.png\",\"image_position\":\"center-center\",\"image_size\":\"cover\",\"media_overlay\":\"rgba(25, 25, 25, 0.5)\",\"padding\":\"large\",\"style\":\"default\",\"title_breakpoint\":\"xl\",\"title_position\":\"top-left\",\"title_rotation\":\"left\",\"vertical_align\":\"\",\"width\":\"large\"},\"children\":[{\"type\":\"row\",\"children\":[{\"type\":\"column\",\"props\":{\"image_position\":\"center-center\",\"position_sticky_breakpoint\":\"m\"},\"children\":[{\"type\":\"headline\",\"props\":{\"content\":\"\n\n<p class=\\\"p1\\\">Servicios que ofrece The Healthy Worker<\\\/p>\",\"text_align\":\"center\",\"title_element\":\"h2\"}}]}]}],\"modified\":\"2021-12-20T18:37:47.600Z\",\"name\":\"top-banner\"},{\"type\":\"section\",\"props\":{\"class\":\"ws-home-top-banner-button\",\"image_position\":\"center-center\",\"padding\":\"none\",\"status\":\"disabled\",\"style\":\"default\",\"title_breakpoint\":\"xl\",\"title_position\":\"top-left\",\"title_rotation\":\"left\",\"vertical_align\":\"\",\"width\":\"large\"},\"children\":[{\"type\":\"row\",\"children\":[{\"type\":\"column\",\"props\":{\"image_position\":\"center-center\",\"position_sticky_breakpoint\":\"m\"},\"children\":[{\"type\":\"button\",\"props\":{\"class\":\"ws-home-top-banner-button-item\",\"grid_column_gap\":\"small\",\"grid_row_gap\":\"small\",\"margin\":\"default\"},\"children\":[{\"type\":\"button_item\",\"props\":{\"button_style\":\"primary\",\"content\":\"Schedule Our Appointment\",\"icon_align\":\"left\",\"link\":\"#\",\"link_title\":\"Schedule Our Appointment\"}}]}]}]}],\"modified\":\"2021-12-28T13:05:18.819Z\",\"name\":\"banner-button\"},{\"type\":\"section\",\"props\":{\"image_position\":\"center-center\",\"style\":\"default\",\"title_breakpoint\":\"xl\",\"title_position\":\"top-left\",\"title_rotation\":\"left\",\"vertical_align\":\"\",\"width\":\"large\"},\"children\":[{\"type\":\"row\",\"props\":{\"layout\":\"1-2,1-2\"},\"children\":[{\"type\":\"column\",\"props\":{\"class\":\"ws-services-block-left\",\"image_position\":\"center-center\",\"position_sticky_breakpoint\":\"m\",\"width_medium\":\"1-2\"},\"children\":[{\"type\":\"text\",\"props\":{\"column_breakpoint\":\"m\",\"content\":\"\n\n<p class=\\\"p1\\\">The Healthy Worker es una cl\\u00ednica de medicina ocupacional y ambiental que brinda atenci\\u00f3n integral para enfermedades, exposiciones y lesiones relacionadas con el trabajo. Cuando usted o uno de sus empleados sufre una lesi\\u00f3n o enfermedad relacionada con el trabajo, es importante tomar las medidas adecuadas, comenzando por obtener la atenci\\u00f3n m\\u00e9dica adecuada. Muchos empleadores exigen que los trabajadores reciban atenci\\u00f3n en una cl\\u00ednica de medicina ocupacional para brindar orientaci\\u00f3n adecuada sobre las restricciones laborales durante el per\\u00edodo de recuperaci\\u00f3n del trabajador. Por lo tanto, es importante comprender lo que hacemos.<\\\/p>\",\"margin\":\"default\",\"text_color\":\"emphasis\"}},{\"type\":\"headline\",\"props\":{\"content\":\"\n\n<p class=\\\"p1\\\">\\u00bfPor qu\\u00e9 deber\\u00eda utilizar un centro de medicina del trabajo?<\\\/p>\",\"title_color\":\"muted\",\"title_element\":\"h3\",\"title_font_family\":\"secondary\"}},{\"type\":\"text\",\"props\":{\"column_breakpoint\":\"m\",\"content\":\"\n\n<p>Cuando sufre una lesi\\u00f3n o enfermedad relacionada con el trabajo, es importante recibir la atenci\\u00f3n adecuada. Al mismo tiempo, su empresa puede querer asegurarse de que su atenci\\u00f3n cumpla con las pol\\u00edticas estatales, federales y propias. Las cl\\u00ednicas de medicina ocupacional se especializan en gestionar la documentaci\\u00f3n necesaria para documentar el incidente para fines legales y de seguros, as\\u00ed como el plan de tratamiento en curso durante la recuperaci\\u00f3n y el cierre de la reclamaci\\u00f3n.<\\\/p>\\n\n\n<p>Las cl\\u00ednicas de medicina ocupacional se destacan en la presentaci\\u00f3n de reclamaciones de compensaci\\u00f3n laboral y en el manejo de otros ex\\u00e1menes m\\u00e9dicos espec\\u00edficamente relacionados con el trabajo.<\\\/p>\",\"margin\":\"default\",\"text_color\":\"emphasis\"}},{\"type\":\"button\",\"props\":{\"grid_column_gap\":\"small\",\"grid_row_gap\":\"small\",\"margin\":\"default\"},\"children\":[{\"type\":\"button_item\",\"props\":{\"button_style\":\"primary\",\"content\":\"Reservar cita\",\"icon_align\":\"left\",\"link\":\"https:\\\/\\\/new.thehealthyworker.co\\\/es\\\/contacta-con-nosotros\\\/\",\"link_title\":\"Book Appointment\"}}]}]},{\"type\":\"column\",\"props\":{\"class\":\"ws-services-block-right\",\"image_position\":\"center-center\",\"position_sticky_breakpoint\":\"m\",\"width_medium\":\"1-2\"},\"children\":[{\"type\":\"headline\",\"props\":{\"content\":\"\n\n<p class=\\\"p1\\\">Servicios de la Cl\\u00ednica de Medicina del Trabajo<\\\/p>\",\"title_color\":\"muted\",\"title_element\":\"h3\",\"title_font_family\":\"secondary\"}},{\"type\":\"text\",\"props\":{\"column_breakpoint\":\"m\",\"content\":\"\n\n<p>The Healthy Worker brinda servicios m\\u00e9dicos a empleadores y trabajadores en todo el Valle de Yakima. Nuestro consultorio tiene dos ubicaciones, Yakima y Toppenish (solo pruebas de detecci\\u00f3n de drogas). Puede enviar a sus trabajadores aqu\\u00ed para ex\\u00e1menes f\\u00edsicos previos al empleo u otros ex\\u00e1menes f\\u00edsicos requeridos, evaluaciones respiratorias (autorizaci\\u00f3n para el uso de mascarillas, ajuste, etc.), ex\\u00e1menes DOT, pruebas de detecci\\u00f3n de drogas, lesiones laborales y extracciones de sangre para la colinesterasa.<\\\/p>\\n\n\n<p>Nuestros proveedores ofrecen servicios m\\u00e9dicos a los empleados que se realizan las pruebas m\\u00e9dicas requeridas, as\\u00ed como a los empleadores que solicitan los ex\\u00e1menes m\\u00e9dicos.<\\\/p>\\n\n\n<p>Nuestras \\u00e1reas de servicio incluyen Yakima, Toppenish, Wapato, Zillah, Granger, Sunnyside, Prosser, Ellensburg, Grandview y el Valle Inferior de Yakima.<\\\/p>\\n\n\n<p>The Healthy Worker brinda los siguientes servicios:<\\\/p>\\n\n\n<ul class=\\\"ul1\\\">\\n\n\n<li class=\\\"li2\\\"><span class=\\\"s1\\\"><\\\/span><a href=\\\"https:\\\/\\\/new.thehealthyworker.co\\\/es\\\/atencion-a-las-lesiones\\\/\\\"><span class=\\\"s2\\\">Atenci\\u00f3n de lesiones<\\\/span><\\\/a><\\\/li>\\n\n\n<li class=\\\"li2\\\"><span class=\\\"s1\\\"><\\\/span><a href=\\\"https:\\\/\\\/new.thehealthyworker.co\\\/es\\\/reconocimientos-medicos\\\/\\\"><span class=\\\"s2\\\">Ex\\u00e1menes m\\u00e9dicos<\\\/span><\\\/a><\\\/li>\\n\n\n<li class=\\\"li2\\\"><span class=\\\"s1\\\"><\\\/span><a href=\\\"https:\\\/\\\/new.thehealthyworker.co\\\/es\\\/servicios-clinicos\\\/\\\"><span class=\\\"s2\\\">Servicios cl\\u00ednicos<\\\/span><\\\/a><\\\/li>\\n\n\n<li class=\\\"li3\\\"><span class=\\\"s1\\\"><\\\/span><a href=\\\"https:\\\/\\\/new.thehealthyworker.co\\\/es\\\/pruebas-de-drogas-y-alcohol\\\/\\\"><span class=\\\"s2\\\">Pruebas de drogas y alcohol<\\\/span><\\\/a><\\\/li>\\n<\\\/ul>\",\"margin\":\"default\",\"text_color\":\"emphasis\"}},{\"type\":\"button\",\"props\":{\"grid_column_gap\":\"small\",\"grid_row_gap\":\"small\",\"margin\":\"default\"},\"children\":[{\"type\":\"button_item\",\"props\":{\"button_style\":\"primary\",\"content\":\"Reservar cita\",\"icon_align\":\"left\",\"link\":\"https:\\\/\\\/new.thehealthyworker.co\\\/es\\\/contacta-con-nosotros\\\/\",\"link_title\":\"Book Appointment\"}}]}]}]}]}],\"version\":\"4.4.16\"} --><\/p>\n","protected":false},"excerpt":{"rendered":"<p>Servicios que ofrece The Healthy Worker The Healthy Worker es una cl\u00ednica de medicina ocupacional y ambiental que brinda atenci\u00f3n integral para enfermedades, exposiciones y lesiones relacionadas con el trabajo. Cuando usted o uno de sus empleados sufre una lesi\u00f3n o enfermedad relacionada con el trabajo, es importante tomar las medidas adecuadas, comenzando por obtener [&hellip;]<\/p>\n","protected":false},"author":1,"featured_media":0,"parent":0,"menu_order":0,"comment_status":"closed","ping_status":"closed","template":"","meta":{"footnotes":""},"class_list":["post-1354","page","type-page","status-publish","hentry"],"yoast_head":"<!-- This site is optimized with the Yoast SEO plugin v27.4 - https:\/\/yoast.com\/product\/yoast-seo-wordpress\/ -->\n<title>Servicios dedicados en The Healthy Worker | Yakima WA | 509-895-7340<\/title>\n<meta name=\"description\" content=\"El Trabajador Sano es una cl\u00ednica de medicina ocupacional y ambiental que ofrece atenci\u00f3n integral para enfermedades, exposiciones y lesiones relacionadas con el trabajo. Ponte en contacto hoy mismo para obtener m\u00e1s informaci\u00f3n.\" \/>\n<meta name=\"robots\" content=\"index, follow, max-snippet:-1, max-image-preview:large, max-video-preview:-1\" \/>\n<link rel=\"canonical\" href=\"https:\/\/new.thehealthyworker.co\/es\/servicios-dedicados\/\" \/>\n<meta property=\"og:locale\" content=\"es_ES\" \/>\n<meta property=\"og:type\" content=\"article\" \/>\n<meta property=\"og:title\" content=\"Servicios dedicados en The Healthy Worker | Yakima WA | 509-895-7340\" \/>\n<meta property=\"og:description\" content=\"El Trabajador Sano es una cl\u00ednica de medicina ocupacional y ambiental que ofrece atenci\u00f3n integral para enfermedades, exposiciones y lesiones relacionadas con el trabajo. Ponte en contacto hoy mismo para obtener m\u00e1s informaci\u00f3n.\" \/>\n<meta property=\"og:url\" content=\"https:\/\/new.thehealthyworker.co\/es\/servicios-dedicados\/\" \/>\n<meta property=\"og:site_name\" content=\"WSI Action Hosting - new.thehealthyworker.co\" \/>\n<meta property=\"article:modified_time\" content=\"2024-12-06T20:23:01+00:00\" \/>\n<meta name=\"twitter:card\" content=\"summary_large_image\" \/>\n<meta name=\"twitter:label1\" content=\"Tiempo de lectura\" \/>\n\t<meta name=\"twitter:data1\" content=\"2 minutos\" \/>\n<script type=\"application\/ld+json\" class=\"yoast-schema-graph\">{\"@context\":\"https:\\\/\\\/schema.org\",\"@graph\":[{\"@type\":\"WebPage\",\"@id\":\"https:\\\/\\\/new.thehealthyworker.co\\\/es\\\/servicios-dedicados\\\/\",\"url\":\"https:\\\/\\\/new.thehealthyworker.co\\\/es\\\/servicios-dedicados\\\/\",\"name\":\"Servicios dedicados en The Healthy Worker | Yakima WA | 509-895-7340\",\"isPartOf\":{\"@id\":\"https:\\\/\\\/new.thehealthyworker.co\\\/es\\\/#website\"},\"datePublished\":\"2021-12-17T11:12:08+00:00\",\"dateModified\":\"2024-12-06T20:23:01+00:00\",\"description\":\"El Trabajador Sano es una cl\u00ednica de medicina ocupacional y ambiental que ofrece atenci\u00f3n integral para enfermedades, exposiciones y lesiones relacionadas con el trabajo. Ponte en contacto hoy mismo para obtener m\u00e1s informaci\u00f3n.\",\"breadcrumb\":{\"@id\":\"https:\\\/\\\/new.thehealthyworker.co\\\/es\\\/servicios-dedicados\\\/#breadcrumb\"},\"inLanguage\":\"es\",\"potentialAction\":[{\"@type\":\"ReadAction\",\"target\":[\"https:\\\/\\\/new.thehealthyworker.co\\\/es\\\/servicios-dedicados\\\/\"]}]},{\"@type\":\"BreadcrumbList\",\"@id\":\"https:\\\/\\\/new.thehealthyworker.co\\\/es\\\/servicios-dedicados\\\/#breadcrumb\",\"itemListElement\":[{\"@type\":\"ListItem\",\"position\":1,\"name\":\"Home\",\"item\":\"https:\\\/\\\/new.thehealthyworker.co\\\/es\\\/inicio\\\/\"},{\"@type\":\"ListItem\",\"position\":2,\"name\":\"Servicios dedicados\"}]},{\"@type\":\"WebSite\",\"@id\":\"https:\\\/\\\/new.thehealthyworker.co\\\/es\\\/#website\",\"url\":\"https:\\\/\\\/new.thehealthyworker.co\\\/es\\\/\",\"name\":\"WSI Action Hosting - new.thehealthyworker.co\",\"description\":\"Google Web Host\",\"potentialAction\":[{\"@type\":\"SearchAction\",\"target\":{\"@type\":\"EntryPoint\",\"urlTemplate\":\"https:\\\/\\\/new.thehealthyworker.co\\\/es\\\/?s={search_term_string}\"},\"query-input\":{\"@type\":\"PropertyValueSpecification\",\"valueRequired\":true,\"valueName\":\"search_term_string\"}}],\"inLanguage\":\"es\"}]}<\/script>\n<!-- \/ Yoast SEO plugin. -->","yoast_head_json":{"title":"Servicios dedicados en The Healthy Worker | Yakima WA | 509-895-7340","description":"El Trabajador Sano es una cl\u00ednica de medicina ocupacional y ambiental que ofrece atenci\u00f3n integral para enfermedades, exposiciones y lesiones relacionadas con el trabajo. Ponte en contacto hoy mismo para obtener m\u00e1s informaci\u00f3n.","robots":{"index":"index","follow":"follow","max-snippet":"max-snippet:-1","max-image-preview":"max-image-preview:large","max-video-preview":"max-video-preview:-1"},"canonical":"https:\/\/new.thehealthyworker.co\/es\/servicios-dedicados\/","og_locale":"es_ES","og_type":"article","og_title":"Servicios dedicados en The Healthy Worker | Yakima WA | 509-895-7340","og_description":"El Trabajador Sano es una cl\u00ednica de medicina ocupacional y ambiental que ofrece atenci\u00f3n integral para enfermedades, exposiciones y lesiones relacionadas con el trabajo. Ponte en contacto hoy mismo para obtener m\u00e1s informaci\u00f3n.","og_url":"https:\/\/new.thehealthyworker.co\/es\/servicios-dedicados\/","og_site_name":"WSI Action Hosting - new.thehealthyworker.co","article_modified_time":"2024-12-06T20:23:01+00:00","twitter_card":"summary_large_image","twitter_misc":{"Tiempo de lectura":"2 minutos"},"schema":{"@context":"https:\/\/schema.org","@graph":[{"@type":"WebPage","@id":"https:\/\/new.thehealthyworker.co\/es\/servicios-dedicados\/","url":"https:\/\/new.thehealthyworker.co\/es\/servicios-dedicados\/","name":"Servicios dedicados en The Healthy Worker | Yakima WA | 509-895-7340","isPartOf":{"@id":"https:\/\/new.thehealthyworker.co\/es\/#website"},"datePublished":"2021-12-17T11:12:08+00:00","dateModified":"2024-12-06T20:23:01+00:00","description":"El Trabajador Sano es una cl\u00ednica de medicina ocupacional y ambiental que ofrece atenci\u00f3n integral para enfermedades, exposiciones y lesiones relacionadas con el trabajo. Ponte en contacto hoy mismo para obtener m\u00e1s informaci\u00f3n.","breadcrumb":{"@id":"https:\/\/new.thehealthyworker.co\/es\/servicios-dedicados\/#breadcrumb"},"inLanguage":"es","potentialAction":[{"@type":"ReadAction","target":["https:\/\/new.thehealthyworker.co\/es\/servicios-dedicados\/"]}]},{"@type":"BreadcrumbList","@id":"https:\/\/new.thehealthyworker.co\/es\/servicios-dedicados\/#breadcrumb","itemListElement":[{"@type":"ListItem","position":1,"name":"Home","item":"https:\/\/new.thehealthyworker.co\/es\/inicio\/"},{"@type":"ListItem","position":2,"name":"Servicios dedicados"}]},{"@type":"WebSite","@id":"https:\/\/new.thehealthyworker.co\/es\/#website","url":"https:\/\/new.thehealthyworker.co\/es\/","name":"WSI Action Hosting - new.thehealthyworker.co","description":"Google Web Host","potentialAction":[{"@type":"SearchAction","target":{"@type":"EntryPoint","urlTemplate":"https:\/\/new.thehealthyworker.co\/es\/?s={search_term_string}"},"query-input":{"@type":"PropertyValueSpecification","valueRequired":true,"valueName":"search_term_string"}}],"inLanguage":"es"}]}},"_links":{"self":[{"href":"https:\/\/new.thehealthyworker.co\/es\/wp-json\/wp\/v2\/pages\/1354","targetHints":{"allow":["GET"]}}],"collection":[{"href":"https:\/\/new.thehealthyworker.co\/es\/wp-json\/wp\/v2\/pages"}],"about":[{"href":"https:\/\/new.thehealthyworker.co\/es\/wp-json\/wp\/v2\/types\/page"}],"author":[{"embeddable":true,"href":"https:\/\/new.thehealthyworker.co\/es\/wp-json\/wp\/v2\/users\/1"}],"replies":[{"embeddable":true,"href":"https:\/\/new.thehealthyworker.co\/es\/wp-json\/wp\/v2\/comments?post=1354"}],"version-history":[{"count":1,"href":"https:\/\/new.thehealthyworker.co\/es\/wp-json\/wp\/v2\/pages\/1354\/revisions"}],"predecessor-version":[{"id":1415,"href":"https:\/\/new.thehealthyworker.co\/es\/wp-json\/wp\/v2\/pages\/1354\/revisions\/1415"}],"wp:attachment":[{"href":"https:\/\/new.thehealthyworker.co\/es\/wp-json\/wp\/v2\/media?parent=1354"}],"curies":[{"name":"wp","href":"https:\/\/api.w.org\/{rel}","templated":true}]}}