{"id":1353,"date":"2022-01-26T20:47:55","date_gmt":"2022-01-26T20:47:55","guid":{"rendered":"https:\/\/new.thehealthyworker.co\/atencion-a-las-lesiones\/"},"modified":"2024-12-06T20:25:08","modified_gmt":"2024-12-06T20:25:08","slug":"atencion-a-las-lesiones","status":"publish","type":"page","link":"https:\/\/new.thehealthyworker.co\/es\/atencion-a-las-lesiones\/","title":{"rendered":"Atenci\u00f3n a las lesiones"},"content":{"rendered":"<h2>\n<p class=\"p1\">Cuidado de lesiones<\/p>\n<\/h2>\n<div>\n<p class=\"p1\">Si sufre una lesi\u00f3n o enfermedad relacionada con el trabajo, recibir\u00e1 una atenci\u00f3n excelente en The Healthy Worker. Ya sea que venga a nosotros por su cuenta, sea derivado por su empleador o desde una sala de emergencias\/centro de atenci\u00f3n de urgencias, recibir\u00e1 la mejor atenci\u00f3n posible. Desde accidentes por resbalones y ca\u00eddas hasta quemaduras y laceraciones, nuestros proveedores lo ayudar\u00e1n a recuperarse. Si ha estado en la sala de emergencias y ya present\u00f3 una reclamaci\u00f3n, pero necesita atenci\u00f3n de seguimiento continua, estaremos encantados de ayudarlo durante todo el proceso de curaci\u00f3n asumiendo la gesti\u00f3n m\u00e9dica de su reclamaci\u00f3n.<\/p>\n<\/div>\n<p>\n    <a href=\"https:\/\/new.thehealthyworker.co\/es\/contacta-con-nosotros\/\">Reservar cita<\/a>\n<\/p>\n<h3>Nos especializamos en problemas de salud relacionados con el trabajo<\/h3>\n<div>\n<p>\u00bfNecesita ayuda con el proceso de <a href=\"https:\/\/lni.wa.gov\/claims\/\">reclamos de Washington Labor and Industry<\/a>? Ayudamos a los empleadores y empleados a comprender c\u00f3mo y cu\u00e1ndo presentar un reclamo de L&amp;I en el estado de Washington, as\u00ed como a realizar un seguimiento de \u00e9l.<\/p>\n<p>Como proveedores de salud ocupacional, nos especializamos en problemas de salud relacionados con el trabajo. Esto significa que brindamos servicios a los empleados durante su recuperaci\u00f3n y a los empleadores que necesitan realizar un seguimiento de los accidentes y otros incidentes que resultan en lesiones o enfermedades.<\/p>\n<p>Comun\u00edquese con nosotros hoy para obtener informaci\u00f3n sobre nuestra atenci\u00f3n de lesiones y servicios relacionados, incluidos los siguientes:<\/p>\n<ul class=\"ul1\">\n<li class=\"li2\"><span class=\"s2\"><\/span>Tratamiento para todas las lesiones y enfermedades relacionadas con el trabajo<\/li>\n<li class=\"li2\"><span class=\"s2\"><\/span>Programas de compensaci\u00f3n para trabajadores Apertura de reclamos y documentaci\u00f3n de tratamiento continuo<\/li>\n<li class=\"li2\"><span class=\"s2\"><\/span>Atenci\u00f3n sin cita previa para lesiones y enfermedades relacionadas con el trabajo, as\u00ed como atenci\u00f3n de seguimiento en la sala de emergencias<\/li>\n<\/ul>\n<\/div>\n<p>\n    <a href=\"https:\/\/new.thehealthyworker.co\/es\/contacta-con-nosotros\/\">Reservar cita<\/a>\n<\/p>\n<p><!--more--><br \/>\n<!-- {\"name\":\"Dedicated Services\",\"type\":\"layout\",\"children\":[{\"type\":\"section\",\"props\":{\"class\":\"ws-medical-banner\",\"image\":\"wp-content\\\/uploads\\\/2022\\\/04\\\/InjuryCare-Banner-01.png\",\"image_position\":\"center-center\",\"image_size\":\"cover\",\"media_overlay\":\"rgba(25, 25, 25, 0.5)\",\"padding\":\"large\",\"style\":\"default\",\"title_breakpoint\":\"xl\",\"title_position\":\"top-left\",\"title_rotation\":\"left\",\"vertical_align\":\"\",\"width\":\"large\"},\"children\":[{\"type\":\"row\",\"children\":[{\"type\":\"column\",\"props\":{\"image_position\":\"center-center\",\"position_sticky_breakpoint\":\"m\"},\"children\":[{\"type\":\"headline\",\"props\":{\"content\":\"\n\n<p class=\\\"p1\\\">Cuidado de lesiones<\\\/p>\",\"text_align\":\"center\",\"title_element\":\"h2\"}}]}]}],\"modified\":\"2021-12-20T18:37:47.600Z\",\"name\":\"top-banner\"},{\"type\":\"section\",\"props\":{\"class\":\"ws-home-top-banner-button\",\"image_position\":\"center-center\",\"padding\":\"none\",\"status\":\"disabled\",\"style\":\"default\",\"title_breakpoint\":\"xl\",\"title_position\":\"top-left\",\"title_rotation\":\"left\",\"vertical_align\":\"\",\"width\":\"large\"},\"children\":[{\"type\":\"row\",\"children\":[{\"type\":\"column\",\"props\":{\"image_position\":\"center-center\",\"position_sticky_breakpoint\":\"m\"},\"children\":[{\"type\":\"button\",\"props\":{\"class\":\"ws-home-top-banner-button-item\",\"grid_column_gap\":\"small\",\"grid_row_gap\":\"small\",\"margin\":\"default\"},\"children\":[{\"type\":\"button_item\",\"props\":{\"button_style\":\"primary\",\"content\":\"Schedule Our Appointment\",\"icon_align\":\"left\",\"link\":\"#\",\"link_title\":\"Schedule Our Appointment\"}}]}]}]}],\"modified\":\"2021-12-28T13:05:18.819Z\",\"name\":\"banner-button\"},{\"type\":\"section\",\"props\":{\"image_position\":\"center-center\",\"style\":\"default\",\"title_breakpoint\":\"xl\",\"title_position\":\"top-left\",\"title_rotation\":\"left\",\"vertical_align\":\"\",\"width\":\"large\"},\"children\":[{\"type\":\"row\",\"props\":{\"layout\":\"1-2,1-2\"},\"children\":[{\"type\":\"column\",\"props\":{\"class\":\"ws-services-block-left\",\"image_position\":\"center-center\",\"position_sticky_breakpoint\":\"m\",\"width_medium\":\"1-2\"},\"children\":[{\"type\":\"text\",\"props\":{\"column_breakpoint\":\"m\",\"content\":\"\n\n<p class=\\\"p1\\\">Si sufre una lesi\\u00f3n o enfermedad relacionada con el trabajo, recibir\\u00e1 una atenci\\u00f3n excelente en The Healthy Worker. Ya sea que venga a nosotros por su cuenta, sea derivado por su empleador o desde una sala de emergencias\\\/centro de atenci\\u00f3n de urgencias, recibir\\u00e1 la mejor atenci\\u00f3n posible. Desde accidentes por resbalones y ca\\u00eddas hasta quemaduras y laceraciones, nuestros proveedores lo ayudar\\u00e1n a recuperarse. Si ha estado en la sala de emergencias y ya present\\u00f3 una reclamaci\\u00f3n, pero necesita atenci\\u00f3n de seguimiento continua, estaremos encantados de ayudarlo durante todo el proceso de curaci\\u00f3n asumiendo la gesti\\u00f3n m\\u00e9dica de su reclamaci\\u00f3n.<\\\/p>\",\"margin\":\"default\",\"text_color\":\"emphasis\"}},{\"type\":\"button\",\"props\":{\"grid_column_gap\":\"small\",\"grid_row_gap\":\"small\",\"margin\":\"default\"},\"children\":[{\"type\":\"button_item\",\"props\":{\"button_style\":\"primary\",\"content\":\"Reservar cita\",\"icon_align\":\"left\",\"link\":\"https:\\\/\\\/new.thehealthyworker.co\\\/es\\\/contacta-con-nosotros\\\/\",\"link_title\":\"Book Appointment\"}}]}]},{\"type\":\"column\",\"props\":{\"class\":\"ws-services-block-right\",\"image_position\":\"center-center\",\"position_sticky_breakpoint\":\"m\",\"width_medium\":\"1-2\"},\"children\":[{\"type\":\"headline\",\"props\":{\"content\":\"Nos especializamos en problemas de salud relacionados con el trabajo\",\"title_color\":\"muted\",\"title_element\":\"h3\",\"title_font_family\":\"secondary\"}},{\"type\":\"text\",\"props\":{\"column_breakpoint\":\"m\",\"content\":\"\n\n<p>\\u00bfNecesita ayuda con el proceso de <a href=\\\"https:\\\/\\\/lni.wa.gov\\\/claims\\\/\\\">reclamos de Washington Labor and Industry<\\\/a>? Ayudamos a los empleadores y empleados a comprender c\\u00f3mo y cu\\u00e1ndo presentar un reclamo de L&amp;I en el estado de Washington, as\\u00ed como a realizar un seguimiento de \\u00e9l.<\\\/p>\\n\n\n<p>Como proveedores de salud ocupacional, nos especializamos en problemas de salud relacionados con el trabajo. Esto significa que brindamos servicios a los empleados durante su recuperaci\\u00f3n y a los empleadores que necesitan realizar un seguimiento de los accidentes y otros incidentes que resultan en lesiones o enfermedades.<\\\/p>\\n\n\n<p>Comun\\u00edquese con nosotros hoy para obtener informaci\\u00f3n sobre nuestra atenci\\u00f3n de lesiones y servicios relacionados, incluidos los siguientes:<\\\/p>\\n\n\n<ul class=\\\"ul1\\\">\\n\n\n<li class=\\\"li2\\\"><span class=\\\"s2\\\"><\\\/span>Tratamiento para todas las lesiones y enfermedades relacionadas con el trabajo<\\\/li>\\n\n\n<li class=\\\"li2\\\"><span class=\\\"s2\\\"><\\\/span>Programas de compensaci\\u00f3n para trabajadores Apertura de reclamos y documentaci\\u00f3n de tratamiento continuo<\\\/li>\\n\n\n<li class=\\\"li2\\\"><span class=\\\"s2\\\"><\\\/span>Atenci\\u00f3n sin cita previa para lesiones y enfermedades relacionadas con el trabajo, as\\u00ed como atenci\\u00f3n de seguimiento en la sala de emergencias<\\\/li>\\n<\\\/ul>\",\"margin\":\"default\",\"text_color\":\"emphasis\"}},{\"type\":\"button\",\"props\":{\"grid_column_gap\":\"small\",\"grid_row_gap\":\"small\",\"margin\":\"default\"},\"children\":[{\"type\":\"button_item\",\"props\":{\"button_style\":\"primary\",\"content\":\"Reservar cita\",\"icon_align\":\"left\",\"link\":\"https:\\\/\\\/new.thehealthyworker.co\\\/es\\\/contacta-con-nosotros\\\/\",\"link_title\":\"Book Appointment\"}}]}]}]}]}],\"version\":\"4.4.16\"} --><\/p>\n","protected":false},"excerpt":{"rendered":"<p>Cuidado de lesiones Si sufre una lesi\u00f3n o enfermedad relacionada con el trabajo, recibir\u00e1 una atenci\u00f3n excelente en The Healthy Worker. Ya sea que venga a nosotros por su cuenta, sea derivado por su empleador o desde una sala de emergencias\/centro de atenci\u00f3n de urgencias, recibir\u00e1 la mejor atenci\u00f3n posible. Desde accidentes por resbalones y [&hellip;]<\/p>\n","protected":false},"author":2,"featured_media":0,"parent":0,"menu_order":0,"comment_status":"closed","ping_status":"closed","template":"","meta":{"footnotes":""},"class_list":["post-1353","page","type-page","status-publish","hentry"],"yoast_head":"<!-- This site is optimized with the Yoast SEO plugin v27.4 - https:\/\/yoast.com\/product\/yoast-seo-wordpress\/ -->\n<title>Cuidado de lesiones | El trabajador sano | 509-895-7340<\/title>\n<meta name=\"description\" content=\"Si sufres una lesi\u00f3n o enfermedad relacionada con el trabajo, recibir\u00e1s una atenci\u00f3n excelente en El Trabajador Sano. Tanto si acudes a nosotros por tu cuenta, como si te remite tu empresa o un centro de urgencias, recibir\u00e1s la mejor atenci\u00f3n posible.\" \/>\n<meta name=\"robots\" content=\"index, follow, max-snippet:-1, max-image-preview:large, max-video-preview:-1\" \/>\n<link rel=\"canonical\" href=\"https:\/\/new.thehealthyworker.co\/es\/atencion-a-las-lesiones\/\" \/>\n<meta property=\"og:locale\" content=\"es_ES\" \/>\n<meta property=\"og:type\" content=\"article\" \/>\n<meta property=\"og:title\" content=\"Cuidado de lesiones | El trabajador sano | 509-895-7340\" \/>\n<meta property=\"og:description\" content=\"Si sufres una lesi\u00f3n o enfermedad relacionada con el trabajo, recibir\u00e1s una atenci\u00f3n excelente en El Trabajador Sano. Tanto si acudes a nosotros por tu cuenta, como si te remite tu empresa o un centro de urgencias, recibir\u00e1s la mejor atenci\u00f3n posible.\" \/>\n<meta property=\"og:url\" content=\"https:\/\/new.thehealthyworker.co\/es\/atencion-a-las-lesiones\/\" \/>\n<meta property=\"og:site_name\" content=\"WSI Action Hosting - new.thehealthyworker.co\" \/>\n<meta property=\"article:modified_time\" content=\"2024-12-06T20:25:08+00:00\" \/>\n<meta name=\"twitter:card\" content=\"summary_large_image\" \/>\n<meta name=\"twitter:label1\" content=\"Tiempo de lectura\" \/>\n\t<meta name=\"twitter:data1\" content=\"1 minuto\" \/>\n<script type=\"application\/ld+json\" class=\"yoast-schema-graph\">{\"@context\":\"https:\\\/\\\/schema.org\",\"@graph\":[{\"@type\":\"WebPage\",\"@id\":\"https:\\\/\\\/new.thehealthyworker.co\\\/es\\\/atencion-a-las-lesiones\\\/\",\"url\":\"https:\\\/\\\/new.thehealthyworker.co\\\/es\\\/atencion-a-las-lesiones\\\/\",\"name\":\"Cuidado de lesiones | El trabajador sano | 509-895-7340\",\"isPartOf\":{\"@id\":\"https:\\\/\\\/new.thehealthyworker.co\\\/es\\\/#website\"},\"datePublished\":\"2022-01-26T20:47:55+00:00\",\"dateModified\":\"2024-12-06T20:25:08+00:00\",\"description\":\"Si sufres una lesi\u00f3n o enfermedad relacionada con el trabajo, recibir\u00e1s una atenci\u00f3n excelente en El Trabajador Sano. Tanto si acudes a nosotros por tu cuenta, como si te remite tu empresa o un centro de urgencias, recibir\u00e1s la mejor atenci\u00f3n posible.\",\"breadcrumb\":{\"@id\":\"https:\\\/\\\/new.thehealthyworker.co\\\/es\\\/atencion-a-las-lesiones\\\/#breadcrumb\"},\"inLanguage\":\"es\",\"potentialAction\":[{\"@type\":\"ReadAction\",\"target\":[\"https:\\\/\\\/new.thehealthyworker.co\\\/es\\\/atencion-a-las-lesiones\\\/\"]}]},{\"@type\":\"BreadcrumbList\",\"@id\":\"https:\\\/\\\/new.thehealthyworker.co\\\/es\\\/atencion-a-las-lesiones\\\/#breadcrumb\",\"itemListElement\":[{\"@type\":\"ListItem\",\"position\":1,\"name\":\"Home\",\"item\":\"https:\\\/\\\/new.thehealthyworker.co\\\/es\\\/inicio\\\/\"},{\"@type\":\"ListItem\",\"position\":2,\"name\":\"Atenci\u00f3n a las lesiones\"}]},{\"@type\":\"WebSite\",\"@id\":\"https:\\\/\\\/new.thehealthyworker.co\\\/es\\\/#website\",\"url\":\"https:\\\/\\\/new.thehealthyworker.co\\\/es\\\/\",\"name\":\"WSI Action Hosting - new.thehealthyworker.co\",\"description\":\"Google Web Host\",\"potentialAction\":[{\"@type\":\"SearchAction\",\"target\":{\"@type\":\"EntryPoint\",\"urlTemplate\":\"https:\\\/\\\/new.thehealthyworker.co\\\/es\\\/?s={search_term_string}\"},\"query-input\":{\"@type\":\"PropertyValueSpecification\",\"valueRequired\":true,\"valueName\":\"search_term_string\"}}],\"inLanguage\":\"es\"}]}<\/script>\n<!-- \/ Yoast SEO plugin. -->","yoast_head_json":{"title":"Cuidado de lesiones | El trabajador sano | 509-895-7340","description":"Si sufres una lesi\u00f3n o enfermedad relacionada con el trabajo, recibir\u00e1s una atenci\u00f3n excelente en El Trabajador Sano. Tanto si acudes a nosotros por tu cuenta, como si te remite tu empresa o un centro de urgencias, recibir\u00e1s la mejor atenci\u00f3n posible.","robots":{"index":"index","follow":"follow","max-snippet":"max-snippet:-1","max-image-preview":"max-image-preview:large","max-video-preview":"max-video-preview:-1"},"canonical":"https:\/\/new.thehealthyworker.co\/es\/atencion-a-las-lesiones\/","og_locale":"es_ES","og_type":"article","og_title":"Cuidado de lesiones | El trabajador sano | 509-895-7340","og_description":"Si sufres una lesi\u00f3n o enfermedad relacionada con el trabajo, recibir\u00e1s una atenci\u00f3n excelente en El Trabajador Sano. Tanto si acudes a nosotros por tu cuenta, como si te remite tu empresa o un centro de urgencias, recibir\u00e1s la mejor atenci\u00f3n posible.","og_url":"https:\/\/new.thehealthyworker.co\/es\/atencion-a-las-lesiones\/","og_site_name":"WSI Action Hosting - new.thehealthyworker.co","article_modified_time":"2024-12-06T20:25:08+00:00","twitter_card":"summary_large_image","twitter_misc":{"Tiempo de lectura":"1 minuto"},"schema":{"@context":"https:\/\/schema.org","@graph":[{"@type":"WebPage","@id":"https:\/\/new.thehealthyworker.co\/es\/atencion-a-las-lesiones\/","url":"https:\/\/new.thehealthyworker.co\/es\/atencion-a-las-lesiones\/","name":"Cuidado de lesiones | El trabajador sano | 509-895-7340","isPartOf":{"@id":"https:\/\/new.thehealthyworker.co\/es\/#website"},"datePublished":"2022-01-26T20:47:55+00:00","dateModified":"2024-12-06T20:25:08+00:00","description":"Si sufres una lesi\u00f3n o enfermedad relacionada con el trabajo, recibir\u00e1s una atenci\u00f3n excelente en El Trabajador Sano. Tanto si acudes a nosotros por tu cuenta, como si te remite tu empresa o un centro de urgencias, recibir\u00e1s la mejor atenci\u00f3n posible.","breadcrumb":{"@id":"https:\/\/new.thehealthyworker.co\/es\/atencion-a-las-lesiones\/#breadcrumb"},"inLanguage":"es","potentialAction":[{"@type":"ReadAction","target":["https:\/\/new.thehealthyworker.co\/es\/atencion-a-las-lesiones\/"]}]},{"@type":"BreadcrumbList","@id":"https:\/\/new.thehealthyworker.co\/es\/atencion-a-las-lesiones\/#breadcrumb","itemListElement":[{"@type":"ListItem","position":1,"name":"Home","item":"https:\/\/new.thehealthyworker.co\/es\/inicio\/"},{"@type":"ListItem","position":2,"name":"Atenci\u00f3n a las lesiones"}]},{"@type":"WebSite","@id":"https:\/\/new.thehealthyworker.co\/es\/#website","url":"https:\/\/new.thehealthyworker.co\/es\/","name":"WSI Action Hosting - new.thehealthyworker.co","description":"Google Web Host","potentialAction":[{"@type":"SearchAction","target":{"@type":"EntryPoint","urlTemplate":"https:\/\/new.thehealthyworker.co\/es\/?s={search_term_string}"},"query-input":{"@type":"PropertyValueSpecification","valueRequired":true,"valueName":"search_term_string"}}],"inLanguage":"es"}]}},"_links":{"self":[{"href":"https:\/\/new.thehealthyworker.co\/es\/wp-json\/wp\/v2\/pages\/1353","targetHints":{"allow":["GET"]}}],"collection":[{"href":"https:\/\/new.thehealthyworker.co\/es\/wp-json\/wp\/v2\/pages"}],"about":[{"href":"https:\/\/new.thehealthyworker.co\/es\/wp-json\/wp\/v2\/types\/page"}],"author":[{"embeddable":true,"href":"https:\/\/new.thehealthyworker.co\/es\/wp-json\/wp\/v2\/users\/2"}],"replies":[{"embeddable":true,"href":"https:\/\/new.thehealthyworker.co\/es\/wp-json\/wp\/v2\/comments?post=1353"}],"version-history":[{"count":4,"href":"https:\/\/new.thehealthyworker.co\/es\/wp-json\/wp\/v2\/pages\/1353\/revisions"}],"predecessor-version":[{"id":1416,"href":"https:\/\/new.thehealthyworker.co\/es\/wp-json\/wp\/v2\/pages\/1353\/revisions\/1416"}],"wp:attachment":[{"href":"https:\/\/new.thehealthyworker.co\/es\/wp-json\/wp\/v2\/media?parent=1353"}],"curies":[{"name":"wp","href":"https:\/\/api.w.org\/{rel}","templated":true}]}}